{"id":1001,"date":"2018-05-02T12:57:45","date_gmt":"2018-05-02T10:57:45","guid":{"rendered":"http:\/\/www.miedziana.pl\/?page_id=1001"},"modified":"2018-05-06T00:24:47","modified_gmt":"2018-05-05T22:24:47","slug":"statki-pelne-miedzi","status":"publish","type":"page","link":"https:\/\/www.miedziana.pl\/index.php\/statki-pelne-miedzi\/","title":{"rendered":"Statki pe\u0142ne miedzi"},"content":{"rendered":"<p><strong>Czy doniesienia z 1511 r. o statkach pe\u0142nych miedzi wydobytej w podkieleckich kopalniach jest prawdziwa?<\/strong><\/p>\n<p style=\"text-align: justify;\">Tomasz \u015awi\u0119cki charakteryzuj\u0105c Kielce w \u201eOpisie staro\u017cytnej Polski\u201d<a href=\"#_ftn1\" name=\"_ftnref1\">[1]<\/a> napisa\u0142:\u00a0 <i>W 1511 Fugarowie s\u0142awni z Niemiec kupcy, zakupili w Krakowa okolicach z kopalni tamtejszych wiele miedzi i do Gda\u0144ska Wis\u0142\u0105 spawili, t\u0119 Hollendrzy na sze\u015b\u0107dziesi\u0105t o\u015bm swych okr\u0119t\u00f3w w\u0142adowali, na kt\u00f3rych ma\u0142o co innych wi\u0119cey by\u0142o towar\u00f3w, \u015bwiadczy ten\u017ce Deciusz, okr\u0119ty te stan\u0119\u0142y przy p\u00f3\u0142wyspie Heli &#8230;<\/i><\/p>\n<p style=\"text-align: justify;\">J\u0119drzej S\u0142owaczy\u0144ski opisuj\u0105c Kielce w \u201eDykcjonarzu&#8230;\u201d<a href=\"#_ftn2\" name=\"_ftnref2\">[2]<\/a>\u00a0 powt\u00f3rzy\u0142 z du\u017cym uproszczeniem tre\u015b\u0107 tej informacji: <i>W 1511 r. Holendrzy na\u0142adowali 70 statk\u00f3w miedzi\u0105 w tych stronach nabyt\u0105.<\/i><\/p>\n<p style=\"text-align: justify;\">Hieronim \u0141ab\u0119cki<a href=\"#_ftn3\" name=\"_ftnref3\">[3]<\/a> odni\u00f3s\u0142 si\u0119 do informacji podanej przez \u015awi\u0119ckiego, \u017ce kupcy krakowcy otrzymali przywilej od W\u0142adys\u0142awa \u0141okietka, 1306 r., aby\u00a0 .<i>..kupcy z W\u0119gier, S\u0105cza, lub innego Kr\u00f3lestwa tylko mieszczanom krakowskim przedawali i tym nie wolno wyjecha\u0107 z Krakowa, dop\u00f3ki towaru nie sprzedadz\u0105; nadto z miedzi\u0105 niewolno innym obcym kupcom pomija\u0107 Krakowa dla jechania z ni\u0105 do Torunia. Przywilej ten okazany Sejmowi r. 1565 otrzyma\u0142 jego zatwierdzenie.<\/i><\/p>\n<p style=\"text-align: justify;\">Je\u017celi mied\u017a pochodzi\u0142a z okolic Kielc, to jedynie z kopalni w Miedziance k. Ch\u0119cin. Z\u0142o\u017ce miedzianog\u00f3rskie odkryto dopiero pod koniec XVI w. Wype\u0142nienie a\u017c 70 statk\u00f3w tylko nasz\u0105 lokaln\u0105 produkcj\u0105 nie by\u0142oby jednak mo\u017cliwe.<\/p>\n<p>&nbsp;<\/p>\n<p><a href=\"#_ftnref1\" name=\"_ftn1\">[1]<\/a> Opis staro\u017cytney Polski przez Tomasza \u015awi\u0119ckiego Mecenasa przy Najwy\u017cszym S\u0105dzie Kr\u00f3lestwa Polskiego Podlasianina, t. 1. s. 192-193, Warszawa 1816 r.<\/p>\n<p><a href=\"#_ftnref2\" name=\"_ftn2\">[2]<\/a> Polska w kszta\u0142cie dykcjonarza historyczno-statystyczno-jeograficznego przez J\u0119drzeja S\u0142owaczy\u0144skiego, Pary\u017c, 1833-1838, , s. 168\u201d<\/p>\n<p><a href=\"#_ftnref3\" name=\"_ftn3\">[3]<\/a> \u0141ab\u0119dzki H. 1841, G\u00f3rnictwo w Polsce, t. 1, s. 302. Druk J.J. Kaczanowskiego, Warszawa.<\/p>\n<p>&nbsp;<\/p>\n","protected":false},"excerpt":{"rendered":"<p>Czy doniesienia z 1511 r. o statkach pe\u0142nych miedzi wydobytej w podkieleckich kopalniach jest prawdziwa? Tomasz \u015awi\u0119cki charakteryzuj\u0105c Kielce w \u201eOpisie staro\u017cytnej Polski\u201d[1] napisa\u0142:\u00a0 W 1511 Fugarowie s\u0142awni z Niemiec kupcy, zakupili w Krakowa okolicach z kopalni tamtejszych wiele miedzi i do Gda\u0144ska Wis\u0142\u0105 spawili, t\u0119 Hollendrzy na sze\u015b\u0107dziesi\u0105t o\u015bm swych okr\u0119t\u00f3w w\u0142adowali, na kt\u00f3rych [&hellip;]<\/p>\n","protected":false},"author":1,"featured_media":0,"parent":0,"menu_order":0,"comment_status":"closed","ping_status":"closed","template":"","meta":{"footnotes":""},"class_list":["post-1001","page","type-page","status-publish","hentry"],"_links":{"self":[{"href":"https:\/\/www.miedziana.pl\/index.php\/wp-json\/wp\/v2\/pages\/1001","targetHints":{"allow":["GET"]}}],"collection":[{"href":"https:\/\/www.miedziana.pl\/index.php\/wp-json\/wp\/v2\/pages"}],"about":[{"href":"https:\/\/www.miedziana.pl\/index.php\/wp-json\/wp\/v2\/types\/page"}],"author":[{"embeddable":true,"href":"https:\/\/www.miedziana.pl\/index.php\/wp-json\/wp\/v2\/users\/1"}],"replies":[{"embeddable":true,"href":"https:\/\/www.miedziana.pl\/index.php\/wp-json\/wp\/v2\/comments?post=1001"}],"version-history":[{"count":14,"href":"https:\/\/www.miedziana.pl\/index.php\/wp-json\/wp\/v2\/pages\/1001\/revisions"}],"predecessor-version":[{"id":1017,"href":"https:\/\/www.miedziana.pl\/index.php\/wp-json\/wp\/v2\/pages\/1001\/revisions\/1017"}],"wp:attachment":[{"href":"https:\/\/www.miedziana.pl\/index.php\/wp-json\/wp\/v2\/media?parent=1001"}],"curies":[{"name":"wp","href":"https:\/\/api.w.org\/{rel}","templated":true}]}}