{"id":1085,"date":"2019-07-03T21:53:18","date_gmt":"2019-07-03T19:53:18","guid":{"rendered":"http:\/\/www.miedziana.pl\/?page_id=1085"},"modified":"2025-11-11T23:30:10","modified_gmt":"2025-11-11T22:30:10","slug":"uran-w-miedzianej-gorze","status":"publish","type":"page","link":"https:\/\/www.miedziana.pl\/index.php\/uran-w-miedzianej-gorze\/","title":{"rendered":"Uran w Miedzianej G\u00f3rze"},"content":{"rendered":"\r\n<p>W Archiwum Dokumentacji Mierniczo-Geologicznej Wy\u017cszego Urz\u0119du G\u00f3rniczego w Katowicach, Narodowym Archiwum Geologicznym Pa\u0144stwowego Instytutu Geologicznego-PIB w Warszawie oraz w Archiwum Akt Nowych w Warszawie znajduj\u0105 si\u0119 mapy i dokumenty dotycz\u0105ce poszukiwania uranu w G\u00f3rach \u015awi\u0119tokrzyskich. Pochodz\u0105 one z lat 50. i 60. XX w. i s\u0105 opisem prac poszukiwawczych prowadzonych przez Zak\u0142ady Przemys\u0142owe R-1 w Kowarach. Autorzy artyku\u0142u przeprowadzili analiz\u0119 materia\u0142u w kontek\u015bcie prac rozpoznawczych prowadzonych w Miedzianej G\u00f3rze i Kielcach. Opisano histori\u0119 i geologi\u0119 badanego obszaru oraz zinterpretowano wyniki pomiar\u00f3w radiometrycznych.<\/p>\r\n\r\n\r\n\r\n<p><a href=\"https:\/\/www.miedziana.pl\/pliki\/mhki_uran.pdf\">Pe\u0142<\/a><a href=\"https:\/\/www.miedziana.pl\/pliki\/mhki_uran.pdf\" target=\"_blank\" rel=\"noreferrer noopener\" aria-label=\"na wersja artyku\u0142u (otwiera si\u0119 na nowej zak\u0142adce)\">na wersja artyku\u0142u<\/a><\/p>\r\n\r\n\r\n\r\n<p>A. Kasza, P.Kr\u00f3l, G. Pabian. Poszukiwania uranu w Miedzianej G\u00f3rze i Kielcach. Studia Muzealno-Historyczne, MHK, 2018<\/p>\r\n<p>&nbsp;<\/p>\r\n\r\n\r\n\r\n<div class=\"wp-block-image\">\r\n<figure class=\"alignright is-resized\"><img loading=\"lazy\" decoding=\"async\" class=\"wp-image-1117\" src=\"https:\/\/www.miedziana.pl\/wp-content\/uploads\/2019\/07\/uran.jpg\" alt=\"\" width=\"82\" height=\"71\" \/><\/figure>\r\n<\/div>\r\n\r\n<p>&nbsp;<\/p>","protected":false},"excerpt":{"rendered":"<p>W Archiwum Dokumentacji Mierniczo-Geologicznej Wy\u017cszego Urz\u0119du G\u00f3rniczego w Katowicach, Narodowym Archiwum Geologicznym Pa\u0144stwowego Instytutu Geologicznego-PIB w Warszawie oraz w Archiwum Akt Nowych w Warszawie znajduj\u0105 si\u0119 mapy i dokumenty dotycz\u0105ce poszukiwania uranu w G\u00f3rach \u015awi\u0119tokrzyskich. Pochodz\u0105 one z lat 50. i 60. XX w. i s\u0105 opisem prac poszukiwawczych prowadzonych przez Zak\u0142ady Przemys\u0142owe R-1 w [&hellip;]<\/p>\n","protected":false},"author":1,"featured_media":0,"parent":0,"menu_order":0,"comment_status":"closed","ping_status":"closed","template":"","meta":{"footnotes":""},"class_list":["post-1085","page","type-page","status-publish","hentry"],"_links":{"self":[{"href":"https:\/\/www.miedziana.pl\/index.php\/wp-json\/wp\/v2\/pages\/1085","targetHints":{"allow":["GET"]}}],"collection":[{"href":"https:\/\/www.miedziana.pl\/index.php\/wp-json\/wp\/v2\/pages"}],"about":[{"href":"https:\/\/www.miedziana.pl\/index.php\/wp-json\/wp\/v2\/types\/page"}],"author":[{"embeddable":true,"href":"https:\/\/www.miedziana.pl\/index.php\/wp-json\/wp\/v2\/users\/1"}],"replies":[{"embeddable":true,"href":"https:\/\/www.miedziana.pl\/index.php\/wp-json\/wp\/v2\/comments?post=1085"}],"version-history":[{"count":29,"href":"https:\/\/www.miedziana.pl\/index.php\/wp-json\/wp\/v2\/pages\/1085\/revisions"}],"predecessor-version":[{"id":1268,"href":"https:\/\/www.miedziana.pl\/index.php\/wp-json\/wp\/v2\/pages\/1085\/revisions\/1268"}],"wp:attachment":[{"href":"https:\/\/www.miedziana.pl\/index.php\/wp-json\/wp\/v2\/media?parent=1085"}],"curies":[{"name":"wp","href":"https:\/\/api.w.org\/{rel}","templated":true}]}}