{"id":112,"date":"2015-08-08T14:25:30","date_gmt":"2015-08-08T12:25:30","guid":{"rendered":"http:\/\/www.miedziana.pl\/?page_id=112"},"modified":"2020-12-13T16:32:06","modified_gmt":"2020-12-13T15:32:06","slug":"siarczki","status":"publish","type":"page","link":"https:\/\/www.miedziana.pl\/index.php\/siarczki\/","title":{"rendered":"Siarczki"},"content":{"rendered":"<div id=\"attachment_127\" style=\"width: 310px\" class=\"wp-caption alignleft\"><a href=\"https:\/\/www.miedziana.pl\/wp-content\/uploads\/2015\/08\/piryt.jpg\"><img loading=\"lazy\" decoding=\"async\" aria-describedby=\"caption-attachment-127\" class=\"wp-image-127 size-medium\" src=\"https:\/\/www.miedziana.pl\/wp-content\/uploads\/2015\/08\/piryt-300x159.jpg\" alt=\"Piryt z Kowali\" width=\"300\" height=\"159\" srcset=\"https:\/\/www.miedziana.pl\/wp-content\/uploads\/2015\/08\/piryt-300x159.jpg 300w, https:\/\/www.miedziana.pl\/wp-content\/uploads\/2015\/08\/piryt.jpg 1000w\" sizes=\"auto, (max-width: 300px) 100vw, 300px\" \/><\/a><p id=\"caption-attachment-127\" class=\"wp-caption-text\">Piryt z Kowali<\/p><\/div>\n<p style=\"text-align: justify;\">Piryt (okaz z Kowali w po\u0142udniowej cz\u0119\u015bci regionu \u015bwi\u0119tokrzyskiego) \u2013 minera\u0142 stanowi\u0105cy chemicznie siarczek \u017celaza, stosunkowo powszechnie wyst\u0119puj\u0105cy w r\u00f3\u017cnych ska\u0142ach skorupy ziemskiej, rzadko jednak tworz\u0105cy wi\u0119ksze nagromadzenia. Z\u0142ociste zabarwienie oraz cz\u0119ste wyst\u0119powanie spowodowa\u0142o, \u017ce nazywa si\u0119 go r\u00f3wnie\u017c \u201ez\u0142otem g\u0142upc\u00f3w\u201d.<\/p>\n<p style=\"text-align: justify;\"><strong>&nbsp;<\/strong><\/p>\n<div id=\"attachment_120\" style=\"width: 310px\" class=\"wp-caption alignleft\"><a href=\"https:\/\/www.miedziana.pl\/wp-content\/uploads\/2015\/08\/chalkopiryt.jpg\"><img loading=\"lazy\" decoding=\"async\" aria-describedby=\"caption-attachment-120\" class=\"wp-image-120 size-medium\" src=\"https:\/\/www.miedziana.pl\/wp-content\/uploads\/2015\/08\/chalkopiryt-300x243.jpg\" alt=\"Chalkopiryt\" width=\"300\" height=\"243\" srcset=\"https:\/\/www.miedziana.pl\/wp-content\/uploads\/2015\/08\/chalkopiryt-300x243.jpg 300w, https:\/\/www.miedziana.pl\/wp-content\/uploads\/2015\/08\/chalkopiryt.jpg 1000w\" sizes=\"auto, (max-width: 300px) 100vw, 300px\" \/><\/a><p id=\"caption-attachment-120\" class=\"wp-caption-text\">Chalkopiryt z Miedzianki<\/p><\/div>\n<p style=\"text-align: justify;\">Chalkopiryt (okaz z Miedzianki w zachodniej cz\u0119\u015bci regionu \u015bwi\u0119tokrzyskiego) \u2013 minera\u0142 stanowi\u0105cy chemicznie siarczek miedzi i \u017celaza (34,5% zawarto\u015bci Cu), kt\u00f3ry zawiera zazwyczaj niewielkie ilo\u015bci srebra i z\u0142ota. Wchodzi w sk\u0142ad najwa\u017cniejszych i najbogatszych rud miedzi, znanych ju\u017c od epoki br\u0105zu. Z przer\u00f3bki rud chalkopirytowych pochodzi 80% \u015bwiatowej produkcji tego metalu.<\/p>\n<p style=\"text-align: justify;\"><strong>&nbsp;<\/strong><\/p>\n<div id=\"attachment_122\" style=\"width: 310px\" class=\"wp-caption alignright\"><a href=\"https:\/\/www.miedziana.pl\/wp-content\/uploads\/2015\/08\/galena_laskowa2.jpg\"><img loading=\"lazy\" decoding=\"async\" aria-describedby=\"caption-attachment-122\" class=\"wp-image-122 size-medium\" src=\"https:\/\/www.miedziana.pl\/wp-content\/uploads\/2015\/08\/galena_laskowa2-300x219.jpg\" alt=\"Galena z Laskowej\" width=\"300\" height=\"219\" srcset=\"https:\/\/www.miedziana.pl\/wp-content\/uploads\/2015\/08\/galena_laskowa2-300x219.jpg 300w, https:\/\/www.miedziana.pl\/wp-content\/uploads\/2015\/08\/galena_laskowa2.jpg 1000w\" sizes=\"auto, (max-width: 300px) 100vw, 300px\" \/><\/a><p id=\"caption-attachment-122\" class=\"wp-caption-text\">Galena z Laskowej<\/p><\/div>\n<p style=\"text-align: justify;\">Galena (okaz z Laskowej ko\u0142o Miedzianej G\u00f3ry) \u2013 minera\u0142, siarczek o\u0142owiu (86,6% Pb), zawieraj\u0105cy cz\u0119sto domieszki srebra (do 0,3% Ag). Najcz\u0119\u015bciej wyst\u0119puj\u0105cy kruszec o\u0142owiu, dawniej eksploatowany r\u00f3wnie\u017c na terenie G\u00f3r \u015awi\u0119tokrzyskich. Wi\u0119kszo\u015b\u0107 \u015bwi\u0119tokrzyskich z\u0142\u00f3\u017c rud o\u0142owiu mia\u0142a form\u0119 \u017cy\u0142ow\u0105 lub charakter wietrzeniowy, krasowy, czym zdecydowanie r\u00f3\u017cni\u0142a si\u0119 od z\u0142o\u017ca miedzianog\u00f3rskiego.<\/p>\n","protected":false},"excerpt":{"rendered":"<p>Piryt (okaz z Kowali w po\u0142udniowej cz\u0119\u015bci regionu \u015bwi\u0119tokrzyskiego) \u2013 minera\u0142 stanowi\u0105cy chemicznie siarczek \u017celaza, stosunkowo powszechnie wyst\u0119puj\u0105cy w r\u00f3\u017cnych ska\u0142ach skorupy ziemskiej, rzadko jednak tworz\u0105cy wi\u0119ksze nagromadzenia. Z\u0142ociste zabarwienie oraz cz\u0119ste wyst\u0119powanie spowodowa\u0142o, \u017ce nazywa si\u0119 go r\u00f3wnie\u017c \u201ez\u0142otem g\u0142upc\u00f3w\u201d. &nbsp; Chalkopiryt (okaz z Miedzianki w zachodniej cz\u0119\u015bci regionu \u015bwi\u0119tokrzyskiego) \u2013 minera\u0142 stanowi\u0105cy chemicznie [&hellip;]<\/p>\n","protected":false},"author":1,"featured_media":0,"parent":0,"menu_order":0,"comment_status":"closed","ping_status":"closed","template":"","meta":{"footnotes":""},"class_list":["post-112","page","type-page","status-publish","hentry"],"_links":{"self":[{"href":"https:\/\/www.miedziana.pl\/index.php\/wp-json\/wp\/v2\/pages\/112","targetHints":{"allow":["GET"]}}],"collection":[{"href":"https:\/\/www.miedziana.pl\/index.php\/wp-json\/wp\/v2\/pages"}],"about":[{"href":"https:\/\/www.miedziana.pl\/index.php\/wp-json\/wp\/v2\/types\/page"}],"author":[{"embeddable":true,"href":"https:\/\/www.miedziana.pl\/index.php\/wp-json\/wp\/v2\/users\/1"}],"replies":[{"embeddable":true,"href":"https:\/\/www.miedziana.pl\/index.php\/wp-json\/wp\/v2\/comments?post=112"}],"version-history":[{"count":9,"href":"https:\/\/www.miedziana.pl\/index.php\/wp-json\/wp\/v2\/pages\/112\/revisions"}],"predecessor-version":[{"id":1188,"href":"https:\/\/www.miedziana.pl\/index.php\/wp-json\/wp\/v2\/pages\/112\/revisions\/1188"}],"wp:attachment":[{"href":"https:\/\/www.miedziana.pl\/index.php\/wp-json\/wp\/v2\/media?parent=112"}],"curies":[{"name":"wp","href":"https:\/\/api.w.org\/{rel}","templated":true}]}}