{"id":144,"date":"2015-08-08T23:21:14","date_gmt":"2015-08-08T21:21:14","guid":{"rendered":"http:\/\/www.miedziana.pl\/?page_id=144"},"modified":"2020-12-13T16:26:23","modified_gmt":"2020-12-13T15:26:23","slug":"opis-planu-kopalni-z-1872-r","status":"publish","type":"page","link":"https:\/\/www.miedziana.pl\/index.php\/opis-planu-kopalni-z-1872-r\/","title":{"rendered":"Opis planu kopalni z 1872 r."},"content":{"rendered":"<p><span style=\"color: #000000;\">Mapa kopalni miedzianog\u00f3rskiej &#8222;Delineacya na oko bardziej ni\u017c przez regularny pomiar uczyniona szyb\u00f3w i kopalni w Miedzianej G\u00f3rze dnia 19 wrze\u015bnia 1782 r.&#8221; Fragment artyku\u0142u Z. Rubinowskiego (1982) cytuj\u0105cy i komentuj\u0105cy teksty na mapie.<\/span><\/p>\n<div id=\"attachment_551\" style=\"width: 160px\" class=\"wp-caption alignleft\"><a style=\"color: #000000;\" href=\"https:\/\/www.miedziana.pl\/wp-content\/uploads\/2015\/08\/1798plan.jpg\"><img loading=\"lazy\" decoding=\"async\" aria-describedby=\"caption-attachment-551\" class=\"wp-image-551 size-thumbnail\" src=\"https:\/\/www.miedziana.pl\/wp-content\/uploads\/2015\/08\/1798plan-150x150.jpg\" alt=\"Ryc. 4.\" width=\"150\" height=\"150\"><\/a><p id=\"caption-attachment-551\" class=\"wp-caption-text\">Ryc. 4.<\/p><\/div>\n<p style=\"text-align: justify;\"><span style=\"color: #000000;\">G\u00f3rn\u0105 cz\u0119\u015b\u0107 planu zajmuje podkolorowany rysunek chodnik\u00f3w i szyb\u00f3w kopalni, wykonany w podzia\u0142ce oko\u0142o 1:300 zorientowany w stosunku do p\u00f3\u0142nocy umieszczonej z prawej strony karty. Szyby i chodniki oznaczone s\u0105 du\u017cymi literami alfabetu oraz kr\u00f3tkimi przypisami tekstowymi. Przy odnodze g\u0142\u00f3wnego chodnika biegn\u0105cego od szybu E napis: &#8222;\u017by\u0142a miedzianki w g\u0142\u0105b ziemi id\u0105ca maj\u0105ca grubo\u015b\u0107 w galeryi przesz\u0142o dwa \u0142okcie&#8221;. Przy chodniku g\u0142\u00f3wnym mi\u0119dzy szybami D i E napis: &#8222;Wybrane dzia\u0142o teraz. W okolicy szyb\u00f3w E i F trzy napisy: &#8222;\u017by\u0142a&#8221;. Przy zako\u0144czeniu g\u0142\u00f3wnego chodnika z lewej strony planu napis: &#8222;\u017by\u0142a&#8221;. Przy zako\u0144czeniu g\u0142\u00f3wnego chodnika z prawej strony planu napis: &#8222;\u017by\u0142a w g\u00f3r\u0119 id\u0105ca mi\u0119dzy galmanem odkryta 19 wrze\u015bnia 1782. Z lewej strony planu kolumna tekst\u00f3w obja\u015bniaj\u0105cych, zatytu\u0142owana: Nota 1. J.M. Pan Genera\u0142 dyryguj\u0105cy t\u0105 kopalni\u0105 nada\u0142 imiona szybom otworzonym nast\u0119puj\u0105ce: A. Stanis\u0142aw August, C. S.J\u00f3zef, D. S.Antoni, E. S.Krzysztof, F. S. Wenceslaw&#8221; Nota 2. &#8222;Co do sk\u0142adu ziemi tego po\u0142o\u017cenia s\u0105dz\u0105c, \u017ce jest jednakowe albo ma\u0142o co odmienne w bliskiej swojej okolicy, wi\u0119c wypisa\u0142em warsztwy te, kt\u00f3re w szybie D by\u0142y obserwowane i zapisane.<\/span><\/p>\n<ol>\n<li><span style=\"color: #000000;\"> Naprz\u00f3d od wierzchu pomin\u0105wszy ziemi\u0119 urodzajn\u0105, na kt\u00f3rej drzewa ogrodowe, gdy\u017c te w samej\u017ce wsi wyros\u0142y okazale i owoc dobry wydaj\u0105, jako to jab\u0142onie, gruszki, \u015bliwy, orzechy w\u0142oskie etc. Pod t\u0105 ziemi\u0105 idzie opoka wapienna cz\u0119\u015bciami g\u0119stemi i kamienista, popielata, miejscami czerwono\u015b\u0107 rzucaj\u0105ca, kt\u00f3rej warsztwy rachuj\u0105 grubo\u015b\u0107 na \u0142okci 4 miejscami.<\/span><\/li>\n<li><span style=\"color: #000000;\"> Po tej opoce idzie warsztwa glinki \u017c\u00f3\u0142tawej, kt\u00f3rej grubo\u015b\u0107 zawiera p\u00f3\u0142 \u0142okcia plus minus.<\/span><\/li>\n<li><span style=\"color: #000000;\"> Dalej le\u017cy warsztwa glinki ceglastej i w innych ciemniejszych kolorach, tej grubo\u015b\u0107 wi\u0119ksza jak poprzedzaj\u0105cej Nr 2.<\/span><\/li>\n<li><span style=\"color: #000000;\"> Glinka \u017cy\u0142ki r\u00f3\u017cowe, bia\u0142e, \u017c\u00f3\u0142te, zielonawe i innych r\u00f3\u017cnych farb w podobie\u0144stwie marmuru, tej rachuj\u0105 grubo\u015bci mniej \u0142okcia.<\/span><\/li>\n<li><span style=\"color: #000000;\"> Glinka mia\u0142ka w uj\u0119ciu, kt\u00f3r\u0105 nazywaj\u0105 mydlark\u0105, tej warsztwa tej\u017ce jest grubo\u015bci co i poprzedzaj\u0105ca Nr 4.<\/span><\/li>\n<li><span style=\"color: #000000;\"> Czarnawa albo ciemno-kawowa glinka napojona kruszcem, nie ma determinowanej swojej grubo\u015bci, po tej \u2013<\/span><\/li>\n<li><span style=\"color: #000000;\"> Idzie sam kruszec.<\/span><\/li>\n<li><span style=\"color: #000000;\"> Pod kruszcem jest depozycja piasku szarego w kolorze blisko podobnym do glinki nad kruszcowej Nr 6, ten piasek dosy\u0107 grubo le\u017cy, miejscami na \u0142okci 4.<\/span><\/li>\n<li><span style=\"color: #000000;\"> Pod warsztw\u0105 piasku le\u017cy galman.&#8221;<\/span><\/li>\n<\/ol>\n<p style=\"text-align: justify;\"><span style=\"color: #000000;\">Z prawej strony planu d\u0142uga kolumna tekstu obja\u015bniaj\u0105cego zatytu\u0142owana: &#8222;Explikacya liter.Szyb wielki o dw\u00f3ch walcach i korbach do wyci\u0105gania kopanin by\u0142 ju\u017c teraz pog\u0142\u0119biony do \u0142okci 90, dosy\u0107 suchy i wolny od strumyk\u00f3w podziemnych. Zask\u00f3rnia tylko woda po deszczach s\u0105czy si\u0119 czasami do niego przez c\u0119brzyn\u0119 od g\u00f3ry. Przebili w nim g\u00f3rnicy kilka \u017cy\u0142 miedzianki p\u0142asko le\u017c\u0105ce, zostawili do czasu odkrycia ich, a tym czasem coraz w g\u0142\u0105b id\u0105c stan\u0119li teraz na g\u0142azie, czyli szpacie czarnym \u017cy\u0142kowatym, po\u0142yskuj\u0105cym si\u0119, kt\u00f3ry od kilku niedziel \u0142ami\u0105 i prochami wysadzaj\u0105. Czyni\u0105 g\u00f3rnicy nadziej\u0119, \u017ce gdy przebij\u0105 ten kapelusz, jak nazywaj\u0105, trafi\u0105 na mocn\u0105 \u017cy\u0142\u0119 miedzianki. Ten szyb jest w miejscu albo polu, jak zowi\u0105, wcale nowym nietykanym w blisko\u015bci jednak dawnych rob\u00f3t, kt\u00f3re to stare roboty s\u0105 oznaczone na tej karcie farb\u0105 szar\u0105 blad\u0105. Tameczni g\u00f3rnicy s\u0105dz\u0105, \u017ce dawni kopacze id\u0105c za \u017cy\u0142\u0105, gdy ich przyprowadzi\u0142a do tego kamienia szpatowego i zgin\u0119\u0142a, ju\u017c jej w tym miejscu nie szukali. Pokazuj\u0105 szlady oczywiste mniemania tego w blisko\u015bci tera\u017aniejszego szybu, gdzie dawne galerye i ich cebrowiny znaleziono przyparte do tej opoki, ale bez pomknienia si\u0119 dalej w \u017cadn\u0105 inn\u0105 stron\u0119. Tym czasem teraz kilka \u017cy\u0142 znaleziono w \u015bcianach tego szybu, kt\u00f3re oni zgubili. Przy tym szybie od \u015bciany p\u00f3\u0142nocnej o \u0142okci 24 w g\u0142\u0119bi ci\u0105gnie si\u0119 warsztwa galmanu bogatego w zink koloru szaro-\u017c\u00f3\u0142tawego, kt\u00f3rej grubo\u015bci rachuj\u0105 na \u0142okci. Niedaleko szybu tego A s\u0105 dwa do\u0142ki wody witryolicznej albo aqua cementatoria, kt\u00f3ra woda zostawuje kolor miedzi na \u017celazie w niej umoczonym, nie zdaje si\u0119, aby odchodzi\u0142a, ale tylko w mierze stoj\u0105ca&#8221;.<\/span><\/p>\n","protected":false},"excerpt":{"rendered":"<p>Mapa kopalni miedzianog\u00f3rskiej &#8222;Delineacya na oko bardziej ni\u017c przez regularny pomiar uczyniona szyb\u00f3w i kopalni w Miedzianej G\u00f3rze dnia 19 wrze\u015bnia 1782 r.&#8221; Fragment artyku\u0142u Z. Rubinowskiego (1982) cytuj\u0105cy i komentuj\u0105cy teksty na mapie. G\u00f3rn\u0105 cz\u0119\u015b\u0107 planu zajmuje podkolorowany rysunek chodnik\u00f3w i szyb\u00f3w kopalni, wykonany w podzia\u0142ce oko\u0142o 1:300 zorientowany w stosunku do p\u00f3\u0142nocy umieszczonej [&hellip;]<\/p>\n","protected":false},"author":1,"featured_media":0,"parent":0,"menu_order":0,"comment_status":"closed","ping_status":"closed","template":"","meta":{"footnotes":""},"class_list":["post-144","page","type-page","status-publish","hentry"],"_links":{"self":[{"href":"https:\/\/www.miedziana.pl\/index.php\/wp-json\/wp\/v2\/pages\/144","targetHints":{"allow":["GET"]}}],"collection":[{"href":"https:\/\/www.miedziana.pl\/index.php\/wp-json\/wp\/v2\/pages"}],"about":[{"href":"https:\/\/www.miedziana.pl\/index.php\/wp-json\/wp\/v2\/types\/page"}],"author":[{"embeddable":true,"href":"https:\/\/www.miedziana.pl\/index.php\/wp-json\/wp\/v2\/users\/1"}],"replies":[{"embeddable":true,"href":"https:\/\/www.miedziana.pl\/index.php\/wp-json\/wp\/v2\/comments?post=144"}],"version-history":[{"count":20,"href":"https:\/\/www.miedziana.pl\/index.php\/wp-json\/wp\/v2\/pages\/144\/revisions"}],"predecessor-version":[{"id":1183,"href":"https:\/\/www.miedziana.pl\/index.php\/wp-json\/wp\/v2\/pages\/144\/revisions\/1183"}],"wp:attachment":[{"href":"https:\/\/www.miedziana.pl\/index.php\/wp-json\/wp\/v2\/media?parent=144"}],"curies":[{"name":"wp","href":"https:\/\/api.w.org\/{rel}","templated":true}]}}