{"id":179,"date":"2015-08-10T10:23:53","date_gmt":"2015-08-10T08:23:53","guid":{"rendered":"http:\/\/www.miedziana.pl\/?page_id=179"},"modified":"2020-12-13T16:25:08","modified_gmt":"2020-12-13T15:25:08","slug":"179-2","status":"publish","type":"page","link":"https:\/\/www.miedziana.pl\/index.php\/179-2\/","title":{"rendered":"Monety miedziane z XVIII i XIX wieku"},"content":{"rendered":"<p style=\"text-align: justify;\"><strong>Monety miedziane z XVIII i XIX wieku, wykonane z miedzi pochodz\u0105cej z Miedzianej G\u00f3ry<\/strong>.<\/p>\n<p style=\"text-align: justify;\">W czasach panowanie<strong> <span style=\"text-decoration: underline;\">Stanis\u0142awa Augusta Poniatowskiego<\/span><\/strong> w mennicy warszawskiej wybijano cztery typy monet miedzianych: szel\u0105gi, p\u00f3\u0142grosze, grosze i trojaki (trzy grosze). Monety z napisem \u201eZ MIEDZI KRAIOWEY\u201d wybito w niewielkich nak\u0142adach. By\u0142y to emisje okoliczno\u015bciowe, maj\u0105ce upami\u0119tni\u0107 fakt wydobycia miedzi w Polsce. Trojaki, grosze oraz niezmiernie rzadkie p\u00f3\u0142grosze to monety lubiane i ch\u0119tnie w\u0142\u0105czane do zbior\u00f3w. Nawet najcz\u0119\u015bciej spotykane ich warianty s\u0105 stosunkowo rzadkie. Nak\u0142ad\u00f3w monet nie znamy. Trojaki bito w latach 1786-1788, 1791-1792, grosze w latach 1786-1788, 1791,1794-1795 p\u00f3\u0142grosze 1786, 1792.<\/p>\n<p>Pe\u0142ny artyku\u0142: <a href=\"https:\/\/www.miedziana.pl\/pliki\/wbp_swietokrzyskie.pdf\" target=\"_blank\" rel=\"noopener\">Kr\u00f3l P. 2017 \u2013 Z miedzi kraiowey, \u201e\u015awi\u0119tokrzyskie\u201d \u2013 \u015arodowisko, Dziedzictwo Kulturowe, Edukacja Regionalna, Wojew\u00f3dzka Biblioteka Publiczna w Kielcach, nr 19 (23), s. 124-127<\/a><\/p>\n<p style=\"text-align: justify;\">Nak\u0142ady monet w sztukach.<br \/>\n<span style=\"text-decoration: underline;\">P\u00f3\u0142grosz:<\/span><br \/>\n1786 &#8211; b. rzadkie<br \/>\n1792 &#8211; ?<br \/>\n<span style=\"text-decoration: underline;\">Grosz:<\/span><br \/>\n1786 &#8211;&nbsp;?<br \/>\n1787 &#8211;&nbsp;?<br \/>\n1788 &#8211;&nbsp;?<br \/>\n1791 &#8211;&nbsp;?<br \/>\n1794 &#8211;&nbsp;?<br \/>\n1795 &#8211; ?<br \/>\n<span style=\"text-decoration: underline;\">Trojak:<\/span><br \/>\n1786 -233 443<br \/>\n1787 &#8211; 2 797 398<br \/>\n1788 &#8211; 5 028 536<br \/>\n1791 &#8211; 3 905 874<br \/>\n1792 &#8211; ?<br \/>\n[Na podstawie J.A Szwagrzyk. &nbsp;Pieni\u0105dz na ziemiach polskich X-XX w., 1990]<\/p>\n<p><a href=\"https:\/\/www.miedziana.pl\/wp-content\/uploads\/2015\/08\/118.jpg\"><img loading=\"lazy\" decoding=\"async\" class=\"wp-image-184 size-medium\" src=\"https:\/\/www.miedziana.pl\/wp-content\/uploads\/2015\/08\/118-300x162.jpg\" alt=\"1 grosz 1788\" width=\"300\" height=\"162\" srcset=\"https:\/\/www.miedziana.pl\/wp-content\/uploads\/2015\/08\/118-300x162.jpg 300w, https:\/\/www.miedziana.pl\/wp-content\/uploads\/2015\/08\/118.jpg 860w\" sizes=\"auto, (max-width: 300px) 100vw, 300px\" \/><\/a><\/p>\n<p>1 grosz 1788, E.B. &#8211; Efraim Brenn &#8211; menniczy w latach 1774-1792, Stanis\u0142aw August Poniatowski, Mennica Warszawska<\/p>\n<div id=\"attachment_186\" style=\"width: 310px\" class=\"wp-caption alignnone\"><a href=\"https:\/\/www.miedziana.pl\/wp-content\/uploads\/2015\/08\/318.jpg\"><img loading=\"lazy\" decoding=\"async\" aria-describedby=\"caption-attachment-186\" class=\"wp-image-186 size-medium\" src=\"https:\/\/www.miedziana.pl\/wp-content\/uploads\/2015\/08\/318-300x162.jpg\" alt=\"3 grosze 1786\" width=\"300\" height=\"162\" srcset=\"https:\/\/www.miedziana.pl\/wp-content\/uploads\/2015\/08\/318-300x162.jpg 300w, https:\/\/www.miedziana.pl\/wp-content\/uploads\/2015\/08\/318.jpg 860w\" sizes=\"auto, (max-width: 300px) 100vw, 300px\" \/><\/a><p id=\"caption-attachment-186\" class=\"wp-caption-text\">3 grosze 1786, E.B. &#8211; Efraim Brenn &#8211; menniczy w latach 1774-1792, Stanis\u0142aw August Poniatowski, Mennica Warszawska<\/p><\/div>\n<p>&nbsp;<\/p>\n<div id=\"attachment_810\" style=\"width: 310px\" class=\"wp-caption alignnone\"><a href=\"https:\/\/www.miedziana.pl\/wp-content\/uploads\/2015\/08\/1_2grosz.jpg\"><img loading=\"lazy\" decoding=\"async\" aria-describedby=\"caption-attachment-810\" class=\"wp-image-810 size-medium\" src=\"https:\/\/www.miedziana.pl\/wp-content\/uploads\/2015\/08\/1_2grosz-300x144.jpg\" alt=\"1_2grosz\" width=\"300\" height=\"144\" srcset=\"https:\/\/www.miedziana.pl\/wp-content\/uploads\/2015\/08\/1_2grosz-300x144.jpg 300w, https:\/\/www.miedziana.pl\/wp-content\/uploads\/2015\/08\/1_2grosz.jpg 703w\" sizes=\"auto, (max-width: 300px) 100vw, 300px\" \/><\/a><p id=\"caption-attachment-810\" class=\"wp-caption-text\">P\u00f3\u0142grosz z dat\u0105 1786 bity z pierwszych minimalnych dostaw miedzi do mennicy dokonanych w ko\u0144cu 1786 roku (za tymczasow\u0105 zgod\u0105 Komisji Kruszcowej). By\u0142a to efemeryczna pr\u00f3bna emisja p\u00f3\u0142groszy z krajowej miedzi, kt\u00f3rych produkcja by\u0142a nieop\u0142acalna, wznowiona zosta\u0142a dopiero w 1792 roku. Nale\u017cy uzna\u0107 j\u0105 za pr\u00f3bn\u0105 i bardzo niewielk\u0105, skoro w polskich zbiorach posiada t\u0105 monet\u0119 tylko Muzeum Czapskich, a notowa\u0142 j\u0105 te\u017c zbi\u00f3r Radziwi\u0142\u0142a. (\u017ar\u00f3d\u0142o: <a href=\"http:\/\/archiwum.niemczyk.pl\/index.php?param=podglad_stac&amp;id=2717\" target=\"_blank\" rel=\"noopener\">www.niemczyk.pl<\/a>)<\/p><\/div>\n<hr>\n<p style=\"text-align: justify;\">W czasach <strong><span style=\"text-decoration: underline;\">Kr\u00f3lestwa Polskiego<\/span><\/strong> w mennicy warszawskiej bito grosze i trojaki (trzy grosze) \u201eZ MIEDZI KRAIOWEY\u201d. W latach 1822-1825 bito grosze a w latach 1826-1827 trojaki.<br \/>\nNak\u0142ady groszy w sztukach:<br \/>\n1822 &#8211; 2 720 702<br \/>\n1823 &#8211; 5 046 096<br \/>\n1824 &#8211; 5 412 794<br \/>\n1825 &#8211; 2 107 961<br \/>\nNak\u0142ad trojak\u00f3w w sztukach:<br \/>\n1826 &#8211; 569 867<br \/>\n1827 &#8211; ? (prawdopodobnie liczba sztuk ok. o,5 mln)<br \/>\n[Na podstawie J.Parchimowicz. Monety Polskie, 2006]<\/p>\n<p><a href=\"https:\/\/www.miedziana.pl\/wp-content\/uploads\/2015\/08\/319.jpg\"><img loading=\"lazy\" decoding=\"async\" class=\"wp-image-183 size-medium\" src=\"https:\/\/www.miedziana.pl\/wp-content\/uploads\/2015\/08\/319-300x148.jpg\" alt=\"1 grosz 1824\" width=\"300\" height=\"148\" srcset=\"https:\/\/www.miedziana.pl\/wp-content\/uploads\/2015\/08\/319-300x148.jpg 300w, https:\/\/www.miedziana.pl\/wp-content\/uploads\/2015\/08\/319-1024x507.jpg 1024w, https:\/\/www.miedziana.pl\/wp-content\/uploads\/2015\/08\/319.jpg 1322w\" sizes=\"auto, (max-width: 300px) 100vw, 300px\" \/><\/a><\/p>\n<p>1 grosz 1824, IB &#8211; Jabub Benick, mincerz warszawski w latach 1811-1827, Herb Kr\u00f3lestwa Polskiego, Aleksander I, Mennica Warszawska<\/p>\n<div id=\"attachment_185\" style=\"width: 310px\" class=\"wp-caption alignnone\"><a href=\"https:\/\/www.miedziana.pl\/wp-content\/uploads\/2015\/08\/119.jpg\"><img loading=\"lazy\" decoding=\"async\" aria-describedby=\"caption-attachment-185\" class=\"wp-image-185 size-medium\" src=\"https:\/\/www.miedziana.pl\/wp-content\/uploads\/2015\/08\/119-300x151.jpg\" alt=\"3 grosze 1827\" width=\"300\" height=\"151\" srcset=\"https:\/\/www.miedziana.pl\/wp-content\/uploads\/2015\/08\/119-300x151.jpg 300w, https:\/\/www.miedziana.pl\/wp-content\/uploads\/2015\/08\/119.jpg 933w\" sizes=\"auto, (max-width: 300px) 100vw, 300px\" \/><\/a><p id=\"caption-attachment-185\" class=\"wp-caption-text\">3 grosze 1827, IB &#8211; Jabub Benick, mincerz warszawski w latach 1811-1827, Herb Kr\u00f3lestwa Polskiego, Miko\u0142aj I, Mennica Warszawska<\/p><\/div>\n","protected":false},"excerpt":{"rendered":"<p>Monety miedziane z XVIII i XIX wieku, wykonane z miedzi pochodz\u0105cej z Miedzianej G\u00f3ry. W czasach panowanie Stanis\u0142awa Augusta Poniatowskiego w mennicy warszawskiej wybijano cztery typy monet miedzianych: szel\u0105gi, p\u00f3\u0142grosze, grosze i trojaki (trzy grosze). Monety z napisem \u201eZ MIEDZI KRAIOWEY\u201d wybito w niewielkich nak\u0142adach. By\u0142y to emisje okoliczno\u015bciowe, maj\u0105ce upami\u0119tni\u0107 fakt wydobycia miedzi w [&hellip;]<\/p>\n","protected":false},"author":1,"featured_media":0,"parent":0,"menu_order":0,"comment_status":"closed","ping_status":"closed","template":"","meta":{"footnotes":""},"class_list":["post-179","page","type-page","status-publish","hentry"],"_links":{"self":[{"href":"https:\/\/www.miedziana.pl\/index.php\/wp-json\/wp\/v2\/pages\/179","targetHints":{"allow":["GET"]}}],"collection":[{"href":"https:\/\/www.miedziana.pl\/index.php\/wp-json\/wp\/v2\/pages"}],"about":[{"href":"https:\/\/www.miedziana.pl\/index.php\/wp-json\/wp\/v2\/types\/page"}],"author":[{"embeddable":true,"href":"https:\/\/www.miedziana.pl\/index.php\/wp-json\/wp\/v2\/users\/1"}],"replies":[{"embeddable":true,"href":"https:\/\/www.miedziana.pl\/index.php\/wp-json\/wp\/v2\/comments?post=179"}],"version-history":[{"count":31,"href":"https:\/\/www.miedziana.pl\/index.php\/wp-json\/wp\/v2\/pages\/179\/revisions"}],"predecessor-version":[{"id":1182,"href":"https:\/\/www.miedziana.pl\/index.php\/wp-json\/wp\/v2\/pages\/179\/revisions\/1182"}],"wp:attachment":[{"href":"https:\/\/www.miedziana.pl\/index.php\/wp-json\/wp\/v2\/media?parent=179"}],"curies":[{"name":"wp","href":"https:\/\/api.w.org\/{rel}","templated":true}]}}