{"id":224,"date":"2015-08-11T08:50:06","date_gmt":"2015-08-11T06:50:06","guid":{"rendered":"http:\/\/www.miedziana.pl\/?page_id=224"},"modified":"2020-12-13T16:38:06","modified_gmt":"2020-12-13T15:38:06","slug":"sztolnia-odwadniajaca","status":"publish","type":"page","link":"https:\/\/www.miedziana.pl\/index.php\/sztolnia-odwadniajaca\/","title":{"rendered":"Sztolnia odwadniaj\u0105ca"},"content":{"rendered":"<div id=\"attachment_225\" style=\"width: 310px\" class=\"wp-caption alignnone\"><a href=\"https:\/\/www.miedziana.pl\/wp-content\/uploads\/2015\/08\/ryc11.jpg\"><img loading=\"lazy\" decoding=\"async\" aria-describedby=\"caption-attachment-225\" class=\"wp-image-225 size-medium\" src=\"https:\/\/www.miedziana.pl\/wp-content\/uploads\/2015\/08\/ryc11-300x231.jpg\" alt=\"ryc11\" width=\"300\" height=\"231\" srcset=\"https:\/\/www.miedziana.pl\/wp-content\/uploads\/2015\/08\/ryc11-300x231.jpg 300w, https:\/\/www.miedziana.pl\/wp-content\/uploads\/2015\/08\/ryc11-1024x787.jpg 1024w, https:\/\/www.miedziana.pl\/wp-content\/uploads\/2015\/08\/ryc11.jpg 1920w\" sizes=\"auto, (max-width: 300px) 100vw, 300px\" \/><\/a><p id=\"caption-attachment-225\" class=\"wp-caption-text\">Ryc. 11. Mapka obszaru wsi Niewachl\u00f3w i Kostom\u0142oty z zaznaczonym rowem biegn\u0105cym od sztolni odwadniaj\u0105cej, wykonana 21 wrze\u015bnia 1841 (kopia orygina\u0142u znajduj\u0105cego si\u0119 w Archiwum Pa\u0144stwowym w Radomiu, sygn. 390c).<\/p><\/div>\n<div id=\"attachment_226\" style=\"width: 310px\" class=\"wp-caption alignnone\"><a href=\"https:\/\/www.miedziana.pl\/wp-content\/uploads\/2015\/08\/wylot_sztolni2.jpg\"><img loading=\"lazy\" decoding=\"async\" aria-describedby=\"caption-attachment-226\" class=\"wp-image-226 size-medium\" src=\"https:\/\/www.miedziana.pl\/wp-content\/uploads\/2015\/08\/wylot_sztolni2-300x225.jpg\" alt=\"MINOLTA DIGITAL CAMERA\" width=\"300\" height=\"225\" srcset=\"https:\/\/www.miedziana.pl\/wp-content\/uploads\/2015\/08\/wylot_sztolni2-300x225.jpg 300w, https:\/\/www.miedziana.pl\/wp-content\/uploads\/2015\/08\/wylot_sztolni2-1024x768.jpg 1024w, https:\/\/www.miedziana.pl\/wp-content\/uploads\/2015\/08\/wylot_sztolni2.jpg 1600w\" sizes=\"auto, (max-width: 300px) 100vw, 300px\" \/><\/a><p id=\"caption-attachment-226\" class=\"wp-caption-text\">Maciej\u00f3wka. Miejsce wylotu sztolni budowanej w pierwszej po\u0142owie XIX wieku w celu odwodnienia kopalni miedzianog\u00f3rskiej. 2004 r.<\/p><\/div>\n<p><strong>&nbsp;<\/strong><\/p>\n","protected":false},"excerpt":{"rendered":"<p>&nbsp;<\/p>\n","protected":false},"author":1,"featured_media":0,"parent":0,"menu_order":0,"comment_status":"closed","ping_status":"closed","template":"","meta":{"footnotes":""},"class_list":["post-224","page","type-page","status-publish","hentry"],"_links":{"self":[{"href":"https:\/\/www.miedziana.pl\/index.php\/wp-json\/wp\/v2\/pages\/224","targetHints":{"allow":["GET"]}}],"collection":[{"href":"https:\/\/www.miedziana.pl\/index.php\/wp-json\/wp\/v2\/pages"}],"about":[{"href":"https:\/\/www.miedziana.pl\/index.php\/wp-json\/wp\/v2\/types\/page"}],"author":[{"embeddable":true,"href":"https:\/\/www.miedziana.pl\/index.php\/wp-json\/wp\/v2\/users\/1"}],"replies":[{"embeddable":true,"href":"https:\/\/www.miedziana.pl\/index.php\/wp-json\/wp\/v2\/comments?post=224"}],"version-history":[{"count":3,"href":"https:\/\/www.miedziana.pl\/index.php\/wp-json\/wp\/v2\/pages\/224\/revisions"}],"predecessor-version":[{"id":1193,"href":"https:\/\/www.miedziana.pl\/index.php\/wp-json\/wp\/v2\/pages\/224\/revisions\/1193"}],"wp:attachment":[{"href":"https:\/\/www.miedziana.pl\/index.php\/wp-json\/wp\/v2\/media?parent=224"}],"curies":[{"name":"wp","href":"https:\/\/api.w.org\/{rel}","templated":true}]}}