{"id":245,"date":"2015-08-11T09:22:48","date_gmt":"2015-08-11T07:22:48","guid":{"rendered":"http:\/\/www.miedziana.pl\/?page_id=245"},"modified":"2015-08-16T11:58:22","modified_gmt":"2015-08-16T09:58:22","slug":"fragmenty-statutu-spolka-akcyjna","status":"publish","type":"page","link":"https:\/\/www.miedziana.pl\/index.php\/fragmenty-statutu-spolka-akcyjna\/","title":{"rendered":"Ustawa dla Stowarzyszenia Akcyjonaryjusz\u00f3w"},"content":{"rendered":"<p style=\"text-align: justify;\">USTAWA DLA STOWARZYSZENIA AKCYJONARYJUSZ\u00d3W<br \/>\n<strong>do interesu srebrno-miedzianego g\u00f3rnictwa pod Miedzianog\u00f3r\u0105 w okolicy Kielc na mocy kontraktu rz\u0105dowego Kazimierzowi Kossowskiemu wydanego przez Wydzia\u0142 G\u00f3rnictwa przy Komisyi Rz\u0105dowej Przychod\u00f3w i Skarbu pod dat\u0105 30 grudnia 1847 r.<\/strong><\/p>\n<p style=\"text-align: justify;\">\u00a0Przyprowadzaj\u0105c do skutku projekt Stowarzyszenia Akcyjnego do interesu srebrno-miedzianego \u201eGazety Warszawskiej\u201d z dn. 4 wrze\u015bnia 1851 r. nr 71, przedmiot ten urz\u0105dzam i do publicznego udzia\u0142u podaj\u0119 w nast\u0119puj\u0105cych warunkach:<\/p>\n<p style=\"text-align: justify;\">\u00a0Tytu\u0142 I. Zasady do interesu<\/p>\n<ol style=\"text-align: justify;\">\n<li>Na mocy kontraktu rz\u0105dowego, a mianowicie w ust\u0119pie &amp; 12, kt\u00f3ren tak m\u00f3wi: \u201eJe\u017celiby do interesu swego przedsi\u0119biorstwa Kossowski chcia\u0142 zawi\u0105za\u0107 wsp\u00f3\u0142k\u0119 lub przybra\u0107 akcyjonariusz\u00f3w, na to mu Komisja niniejszym przyzwala z zastrze\u017ceniem dope\u0142nienia przepis\u00f3w prawa na ten przypadek obowi\u0105zuj\u0105cego\u201d, upowa\u017cniony jestem do zawi\u0105zania akcyjnego towarzystwa.<\/li>\n<li>Przez por\u00f3wnanie geologicznych w\u0142asno\u015bci g\u00f3r pasma kielecko-miedzianog\u00f3rskiego uzasadnionemi zosta\u0142y nadzieje poszukiwalne srebrno-miedzianych rud, a nast\u0119pnie w r\u00f3\u017cnych zakresach czasu od r. 1845 a\u017c do r. 1851 wykonane na ten cel roboty poszukiwawcze wykaza\u0142y i przekona\u0142y, a) \u017ce istotnie takowe rudy srebrno-miedziane, bogate szczeg\u00f3lniej w srebro, znajduj\u0105 si\u0119 w nowych, dot\u0105d nie znajomych w g\u00f3rnictwie krajowem gatunkach i posadach<a href=\"#_edn1\" name=\"_ednref1\">[1]<\/a>, a mianowicie w po\u0142o\u017ceniu mi\u0119dzy Miedzianog\u00f3r\u0105 a Kostom\u0142otami, kt\u00f3ra to przestrze\u0144 prawem przez rz\u0105d, a do kontraktu do\u0142\u0105czonem, jest na kopalni\u0105 oznaczon\u0105; b) \u017ce eksploatowanie takowych rud, jako i wytapianie z nich srebra i miedzi jest mo\u017cliwe. Takie do\u015bwiadczenia uzasadniaj\u0105 zawi\u0105zanie przedsi\u0119biorstwa g\u00f3rniczego, kt\u00f3rego jednakowo\u017c pomy\u015blno\u015b\u0107 i wielko\u015b\u0107 rozwini\u0119cia wyka\u017ce si\u0119 dopiero w dalszym post\u0119pie rob\u00f3t g\u00f3rniczych po zasadnem przekonaniu, jak wielka ilo\u015b\u0107 takowych rud b\u0119dzie mog\u0142a by\u0107 rocznie wydobywana.<\/li>\n<\/ol>\n<p style=\"text-align: justify;\">\u00a0Tytu\u0142 II. Zawi\u0105zanie Wsp\u00f3\u0142ki I<\/p>\n<ol style=\"text-align: justify;\" start=\"3\">\n<li>Kontrakt rz\u0105dowy spisany jest na imi\u0119 Kazimierza Kossowskiego i ten\u017ce w\u0142asnym kosztem i staraniem wszystkie dotychczasowe roboty wykona\u0142 i dot\u0105d ca\u0142y interes pod swoim imieniem prowadzi\u0142, dla zebrania za\u015b fundusz\u00f3w potrzebnych do dalszego dzia\u0142ania przybiera wsp\u00f3\u0142k\u0119 akcyjn\u0105, z swoim imieniem i prawami \u0142\u0105czy si\u0119 do takowej, a interes nadal prowadzonym by\u0107 ma bezimiennie jako: \u201e<strong>Wsp\u00f3\u0142ka do Interesu Srebrno-Miedzianego G\u00f3rnictwa pod Kielcami<\/strong>\u201d. Czynno\u015bci za\u015b tej Wsp\u00f3\u0142ki odbywa\u0107 si\u0119 b\u0119d\u0105 w mie\u015bcie Kielcach.<\/li>\n<li>Zawi\u0105zane tym sposobem stowarzyszenie Wsp\u00f3\u0142ki Akcyjnej trwa\u0107 b\u0119dzie nie tylko do urz\u0105dzenia kopalnictwa i hutnictwa srebrno-miedzianego, jako te\u017c praktycznego uzasadnienia i oznaczenia etatowego biegu, ale i do uko\u0144czenia ca\u0142ego interesu, to jest przez lat 30, czyli do 1 stycznia 1881 r., lub do czasu przed\u0142u\u017cenia u\u017cywalno\u015bci, jaka by od rz\u0105du mog\u0142a by\u0107 pozyskana.<\/li>\n<li>Wsp\u00f3\u0142ka takowa akcyjna formuje si\u0119 przez podzia\u0142 interesu na 3000 akcyi, z kt\u00f3rych 2400 przeznaczone s\u0105 na sprzeda\u017c po rb<a href=\"#_edn2\" name=\"_ednref2\">[2]<\/a> 15, 600 za\u015b akcyi czyli 1\/5 cz\u0119\u015b\u0107 interesu, s\u0105 bezp\u0142atne i te zostaj\u0105 Kossowskiego jako g\u0142\u00f3wnego przedsi\u0119biorcy w\u0142asno\u015bci\u0105.<\/li>\n<li>Ka\u017cda akcyja daje prawo w 1\/3000 cz\u0119\u015bci do interesu. Wydana b\u0119dzie na imi\u0119 kupuj\u0105cego w formie \u0107wiartkowej z opisem wa\u017cno\u015bci, wyci\u0119ta z ksi\u0119gi sznurowej, ze znakami przeci\u0119temi pod numerem bie\u017c\u0105cym przez Kossowskiego w\u0142asnor\u0119cznie podpisana, kt\u00f3r\u0105 kupi\u0107 mo\u017cna po zap\u0142aceniu rb 15 do kasy Magistratu miasta Kielc do r\u0105k kasjera miejskiego na ten cel um\u00f3wionego, z pokwitowaniem odbieraj\u0105cego pieni\u0105dze.<\/li>\n<\/ol>\n<p style=\"text-align: justify;\">[&#8230;]<\/p>\n<p style=\"text-align: justify;\">\u00a0Tytu\u0142 III. Ci\u0119\u017cary i kapita\u0142 Wsp\u00f3\u0142ki<\/p>\n<ol style=\"text-align: justify;\" start=\"9\">\n<li>Dotychczasowe roboty g\u00f3rnicze, to jest pog\u0142\u0119bienie 8 poszukiwalnych szyb\u00f3w, kt\u00f3rych plan i stosowne rachunki Kossowski Wsp\u00f3\u0142ce b\u0119dzie obowi\u0105zany z\u0142o\u017cy\u0107, jako te\u017c rozpocz\u0119cie 3 nowych dobywalnych szyb\u00f3w, kt\u00f3re Wsp\u00f3\u0142ka przyjmuje w post\u0119p przyj\u0119tego planu rob\u00f3t g\u00f3rniczych, kosztuj\u0105 5000 rb i 9 dawniejszej formy akcyi na zasadzie planu w dniu 10 maja 1846 r. og\u0142oszonych w warto\u015bci akcyjnej z\u0142p. 1200. Koszt takowy stanowi konieczny ci\u0119\u017car interesowi, kt\u00f3ren zaspokoi\u0107 si\u0119 winien tym sposobem:<\/li>\n<\/ol>\n<p style=\"text-align: justify;\">[&#8230;]<\/p>\n<ol style=\"text-align: justify;\" start=\"11\">\n<li>Ze sprzeda\u017cy akcyi 2292 po rb 15 utworzy si\u0119 kapita\u0142 zak\u0142adowy w ilo\u015bci rb 34 380, kt\u00f3ry to fundusz b\u0119dzie dostatecznym i u\u017cytym na cel urz\u0105dzi\u0107 si\u0119 maj\u0105cych zak\u0142ad\u00f3w i wszelkie do\u015bwiadczalne ich wypr\u00f3bowanie.<\/li>\n<\/ol>\n<p style=\"text-align: justify;\">\u00a0Tytu\u0142 IV. Dzia\u0142alno\u015b\u0107 Wsp\u00f3\u0142ki<\/p>\n<ol style=\"text-align: justify;\" start=\"12\">\n<li>Tak skoro 400 akcyi zostanie rozprzedanych i suma 6000 rb, czyli 40 000 z\u0142p., b\u0119dzie w kasie Magistratu miasta Kielc za takowe zebrana, Wsp\u00f3\u0142ka uwa\u017ca\u0107 si\u0119 b\u0119dzie za zupe\u0142nie zawi\u0105zan\u0105 i rozpocznie sw\u0105 dzia\u0142alno\u015b\u0107 z ca\u0142\u0105 \u015bcis\u0142o\u015bci\u0105 przepis\u00f3w statutem obj\u0119tych i z d\u0105\u017cno\u015bci\u0105 ku og\u00f3lnemu akcyjonaryjusz\u00f3w dobru. Dzia\u0142alno\u015b\u0107 takowa rozci\u0105gni\u0119ta na przeci\u0105g czasu oznaczonej u\u017cywalno\u015bci kontraktem dzieli\u0107 si\u0119 b\u0119dzie na 2 epoki, to jest na epok\u0119 zak\u0142adow\u0105 i na epok\u0119 u\u017cywalno\u015bci fabrycznej tych\u017ce zak\u0142ad\u00f3w.<\/li>\n<\/ol>\n<p style=\"text-align: justify;\">\u00a0A. Dzia\u0142alno\u015b\u0107 Wsp\u00f3\u0142ki w epoce zak\u0142adowej<\/p>\n<ol style=\"text-align: justify;\" start=\"13\">\n<li>Administratorem epoki zak\u0142adowej i g\u0142\u00f3wnym zarz\u0105dc\u0105 ca\u0142ego kierunku dzia\u0142a\u0144 technicznych b\u0119dzie Kazimierz Kossowski jako za\u0142o\u017cyciel Wsp\u00f3\u0142ki i interesu, technik g\u00f3rniczy i wynalazca rud kruszcowych. Kontrol\u0119 nad jego dzia\u0142aniami, jako te\u017c zarz\u0105d i wyp\u0142aty kasowe poprowadzi Rada Nadzorcza tymczasowa, przez Wsp\u00f3\u0142k\u0119 wybrana, kt\u00f3ra w Kielcach czynno\u015bci swoje odbywa\u0107 b\u0119dzie, og\u00f3lny za\u015b plan dzia\u0142a\u0144 takowych zak\u0142ad\u00f3w, jako te\u017c stosunk\u00f3w pomi\u0119dzy administruj\u0105cym a Rad\u0105 Nadzorcz\u0105 okre\u015bla si\u0119 w nast\u0119puj\u0105cych warunkach:<\/li>\n<li>Zebrani na posiedzeniu pierwsi stowarzyszeni w komplecie os\u00f3b najmniej 20 na zebraniu praktycznem w mie\u015bcie Kielcach wybior\u0105 spomi\u0119dzy siebie 2 cz\u0142onk\u00f3w do sformowania Rady Nadzorczej tymczasowej, kt\u00f3ra w post\u0119pach zak\u0142adowego dzia\u0142ania interesu reprezentowa\u0107 b\u0119dzie Wsp\u00f3\u0142k\u0119 stowarzyszon\u0105.<\/li>\n<\/ol>\n<p style=\"text-align: justify;\">[&#8230;]<\/p>\n<ol style=\"text-align: justify;\" start=\"18\">\n<li>Zadaniem Rady Nadzorczej i administruj\u0105cego b\u0119dzie urz\u0105dzi\u0107 kopalni\u0105 na wydobywanie rud srebrno-miedzianych, jako te\u017c urz\u0105dzi\u0107 hutnictwo do wytopu srebra i miedzi. Zebranie praktycznych zasad dla obydw\u00f3ch tych zak\u0142ad\u00f3w i na nich ugruntowa\u0107 i oznaczy\u0107 pewny etat przysz\u0142ego, fabrycznego dzia\u0142ania, wszystko to ma by\u0107 robione z fundusz\u00f3w kapita\u0142u zak\u0142adowego, to jest sumy 34 380 rb, a dlatego ani Radzie Nadzorczej tymczasowej, ani administruj\u0105cemu nie wolno, pod \u017cadnym pozorem sprzedawa\u0107 produkt\u00f3w hutniczych lub kopalnianych ani zawiera\u0107 kontrakt\u00f3w na przysz\u0142o\u015b\u0107, ani zaci\u0105ga\u0107 d\u0142ug\u00f3w na interes powy\u017cszy.<\/li>\n<li>Og\u00f3lny ten plan czynno\u015bci tak si\u0119 porz\u0105dkuje, i\u017c przede wszystkiem ma by\u0107 urz\u0105dzona kopalnia. Na ten cel Rada Nadzorcza tymczasowa przeznaczy fundusz 3000 rb, a to, pod\u0142ug obliczenia przez przedsi\u0119bierc\u0119. Za te pieni\u0105dze dokopanemi b\u0119d\u0105 3 szyby, a\u017c do pok\u0142adu kruszcowego i rozpocz\u0119te przebitkowe chodniki, kt\u00f3remi wykazana b\u0119dzie zamo\u017cno\u015b\u0107 pok\u0142adu kruszcowego i bli\u017csze praktyczne przekonanie o kosztach i ilo\u015bci mog\u0105cych si\u0119 wydobywa\u0107 rud. Po takiej czynno\u015bci Rada Nadzorcza tymczasowa wyznaczy fundusz na zrobienie zapas\u00f3w, najmniej 1000 ctn. rudy z przysposobieniem do manipulacyi hutniczej, na kt\u00f3rych to zasadach przyst\u0105pi\u0107 b\u0119dzie mo\u017cna do za\u0142o\u017cenia hutnictwa. Taka operacyja kopalniana przekona dok\u0142adnie o warto\u015bci interesu, da zasad\u0119 do etatu przysz\u0142ych dzia\u0142a\u0144 i korzy\u015bci, kt\u00f3re na podzia\u0142 stowarzyszenia przypada\u0107 b\u0119d\u0105.<\/li>\n<\/ol>\n<p style=\"text-align: justify;\">[&#8230;]<\/p>\n<p style=\"text-align: justify;\">\u00a0B. Dzia\u0142ania og\u00f3lne przemys\u0142owe w epoce zak\u0142adowej<\/p>\n<ol style=\"text-align: justify;\" start=\"22\">\n<li>Gdy w robotach pocz\u0105tkowych pok\u0142ad bogatych rud zostanie dokopanym, a przez zrobienie zapasu 1000 ctn<a href=\"#_edn3\" name=\"_ednref3\">[3]<\/a>. rudy uzyskane zostanie przekonanie o wielkiej obfito\u015bci takowych rud i o tanio\u015bci ich wydobycia, interes zatem nabiera wysokiej warto\u015bci, tak i\u017c warto\u015b\u0107 akcyi mo\u017ce by\u0107 podw\u00f3jna, potr\u00f3jna lub wi\u0119cej, w tym przypadku Rada Nadzorcza mo\u017ce wstrzyma\u0107 dalsz\u0105 sprzeda\u017c nowo\u017c\u0105daj\u0105cym przyst\u0105pienia i og\u0142osi\u0107 to w pismach publicznych, pozosta\u0142e za\u015b akcyje, kt\u00f3re by nie by\u0142y jeszcze rozprzedane, tylko po cenie pierwotnej rozdane b\u0119d\u0105 tym, kt\u00f3rzy pocz\u0105tkowe akcyje zakupuj\u0105, a to w ilo\u015bci stosownej do liczby ju\u017c zakupionych, jako i do liczby pozosta\u0142ych. Kossowskiemu za\u015b w takim razie po\u0142owa akcyi pozosta\u0142ych dodana b\u0119dzie bezp\u0142atnie do pozostawionych 600 przy zawi\u0105zaniu Wsp\u00f3\u0142ki.<\/li>\n<\/ol>\n<p style=\"text-align: justify;\">[&#8230;]<\/p>\n<ol style=\"text-align: justify;\" start=\"24\">\n<li>Gdyby za\u015b po dokopaniu szyb\u00f3w i zrobieniu pierwszych zapas\u00f3w rud okaza\u0142o si\u0119, \u017ce wydobycie tych rud b\u0119dzie kosztownem, a wydajno\u015b\u0107 metaliczna nieodpowiedzialna lub \u017ce ca\u0142y interes nie mo\u017ce mie\u0107 korzystnej dla akcyjonaryjusz\u00f3w przysz\u0142o\u015bci, Rada Nadzorcza mo\u017ce wstrzyma\u0107 dalsze wydatkowanie, a nawet ca\u0142e dzia\u0142anie interesu, powo\u0142a nowy zbi\u00f3r stowarzyszonych, a ci zdecyduj\u0105, czy interes mo\u017ce by\u0107 dalej prowadzonym lub Wsp\u00f3lk\u0119 rozwi\u0105za\u0107 potrzeba.<\/li>\n<\/ol>\n<p style=\"text-align: justify;\">[&#8230;]<\/p>\n<p style=\"text-align: justify;\">\u00a0C. Dzia\u0142anie Wsp\u00f3\u0142ki w epoce u\u017cytkowej<\/p>\n<ol style=\"text-align: justify;\" start=\"26\">\n<li>Gdy tym sposobem zak\u0142ady b\u0119d\u0105 wyko\u0144czone, a ich praktyczny bieg b\u0119dzie odpowiada\u0142 celowi, rozpocznie si\u0119 epoka u\u017cytkowa zak\u0142ad\u00f3w, w takim razie Rada Nadzorcza tymczasowa da o tym publiczn\u0105 wiadomo\u015b\u0107 powo\u0142a wszystkich akcyjonaryjusz\u00f3w na zebranie si\u0119 do Kielc dla ustanowienia nowej formy administracyjnej sta\u0142ego dzia\u0142ania Wsp\u00f3\u0142ki.<\/li>\n<\/ol>\n<p style=\"text-align: justify;\">[&#8230;]<\/p>\n<ol style=\"text-align: justify;\" start=\"28\">\n<li>Dzia\u0142anie dalsze fabryczne i ca\u0142ego interesu wymaga: a) Rady Nadzorczej sta\u0142ej wybranej przez Towarzystwo z grona wsp\u00f3\u0142kowych cz\u0142onk\u00f3w, kt\u00f3ra kontrolowa\u0107 b\u0119dzie wszystkie czynno\u015bci Zarz\u0105du Technicznego, zmienia\u0107 i potwierdza\u0107 takowe, jako te\u017c asygnowa\u0107 wszelkie fundusze z kasy g\u0142\u00f3wnej na potrzeby fabryczne. Pod r\u0119k\u0105 takowa b\u0119dzie mie\u0107 buchaltera i kas\u0119. b) Zarz\u0105du miejscowego techniczno-administruj\u0105cego.<\/li>\n<li>Rada Nadzorcza sta\u0142a sk\u0142ada\u0107 si\u0119 b\u0119dzie z 7 cz\u0142onk\u00f3w, z kt\u00f3rych 6 wybranymi b\u0119d\u0105 przez og\u00f3lne zebranie Wsp\u00f3\u0142ki z grona swojego, si\u00f3dmy za\u015b, za\u0142o\u017cyciel Wsp\u00f3\u0142ki Kazimierz Kossowski, jako sta\u0142y cz\u0142onek nieobieralny. Czynno\u015bci swoje odbywa\u0107 b\u0119dzie w mie\u015bcie Kielcach.<\/li>\n<li>G\u0142\u00f3wn\u0105 czynno\u015bci\u0105 Rady Nadzorczej sta\u0142ej b\u0119dzie dzia\u0142a\u0107 w imieniu og\u00f3lnej Wsp\u00f3\u0142ki stowarzyszonych na zasadzie kontraktu rz\u0105dowego i czuwa\u0107 nad tym, aby bieg fabryki i dzia\u0142ania Zarz\u0105du Technicznego, jako te\u017c dzia\u0142ania buchalteryczne i kasowe post\u0119powa\u0142y pod\u0142ug planu etatu i dobra og\u00f3lnego akcyjonaryjusz\u00f3w interesu. W tym celu cz\u0142onkowie, Rady zgromadza\u0107 si\u0119 b\u0119d\u0105 co 2 tygodnie lub, jak tego zachodzi\u0107 b\u0119dzie potrzeba, odbywa\u0107 narady i wszelkie bie\u017c\u0105ce interesa, rachunki i kontrakty lub zarz\u0105dy rozpoznawa\u0107, usuwa\u0107, zmienia\u0107 lub potwierdza\u0107 w imieniu ca\u0142ej Wsp\u00f3lki, niemniej oznacza\u0107 do wyp\u0142aty fundusze lub przyznawa\u0107 sprzeda\u017c produkt\u00f3w i pobory do kasy za takowe.<\/li>\n<\/ol>\n<p style=\"text-align: justify;\">[&#8230;]<\/p>\n<ol style=\"text-align: justify;\" start=\"35\">\n<li>Zarz\u0105d Techniczno-Administracyjny prowadzi\u0107 i utrzymywa\u0107 b\u0119dzie bieg fabryczny zak\u0142ad\u00f3w pod\u0142ug etatu szczeg\u00f3\u0142owo obliczonego i zatwierdzonego i stosownie do zasad, jakie si\u0119 o post\u0119pach dzia\u0142a\u0144 kopalniczych i hutniczych wykazywa\u0107 b\u0119d\u0105, Zarz\u0105d takowy sk\u0142ada\u0107 si\u0119 b\u0119dzie z 3 cz\u0142onk\u00f3w:<\/li>\n<\/ol>\n<p style=\"text-align: justify;\">Administruj\u0105cego technika, kt\u00f3ren zawsze ma by\u0107 do\u015bwiadczony i bieg\u0142y technik g\u00f3rniczy. Pod jego szczeg\u00f3\u0142owym nadzorern b\u0119dzie kopalnia miedzianog\u00f3rska jako \u017ar\u00f3d\u0142o zasob\u00f3w kruszcowych i og\u00f3lny nadz\u00f3r nad dzia\u0142aniami administracyjno-technicznemi.<\/p>\n<p style=\"text-align: justify;\">Zawiadowca techniczny. Pod jego kierunkiem b\u0119dzie codzienny bieg huty, wszelkie probiernie, topienie i czyszczenie miedzi i srebra, codzienne wykazywanie, jaka ilo\u015b\u0107 takowych metal\u00f3w zostaje otrzymywana, jako te\u017c wszelkie fabryczne roboty z dobrem hutnictwa \u0142\u0105czno\u015b\u0107 maj\u0105ce.<\/p>\n<p style=\"text-align: justify;\">Kasyjer filijalny utrzymywa\u0107 b\u0119dzie porz\u0105dek w wszelkich zapisach roboczych, prowadzi\u0107 rachunki wszelkich przep\u0142yw\u00f3w magazynowych i za takowe b\u0119dzie odpowiedzialnym, na koniec dope\u0142nia\u0107 miesi\u0119czne wyp\u0142aty robocze pod\u0142ug form i przepis\u00f3w, jakie mu buchalter g\u0142\u00f3wny zarz\u0105dzi i oznaczy.<\/p>\n<p style=\"text-align: justify;\">[&#8230;]<\/p>\n<ol style=\"text-align: justify;\" start=\"38\">\n<li>Z ko\u0144cem ka\u017cdego roku Zarz\u0105d, zamykaj\u0105c wszelkie rachunki, wyka\u017ce por\u00f3wnanie dzia\u0142a\u0144 ca\u0142orocznych z etatem zatwierdzonym, usprawiedliwi r\u00f3\u017cnic\u0119, jako te\u017c przedstawi zasadniczy projekt przysz\u0142orocznego dzia\u0142ania.<\/li>\n<\/ol>\n<p style=\"text-align: justify;\">[&#8230;]<\/p>\n<p style=\"text-align: justify;\">\u00a0D. Og\u00f3lne Zebranie Wsp\u00f3\u0142ki<\/p>\n<ol style=\"text-align: justify;\" start=\"40\">\n<li>Ka\u017cden posiadaj\u0105cy akcyj\u0105 jest stowarzyszonym do Wsp\u00f3\u0142ki. Obowi\u0105zanym b\u0119dzie pod\u0142ug wezwania Rady Nadzorczej przyby\u0107 na zbi\u00f3r og\u00f3lny, kt\u00f3ren swoje posiedzenia odbywa\u0107 b\u0119dzie w mie\u015bcie Kielcach.<\/li>\n<li>Przedmiota potrzebuj\u0105ce og\u00f3lnego zadecydowania przez og\u00f3lne zebranie zakwalifikowanemi b\u0119d\u0105 wprz\u00f3d przez Rad\u0119 Nadzorcz\u0105, kt\u00f3ra wybierze jednego cz\u0142onka do wnoszenia i obja\u015bnienia przedstawie\u0144. Wolno jednakowo\u017c b\u0119dzie cz\u0142onkom stowarzyszonym wnosi\u0107 swoje projekta, kt\u00f3re do dobra og\u00f3lnego zmierzaj\u0105.<\/li>\n<li>Zebrani cz\u0142onkowie co lat 2 zadecyduj\u0105 i umorz\u0105 zesz\u0142e rachunki, potwierdz\u0105 lub obior\u0105 now\u0105 Rad\u0119 Nadzorcz\u0105 albo zmieni\u0105 cz\u0142onk\u00f3w pojedynczych, potwierdz\u0105 etaty lub kontrakty, a wszelkie ustawy decydowa\u0107 b\u0119d\u0105 wi\u0119kszo\u015bci\u0105. g\u0142os\u00f3w przez siebie posiadanych.<\/li>\n<li>Liczby g\u0142os\u00f3w oznaczaj\u0105 si\u0119 w ten spos\u00f3b, stosownie do posiadanych akcyi:<\/li>\n<\/ol>\n<p style=\"text-align: justify;\">W\u0142a\u015bciciel od 1 do 10 akcyi ma 1 g\u0142os<\/p>\n<p style=\"text-align: justify;\">\u00a0\u00a0\u00a0\u00a0 \u201e\u00a0\u00a0\u00a0 \u00a0\u00a0\u00a0\u00a0\u00a0\u00a0\u00a0\u00a0\u00a0\u00a0 10 do 50\u00a0\u00a0\u00a0\u00a0 \u201e\u00a0\u00a0\u00a0\u00a0 \u201e 2 g\u0142osy<\/p>\n<p style=\"text-align: justify;\">\u00a0\u00a0\u00a0\u00a0 \u201e\u00a0\u00a0\u00a0\u00a0\u00a0\u00a0\u00a0\u00a0\u00a0\u00a0\u00a0\u00a0\u00a0\u00a0 50 do 100\u00a0\u00a0 \u201e\u00a0\u00a0\u00a0\u00a0 \u201e 3\u00a0\u00a0 \u201e<\/p>\n<p style=\"text-align: justify;\">\u00a0\u00a0\u00a0\u00a0 \u201e\u00a0\u00a0\u00a0\u00a0\u00a0\u00a0\u00a0\u00a0\u00a0\u00a0\u00a0\u00a0 100 do 200\u00a0\u00a0 \u201e\u00a0\u00a0 \u201e 4\u00a0\u00a0 \u201e<\/p>\n<p style=\"text-align: justify;\">\u00a0\u00a0\u00a0\u00a0 \u201e\u00a0\u00a0\u00a0 \u00a0\u00a0\u00a0\u00a0\u00a0\u00a0\u00a0\u00a0 200 akcyi wzwy\u017c \u201e 5 g\u0142os\u00f3w<\/p>\n<p style=\"text-align: justify;\">Najwi\u0119ksza przeto ilo\u015b\u0107 g\u0142os\u00f3w pi\u0119ciu b\u0119dzie udzia\u0142em ka\u017cdego, kto wi\u0119cej nad 200 akcyi posiada.<\/p>\n<p style=\"text-align: justify;\">[&#8230;]<\/p>\n<p style=\"text-align: justify;\">\u00a0E. Stosunki za\u0142o\u017cyciela Wsp\u00f3\u0142ki Kossowskiego w dzia\u0142aniu u\u017cytkowem<\/p>\n<ol style=\"text-align: justify;\" start=\"45\">\n<li>Po uko\u0144czeniu zak\u0142ad\u00f3w i ustanowieniu nowej organizacyi dzia\u0142alnej czynno\u015b\u0107 pe\u0142nomocnicza Kossowskiego ustaje. W tym czasie Kossowski zostaje tylko cz\u0142onkiem Og\u00f3lnego Zebrania Wsp\u00f3\u0142ki z prawem posiadania 5 g\u0142os\u00f3w, jako te\u017c sta\u0142ym, nieobieralnym cz\u0142onkiem Rady Nadzorczej [&#8230;].<\/li>\n<\/ol>\n<p style=\"text-align: justify;\">\u00a0Tytu\u0142 VI. Kapita\u0142 rezerwowy, \u017celazny<\/p>\n<p style=\"text-align: justify;\">[&#8230;]<\/p>\n<p style=\"text-align: justify;\">Tytu\u0142 VII. Inne ustawy funduszowe<\/p>\n<ol style=\"text-align: justify;\" start=\"47\">\n<li>Od czystych zysk\u00f3w potr\u0105ca\u0107 si\u0119 tak\u017ce b\u0119dzie 3\/100, kt\u00f3ry to fundusz oddanym b\u0119dzie do dyspozycyi Rady Nadzorczej. Tego funduszu w po\u0142owie Rada u\u017cyje na wszelkie koszta, jakie w stosunkach Swoich obowi\u0105zk\u00f3w zachodzi\u0107 b\u0119d\u0105, a mianowicie na koszta kancelaryjne, podr\u00f3\u017ce i inne nieprzewidziane potrzeby, w drugiej za\u015b po\u0142owie w cz\u0119\u015bci na wsparcie podupad\u0142ych rodzin g\u00f3rnik\u00f3w i hutnik\u00f3w, na nadzwyczajn\u0105 pomoc lekarsk\u0105, albowiem zwyczajna zaspokojona by\u0107 mo\u017ce pod\u0142ug praw Kasy Braterskiej w g\u00f3rnictwie rz\u0105dowem, a to ze sk\u0142adki od zarobk\u00f3w, kt\u00f3r\u0105 sami tylko g\u00f3rnicy i hutnicy ustanowi\u0107 i dysponowa\u0107 mog\u0105. Oszcz\u0119dno\u015b\u0107 przeznacza si\u0119 tu na koszta usposobienia m\u0142odych g\u00f3rnik\u00f3w i hutnik\u00f3w w zak\u0142adach bankowych technicznych lub zak\u0142adach fabrycznych za granic\u0105. Tym ca\u0142ym funduszem dysponowa\u0107 b\u0119d\u0105 cz\u0142onkowie Rady Nadzorczej pod\u0142ug w\u0142asnej uwagi i bez sk\u0142adania rachunk\u00f3w.<\/li>\n<\/ol>\n<p style=\"text-align: justify;\">Tytu\u0142 VIII. Poprowadzenie dzia\u0142alno\u015bci Wsp\u00f3\u0142ki w stosunkach z kontraktem rz\u0105dowym<\/p>\n<ol style=\"text-align: justify;\" start=\"48\">\n<li>Pod\u0142ug warunk\u00f3w kontraktu, mianowicie &amp; 5-6, rz\u0105d pobiera\u0107 b\u0119dzie olbor\u0119, to jest 1\/10 ctn. ukopanej rudy w stanie surowym, jako te\u017c prowadzi\u0107 techniczn\u0105 kontrol\u0119 dzia\u0142a\u0144 kopalni. w rozwini\u0119ciu czego urz\u0119dnikom na ten cel wyznaczonym wolny b\u0119dzie przyst\u0119p do zrewidowania kopalni, jako te\u017c do sprawdzania plan\u00f3w rysunkowych. [&#8230;]<\/li>\n<li>Kossowski<\/li>\n<\/ol>\n<p style=\"text-align: justify;\">Miedzianog\u00f3ra dnia 1 listopada 1851 r.<\/p>\n<p style=\"text-align: justify;\">(Pazdur J. 1957 &#8211; Zak\u0142ady Metalowe w Bia\u0142ogonie 1614-1914. Ossolineum, Wroc\u0142aw).<\/p>\n<p style=\"text-align: justify;\"><a href=\"#_ednref1\" name=\"_edn1\">[1]<\/a> Posada \u2013 tu: z\u0142o\u017ce.<br \/>\n<a href=\"#_ednref2\" name=\"_edn2\">[2]<\/a> rb &#8211; rubli.<br \/>\n<a href=\"#_ednref3\" name=\"_edn3\">[3]<\/a> ctn. \u2013 cetnar; 1 cetnar angielski (miara wagi u\u017cywana w XIX w.) to oko\u0142o 50 kg.<\/p>\n<blockquote>\n<p style=\"text-align: justify;\"><a href=\"http:\/\/www.miedziana.pl\/index.php\/fragment-artykulu-k-kossowskiego\/\">&#8222;O kopalni rudy miedzianej oko\u0142o Kielc w Kr\u00f3lestwie Polskim&#8221; &#8211; fragment artyku\u0142u Kazimierza Kossowskiego o kopalni miedzianog\u00f3rskiej<\/a><\/p>\n<\/blockquote>\n","protected":false},"excerpt":{"rendered":"<p>USTAWA DLA STOWARZYSZENIA AKCYJONARYJUSZ\u00d3W do interesu srebrno-miedzianego g\u00f3rnictwa pod Miedzianog\u00f3r\u0105 w okolicy Kielc na mocy kontraktu rz\u0105dowego Kazimierzowi Kossowskiemu wydanego przez Wydzia\u0142 G\u00f3rnictwa przy Komisyi Rz\u0105dowej Przychod\u00f3w i Skarbu pod dat\u0105 30 grudnia 1847 r. \u00a0Przyprowadzaj\u0105c do skutku projekt Stowarzyszenia Akcyjnego do interesu srebrno-miedzianego \u201eGazety Warszawskiej\u201d z dn. 4 wrze\u015bnia 1851 r. nr 71, przedmiot [&hellip;]<\/p>\n","protected":false},"author":1,"featured_media":0,"parent":0,"menu_order":0,"comment_status":"closed","ping_status":"closed","template":"","meta":{"footnotes":""},"class_list":["post-245","page","type-page","status-publish","hentry"],"_links":{"self":[{"href":"https:\/\/www.miedziana.pl\/index.php\/wp-json\/wp\/v2\/pages\/245","targetHints":{"allow":["GET"]}}],"collection":[{"href":"https:\/\/www.miedziana.pl\/index.php\/wp-json\/wp\/v2\/pages"}],"about":[{"href":"https:\/\/www.miedziana.pl\/index.php\/wp-json\/wp\/v2\/types\/page"}],"author":[{"embeddable":true,"href":"https:\/\/www.miedziana.pl\/index.php\/wp-json\/wp\/v2\/users\/1"}],"replies":[{"embeddable":true,"href":"https:\/\/www.miedziana.pl\/index.php\/wp-json\/wp\/v2\/comments?post=245"}],"version-history":[{"count":6,"href":"https:\/\/www.miedziana.pl\/index.php\/wp-json\/wp\/v2\/pages\/245\/revisions"}],"predecessor-version":[{"id":538,"href":"https:\/\/www.miedziana.pl\/index.php\/wp-json\/wp\/v2\/pages\/245\/revisions\/538"}],"wp:attachment":[{"href":"https:\/\/www.miedziana.pl\/index.php\/wp-json\/wp\/v2\/media?parent=245"}],"curies":[{"name":"wp","href":"https:\/\/api.w.org\/{rel}","templated":true}]}}