{"id":31,"date":"2015-08-06T10:14:15","date_gmt":"2015-08-06T08:14:15","guid":{"rendered":"http:\/\/www.miedziana.pl\/?page_id=31"},"modified":"2020-12-13T16:36:59","modified_gmt":"2020-12-13T15:36:59","slug":"swiadectwa-przeszlosci","status":"publish","type":"page","link":"https:\/\/www.miedziana.pl\/index.php\/swiadectwa-przeszlosci\/","title":{"rendered":"\u015awiadectwa przesz\u0142o\u015bci"},"content":{"rendered":"<p style=\"text-align: justify;\">Przewaga ska\u0142 ilastych w miedzianog\u00f3rskiej strefie z\u0142o\u017cowej powoduje, i\u017c podziemne wyrobiska kopal\u0144 w wi\u0119kszo\u015bci nie istniej\u0105, zosta\u0142y bowiem zacisni\u0119te plastycznymi ska\u0142ami otoczenia. Wszystkie szyby kopal\u0144 w Miedzianej G\u00f3rze i na wzg\u00f3rzu \u0141aw\u0119czna zawalily si\u0119 lub zosta\u0142y zasypane. Jednak kilkuwiekowa eksploatacja polimetalicznych rud pozostawi\u0142a po sobie ha\u0142dy oraz zag\u0142\u0119bienia (leje) w miejscach szyb\u00f3w. Kszta\u0142ty i rozmiary tych form s\u0105 zr\u00f3\u017cnicowane, co wynika ze stosowania odmiennych technik wydobycia w r\u00f3\u017cnych okresach eksploatacji z\u0142o\u017ca. Na pierwotny kszta\u0142t wielu \u015blad\u00f3w g\u00f3rnictwa nak\u0142adaj\u0105 si\u0119 ponadto p\u00f3\u017aniejsze zmiany zwi\u0105zane z nieg\u00f3rnicz\u0105 dzia\u0142alno\u015bci\u0105 cz\u0142owieka, np. z rozbudow\u0105 wsi czy gospodark\u0105 roln\u0105. Ro\u017cne typy \u015blad\u00f3w g\u00f3rnictwa miedzianog\u00f3rskiego zachowanych we wsp\u00f3\u0142czesnej rze\u017abie terenu prezentuje rycina 15.<\/p>\n<div id=\"attachment_279\" style=\"width: 239px\" class=\"wp-caption alignleft\"><a href=\"https:\/\/www.miedziana.pl\/wp-content\/uploads\/2015\/08\/ryc15.jpg\"><img loading=\"lazy\" decoding=\"async\" aria-describedby=\"caption-attachment-279\" class=\"wp-image-279 size-medium\" src=\"https:\/\/www.miedziana.pl\/wp-content\/uploads\/2015\/08\/ryc15-229x300.jpg\" alt=\"Ryc. 15.\" width=\"229\" height=\"300\" srcset=\"https:\/\/www.miedziana.pl\/wp-content\/uploads\/2015\/08\/ryc15-229x300.jpg 229w, https:\/\/www.miedziana.pl\/wp-content\/uploads\/2015\/08\/ryc15-782x1024.jpg 782w, https:\/\/www.miedziana.pl\/wp-content\/uploads\/2015\/08\/ryc15.jpg 1000w\" sizes=\"auto, (max-width: 229px) 100vw, 229px\" \/><\/a><p id=\"caption-attachment-279\" class=\"wp-caption-text\">Ryc. 15. Typowe przyk\u0142ady powierzchniowych pozosta\u0142o\u015bci historycznego g\u00f3rnictwa na terenie Miedzianej G\u00f3ry i wzg\u00f3rza \u0141aw\u0119czna (obja\u015bnienia cyfr rzymskich w tek\u015bcie).<\/p><\/div>\n<p style=\"text-align: justify;\">&nbsp;Najbardziej charakterystycznymi formami rze\u017aby terenu, kt\u00f3re powsta\u0142y w wyniku dzia\u0142alno\u015bci g\u00f3rniczej s\u0105 leje szybowe o kszta\u0142cie odwr\u00f3conego sto\u017cka i \u015brednicy 4-16 m. Ha\u0142dy otaczaj\u0105ce takie leje maj\u0105 kszta\u0142t nasypu o wysoko\u015bci oko\u0142o lub ponad 2 m, p\u0142askiej, poziomej g\u00f3rnej powierzchni i stromych skarpach (ryc. 15, typ. I).<\/p>\n<p>&nbsp;<\/p>\n<div id=\"attachment_286\" style=\"width: 140px\" class=\"wp-caption alignright\"><a href=\"https:\/\/www.miedziana.pl\/wp-content\/uploads\/2015\/08\/stasiek.jpg\"><img loading=\"lazy\" decoding=\"async\" aria-describedby=\"caption-attachment-286\" class=\"wp-image-286\" src=\"https:\/\/www.miedziana.pl\/wp-content\/uploads\/2015\/08\/stasiek-150x150.jpg\" alt=\"Szyb Stanis\u0142aw\" width=\"130\" height=\"96\" srcset=\"https:\/\/www.miedziana.pl\/wp-content\/uploads\/2015\/08\/stasiek-300x222.jpg 300w, https:\/\/www.miedziana.pl\/wp-content\/uploads\/2015\/08\/stasiek-1024x757.jpg 1024w, https:\/\/www.miedziana.pl\/wp-content\/uploads\/2015\/08\/stasiek.jpg 1920w\" sizes=\"auto, (max-width: 130px) 100vw, 130px\" \/><\/a><p id=\"caption-attachment-286\" class=\"wp-caption-text\">Lej szybu \u201e<a href=\"http:\/\/www.miedziana.pl\/index.php\/szyb-stanislaw\/\">Stanis\u0142aw<\/a>\u201d, najwi\u0119kszy na terenie Miedzianej G\u00f3ry \u2013 niestety \u2013 zasypywany \u015bmieciami; pomnik przyrody nieo\u017cywionej od 1987 roku. Stan z 2003 r. Ryc 15, typ I. <a href=\"https:\/\/www.google.pl\/maps\/place\/50%C2%B056'04.6%22N+20%C2%B033'22.7%22E\/@50.9342093,20.5559029,370m\/data=!3m1!1e3!4m2!3m1!1s0x0:0x0\" target=\"_blank\" rel=\"noopener\">GPS 50\u00b056&#8217;5.14&#8243;N, 20\u00b033&#8217;21.08&#8243;E<\/a><\/p><\/div>\n<p style=\"text-align: justify;\">W pojedynczych przypadkach ha\u0142dom takim nie towarzysz\u0105 leje szybowe, kt\u00f3re zosta\u0142y ca\u0142kowicie zasypane. Kszta\u0142t i wielko\u015b\u0107 lej\u00f3w sugeruje znaczn\u0105 g\u0142\u0119boko\u015b\u0107 szyb\u00f3w, natomiast wielko\u015b\u0107 ha\u0142d wskazuje na ich powstanie w wyniku eksploatacji systemem filarowym (prowadz\u0105cej do wybrania materia\u0142u o du\u017cej obj\u0119to\u015bci). Obiekty te stanowi\u0105 wi\u0119c pozosta\u0142o\u015bci eksploatacji dziewi\u0119tnastowiecznej, ewentualnie z ko\u0144ca XVIII wieku i poszukiwa\u0144 dwudziestowiecznych i mo\u017cna je identyfikowa\u0107 z wyrobiskami zaznaczonymi na starych planach g\u00f3rniczych. <a href=\"http:\/\/www.miedziana.pl\/index.php\/szyb-stanislaw\/\">Szyb &#8222;Stanis\u0142aw&#8221; (1977-2018)<\/a><\/p>\n<div id=\"attachment_296\" style=\"width: 140px\" class=\"wp-caption alignright\"><a href=\"https:\/\/www.miedziana.pl\/wp-content\/uploads\/2015\/08\/barbara.jpg\"><img loading=\"lazy\" decoding=\"async\" aria-describedby=\"caption-attachment-296\" class=\"wp-image-296\" src=\"https:\/\/www.miedziana.pl\/wp-content\/uploads\/2015\/08\/barbara-150x150.jpg\" alt=\"Szby Barbara\" width=\"130\" height=\"87\" srcset=\"https:\/\/www.miedziana.pl\/wp-content\/uploads\/2015\/08\/barbara-300x200.jpg 300w, https:\/\/www.miedziana.pl\/wp-content\/uploads\/2015\/08\/barbara-1024x683.jpg 1024w, https:\/\/www.miedziana.pl\/wp-content\/uploads\/2015\/08\/barbara.jpg 1920w\" sizes=\"auto, (max-width: 130px) 100vw, 130px\" \/><\/a><p id=\"caption-attachment-296\" class=\"wp-caption-text\">Lej zapadliskowy i ha\u0142da szybu \u201eBarbara\u201d na wsch. zboczu G\u00f3ry Kaplicznej. Stan 2006, <a href=\"http:\/\/www.miedziana.pl\/index.php\/szyb-barbara\/\">2018<\/a>. Ryc 15, typ I. <a href=\"https:\/\/www.google.pl\/maps\/place\/50%C2%B056'02.5%22N+20%C2%B033'40.9%22E\/@50.934018,20.561366,371m\/data=!3m1!1e3!4m2!3m1!1s0x0:0x0\" target=\"_blank\" rel=\"noopener\">GPS 50\u00b056&#8217;02.5&#8243;N 20\u00b033&#8217;40.9&#8243;E<\/a><\/p><\/div>\n<p style=\"text-align: justify;\">Do najbardziej typowych przyk\u0142ad\u00f3w takich form nale\u017cy lej przy szybie \u201e<a href=\"http:\/\/www.miedziana.pl\/index.php\/szyb-stanislaw\/\">Stanis\u0142aw<\/a>\u201d odbudowywanym jeszcze w po\u0142owie XX wieku, ha\u0142dy przy dziewi\u0119tnastowiecznych szybach \u201e<a href=\"https:\/\/www.miedziana.pl\/wp-content\/uploads\/2015\/08\/franciszek.jpg\">Franciszek<\/a>\u201d&nbsp; i \u201e<a href=\"https:\/\/www.miedziana.pl\/wp-content\/uploads\/2015\/08\/barbara.jpg\">Barbara<\/a>\u201d&nbsp; a tak\u017ce pozosta\u0142o\u015bci \u201e<a href=\"https:\/\/www.miedziana.pl\/wp-content\/uploads\/2015\/08\/austriacki_II_1.jpg\">Szybu Austriackiego II<\/a>\u201d.<\/p>\n<div id=\"attachment_314\" style=\"width: 140px\" class=\"wp-caption alignleft\"><a href=\"https:\/\/www.miedziana.pl\/wp-content\/uploads\/2015\/08\/laweczna_3.jpg\"><img loading=\"lazy\" decoding=\"async\" aria-describedby=\"caption-attachment-314\" class=\"wp-image-314\" src=\"https:\/\/www.miedziana.pl\/wp-content\/uploads\/2015\/08\/laweczna_3-150x150.jpg\" alt=\"\" width=\"130\" height=\"88\" srcset=\"https:\/\/www.miedziana.pl\/wp-content\/uploads\/2015\/08\/laweczna_3-300x203.jpg 300w, https:\/\/www.miedziana.pl\/wp-content\/uploads\/2015\/08\/laweczna_3-1024x693.jpg 1024w, https:\/\/www.miedziana.pl\/wp-content\/uploads\/2015\/08\/laweczna_3.jpg 1920w\" sizes=\"auto, (max-width: 130px) 100vw, 130px\" \/><\/a><p id=\"caption-attachment-314\" class=\"wp-caption-text\">Niewielki lej szybowy otoczony pier\u015bcieniem ha\u0142dy, zaro\u015bni\u0119ty lasem na wzg\u00f3rzu \u0141aw\u0119czna. Ryc. 15, typ. II. <a href=\"https:\/\/www.google.pl\/maps\/place\/50%C2%B056'21.5%22N+20%C2%B032'06.7%22E\/@50.939305,20.535205,718m\/data=!3m2!1e3!4b1!4m2!3m1!1s0x0:0x0\" target=\"_blank\" rel=\"noopener\">GPS 50\u00b056&#8217;21.5&#8243;N 20\u00b032&#8217;06.7&#8243;E<\/a><\/p><\/div>\n<p style=\"text-align: justify;\">&nbsp;Opr\u00f3cz du\u017cych ha\u0142d i zapadlisk, na polach g\u00f3rniczych zachowa\u0142y si\u0119 obiekty o mniejszych rozmiarach i nieco odmiennych kszta\u0142tach. S\u0105 to zag\u0142\u0119bienia o \u015brednicy 3-8 m, g\u0142\u0119boko\u015bci 1-3 m i najcz\u0119\u015bciej zaokr\u0105glonym dnie. Zag\u0142\u0119bieniom towarzysz\u0105 zwa\u0142owiska maj\u0105ce najcz\u0119\u015bciej kszta\u0142t niewysokiego wa\u0142u otaczaj\u0105cego pier\u015bcieniem zag\u0142\u0119bienie (ryc. 15, typ. II, <a href=\"http:\/\/www.miedziana.pl\/wp-content\/uploads\/2015\/08\/laweczna_3.jpg\">fot.<\/a>). Opisywane formy stanowi\u0105 \u015blady eksploatacji prowadzonej systemem wieloszybikowym, a wi\u0119c g\u00f3rnictwa kruszcowego (rud miedzi i cynku) starszego ni\u017c dziewi\u0119tnastowieczne, ewentualnie pozosta\u0142o\u015bci p\u0142ytkiej eksploatacji rud limonitowych czapy \u017celazistej.<\/p>\n<div id=\"attachment_292\" style=\"width: 140px\" class=\"wp-caption alignleft\"><a href=\"https:\/\/www.miedziana.pl\/wp-content\/uploads\/2015\/08\/franciszek.jpg\"><img loading=\"lazy\" decoding=\"async\" aria-describedby=\"caption-attachment-292\" class=\"wp-image-292\" src=\"https:\/\/www.miedziana.pl\/wp-content\/uploads\/2015\/08\/franciszek-150x150.jpg\" alt=\"Szyb Franciszek\" width=\"130\" height=\"87\" srcset=\"https:\/\/www.miedziana.pl\/wp-content\/uploads\/2015\/08\/franciszek-300x200.jpg 300w, https:\/\/www.miedziana.pl\/wp-content\/uploads\/2015\/08\/franciszek-1024x683.jpg 1024w, https:\/\/www.miedziana.pl\/wp-content\/uploads\/2015\/08\/franciszek.jpg 1920w\" sizes=\"auto, (max-width: 130px) 100vw, 130px\" \/><\/a><p id=\"caption-attachment-292\" class=\"wp-caption-text\">Ha\u0142da szybu \u201eFranciszek\u201d. Dom stoi w miejscu dawnego szybu. Stan z 2003 r. Ryc 15, typ I. <a href=\"https:\/\/www.google.pl\/maps\/place\/50%C2%B056'00.8%22N+20%C2%B033'28.8%22E\/@50.933555,20.558004,370m\/data=!3m1!1e3!4m2!3m1!1s0x0:0x0\" target=\"_blank\" rel=\"noopener\">GPS 50\u00b056&#8217;00.8&#8243;N 20\u00b033&#8217;28.8&#8243;E<\/a><\/p><\/div>\n<div id=\"attachment_306\" style=\"width: 140px\" class=\"wp-caption alignleft\"><a href=\"https:\/\/www.miedziana.pl\/wp-content\/uploads\/2015\/08\/austriacki_II_1.jpg\"><img loading=\"lazy\" decoding=\"async\" aria-describedby=\"caption-attachment-306\" class=\"wp-image-306\" src=\"https:\/\/www.miedziana.pl\/wp-content\/uploads\/2015\/08\/austriacki_II_1-150x150.jpg\" alt=\"Szyb Austriacki II\" width=\"130\" height=\"87\" srcset=\"https:\/\/www.miedziana.pl\/wp-content\/uploads\/2015\/08\/austriacki_II_1-300x200.jpg 300w, https:\/\/www.miedziana.pl\/wp-content\/uploads\/2015\/08\/austriacki_II_1-1024x683.jpg 1024w, https:\/\/www.miedziana.pl\/wp-content\/uploads\/2015\/08\/austriacki_II_1.jpg 1920w\" sizes=\"auto, (max-width: 130px) 100vw, 130px\" \/><\/a><p id=\"caption-attachment-306\" class=\"wp-caption-text\">Lej zapadliskowy \u201eSzybu Austriackiego II\u201d, pomnik przyrody nieo\u017cywionej od 1987 roku. Ryc 15, typ I. <a href=\"https:\/\/www.google.pl\/maps\/place\/50%C2%B056'01.5%22N+20%C2%B033'19.0%22E\/@50.93375,20.555288,370m\/data=!3m1!1e3!4m2!3m1!1s0x0:0x0\" target=\"_blank\" rel=\"noopener\">GPS 50\u00b056&#8217;01.5&#8243;N 20\u00b033&#8217;19.0&#8243;E<\/a><\/p><\/div>\n<div id=\"attachment_615\" style=\"width: 140px\" class=\"wp-caption alignleft\"><a href=\"https:\/\/www.miedziana.pl\/wp-content\/uploads\/2015\/08\/autr2015.jpg\"><img loading=\"lazy\" decoding=\"async\" aria-describedby=\"caption-attachment-615\" class=\"wp-image-615\" src=\"https:\/\/www.miedziana.pl\/wp-content\/uploads\/2015\/08\/autr2015-150x150.jpg\" alt=\"Szyb Austriacki II\" width=\"130\" height=\"87\" srcset=\"https:\/\/www.miedziana.pl\/wp-content\/uploads\/2015\/08\/autr2015-300x200.jpg 300w, https:\/\/www.miedziana.pl\/wp-content\/uploads\/2015\/08\/autr2015-1024x683.jpg 1024w, https:\/\/www.miedziana.pl\/wp-content\/uploads\/2015\/08\/autr2015.jpg 1920w\" sizes=\"auto, (max-width: 130px) 100vw, 130px\" \/><\/a><p id=\"caption-attachment-615\" class=\"wp-caption-text\">Widok od po\u0142udnia (poro\u015bni\u0119tej drzewami) ha\u0142dy szybu &#8222;Austriackiego II&#8221;. <a href=\"https:\/\/www.google.pl\/maps\/place\/50%C2%B055'59.9%22N+20%C2%B033'18.1%22E\/@50.933298,20.555032,603m\/data=!3m2!1e3!4b1!4m2!3m1!1s0x0:0x0\" target=\"_blank\" rel=\"noopener\">GPS 50\u00b055&#8217;59.9&#8243;N 20\u00b033&#8217;18.1&#8243;E<\/a><\/p><\/div>\n<p style=\"text-align: justify;\">W obr\u0119bie p\u00f3l g\u00f3rniczych wzg\u00f3rza \u0141aw\u0119czno obok ewidentnych \u015blad\u00f3w g\u00f3rnictwa wyst\u0119puj\u0105 tak\u017ce do\u015b\u0107 licznie niewielkie (o \u015brednicy 3-4 m) zag\u0142\u0119bienia, niekiedy sto\u017ckowate, kt\u00f3rym nie towarzysz\u0105 zwa\u0142owiska (ryc. 15, typ III, <a href=\"https:\/\/www.miedziana.pl\/wp-content\/uploads\/2015\/08\/laweczna_7.jpg\">fot.<\/a>). Na obu polach g\u00f3rniczych \u2013 w Miedzianej G\u00f3rze i na \u0141aw\u0119cznej nieliczne natomiast s\u0105 wi\u0119ksze nieregularne zag\u0142\u0119bienia pozbawione ha\u0142d lub formy wypuk\u0142e, przypominaj\u0105ce ha\u0142dy, lecz pozbawione lej\u00f3w (ryc. 15, typ. IV).<\/p>\n<div id=\"attachment_324\" style=\"width: 140px\" class=\"wp-caption alignright\"><a href=\"https:\/\/www.miedziana.pl\/wp-content\/uploads\/2015\/08\/austriacki_I.jpg\"><img loading=\"lazy\" decoding=\"async\" aria-describedby=\"caption-attachment-324\" class=\"wp-image-324\" src=\"https:\/\/www.miedziana.pl\/wp-content\/uploads\/2015\/08\/austriacki_I-150x150.jpg\" alt=\"Szyb Austriacki I\" width=\"130\" height=\"87\" srcset=\"https:\/\/www.miedziana.pl\/wp-content\/uploads\/2015\/08\/austriacki_I-300x200.jpg 300w, https:\/\/www.miedziana.pl\/wp-content\/uploads\/2015\/08\/austriacki_I-1024x683.jpg 1024w, https:\/\/www.miedziana.pl\/wp-content\/uploads\/2015\/08\/austriacki_I.jpg 1920w\" sizes=\"auto, (max-width: 130px) 100vw, 130px\" \/><\/a><p id=\"caption-attachment-324\" class=\"wp-caption-text\">Stawek w miejscu \u201eSzybu Austriackiego I. Stan w 2002 r. <a href=\"https:\/\/www.google.pl\/maps\/place\/50%C2%B056'00.1%22N+20%C2%B033'55.0%22E\/@50.933361,20.565268,253m\/data=!3m2!1e3!4b1!4m2!3m1!1s0x0:0x0\" target=\"_blank\" rel=\"noopener\">GPS 50\u00b056&#8217;00.1&#8243;N 20\u00b033&#8217;55.0&#8243;E<\/a><\/p><\/div>\n<p style=\"text-align: justify;\">S\u0105 w\u015br\u00f3d tych zag\u0142\u0119bie\u0144 na pewno leje zapadliskowe powsta\u0142e w miejscach zawa\u0142\u00f3w szyb\u00f3w lub innych podziemnych wyrobisk g\u00f3rniczych. Do takich nale\u017cy na przyk\u0142ad stawek w miejscu \u201e<a href=\"https:\/\/www.miedziana.pl\/wp-content\/uploads\/2015\/08\/austriacki_I.jpg\">Szybu Austriackiego I<\/a>\u201d w Miedzianej G\u00f3rze. Mog\u0105 to by\u0107 jednak r\u00f3wnie\u017c \u015blady odkrywkowej eksploatacji glin lub \u017cwir\u00f3w albo innej dzia\u0142alno\u015bci cz\u0142owieka. Pochodzenie form wypuk\u0142ych (wzg\u00f3rk\u00f3w) wyja\u015bni\u0107 mo\u017cna badaj\u0105c materia\u0142, z kt\u00f3rego s\u0105 zbudowane, kt\u00f3ry jest charakterystyczny, gdy s\u0105 to np. ha\u0142dy kopal\u0144 lub \u017cu\u017cla hutniczego. <a href=\"http:\/\/www.miedziana.pl\/index.php\/szyb-austriacki-i\/\">Szyb Austriacki I (1977-2012)<\/a>.<\/p>\n<div id=\"attachment_311\" style=\"width: 140px\" class=\"wp-caption alignleft\"><a href=\"https:\/\/www.miedziana.pl\/wp-content\/uploads\/2015\/08\/laweczna_7.jpg\"><img loading=\"lazy\" decoding=\"async\" aria-describedby=\"caption-attachment-311\" class=\"wp-image-311\" src=\"https:\/\/www.miedziana.pl\/wp-content\/uploads\/2015\/08\/laweczna_7-150x150.jpg\" alt=\"\u0141aw\u0119czna\" width=\"130\" height=\"87\" srcset=\"https:\/\/www.miedziana.pl\/wp-content\/uploads\/2015\/08\/laweczna_7-300x200.jpg 300w, https:\/\/www.miedziana.pl\/wp-content\/uploads\/2015\/08\/laweczna_7-1024x683.jpg 1024w, https:\/\/www.miedziana.pl\/wp-content\/uploads\/2015\/08\/laweczna_7.jpg 1920w\" sizes=\"auto, (max-width: 130px) 100vw, 130px\" \/><\/a><p id=\"caption-attachment-311\" class=\"wp-caption-text\">Prawdopodobnie lej szybowy pozbawiony jednak ha\u0142dy i zaro\u015bni\u0119ty lasem na wzg\u00f3rzu \u0141aw\u0119czna. Ryc. 15, typ III. <a href=\"https:\/\/www.google.pl\/maps\/place\/50%C2%B056'21.5%22N+20%C2%B032'06.7%22E\/@50.939305,20.535205,718m\/data=!3m2!1e3!4b1!4m2!3m1!1s0x0:0x0\" target=\"_blank\" rel=\"noopener\">GPS 50\u00b056&#8217;21.5&#8243;N 20\u00b032&#8217;06.7&#8243;E<\/a><\/p><\/div>\n<p style=\"text-align: justify;\">&nbsp;Do obiekt\u00f3w o nie zawsze sprecyzowanej genezie nale\u017c\u0105 zag\u0142\u0119bienia na stokach wzniesie\u0144, kt\u00f3re przypominaj\u0105 ma\u0142e oraz wi\u0119ksze zboczowe \u0142omiki skalne (ryc. 15, typ. V, <a href=\"https:\/\/www.miedziana.pl\/wp-content\/uploads\/2015\/08\/zbocze_kaplicznej.jpg\">fot.<\/a>). Zdaniem geologa Z. Rubinowskiego niekt\u00f3re z nich stanowi\u0142y pozosta\u0142o\u015b\u0107 szyb\u00f3w g\u00f3rniczych zaznaczonych na planie kopalni miedzianog\u00f3rskiej z 1782 r. Czym s\u0105 dla nas te widoczne w rze\u017abie terenu pozosta\u0142o\u015bci g\u00f3rnictwa? S\u0105 one \u015bwiadectwem pracy naszych przodk\u00f3w i \u2013 jak ka\u017cda inna materialna pozosta\u0142o\u015b\u0107 dawnych epok: ko\u015bci\u00f3\u0142, zamek czy drewniana chata \u2013 zabytkiem historycznym. Ha\u0142dy i leje szybowe stanowi\u0105 zabytki kultury materialnej, \u015bci\u015blej \u2013 techniki g\u00f3rniczej.<\/p>\n<div id=\"attachment_322\" style=\"width: 140px\" class=\"wp-caption alignright\"><a href=\"https:\/\/www.miedziana.pl\/wp-content\/uploads\/2015\/08\/zbocze_kaplicznej.jpg\"><img loading=\"lazy\" decoding=\"async\" aria-describedby=\"caption-attachment-322\" class=\"wp-image-322\" src=\"https:\/\/www.miedziana.pl\/wp-content\/uploads\/2015\/08\/zbocze_kaplicznej-150x150.jpg\" alt=\"Zbocze Kaplicznej\" width=\"130\" height=\"82\" srcset=\"https:\/\/www.miedziana.pl\/wp-content\/uploads\/2015\/08\/zbocze_kaplicznej-300x190.jpg 300w, https:\/\/www.miedziana.pl\/wp-content\/uploads\/2015\/08\/zbocze_kaplicznej-1024x648.jpg 1024w, https:\/\/www.miedziana.pl\/wp-content\/uploads\/2015\/08\/zbocze_kaplicznej.jpg 1920w\" sizes=\"auto, (max-width: 130px) 100vw, 130px\" \/><\/a><p id=\"caption-attachment-322\" class=\"wp-caption-text\">Zaro\u015bni\u0119te antropogeniczne zag\u0142\u0119bienia, na stoku G\u00f3ry Kaplicznej w Miedzianej G\u00f3rze. Ryc. 15, typ. V. <a href=\"https:\/\/www.google.pl\/maps\/place\/50%C2%B056'06.6%22N+20%C2%B033'22.7%22E\/@50.935172,20.556304,371m\/data=!3m2!1e3!4b1!4m2!3m1!1s0x0:0x0\" target=\"_blank\" rel=\"noopener\">GPS 50\u00b056&#8217;06.6&#8243;N 20\u00b033&#8217;22.7&#8243;E<\/a><\/p><\/div>\n<p style=\"text-align: justify;\">Informuj\u0105 o po\u0142o\u017ceniu kopalni, rozlokowaniu szyb\u00f3w \u0142\u0105cz\u0105cych podziemne chodniki z powierzchni\u0105, ilo\u015bci wydobywanego materia\u0142u a nawet o technologii eksploatacji, a wi\u0119c po\u015brednio o okresie historycznym, w kt\u00f3rym si\u0119 odbywa\u0142a. Je\u015bli brak historycznych \u017ar\u00f3de\u0142 pisanych, dawne ha\u0142dy i leje s\u0105 cz\u0119sto jedynym dokumentem informuj\u0105cym o wydobyciu. Je\u015bli za\u015b takie \u017ar\u00f3d\u0142a s\u0105 \u2013 badania zabytk\u00f3w g\u00f3rniczych pozwalaj\u0105 na poszerzenie i zobiektywizowanie informacji zawartych w dokumentach historycznych.<\/p>\n<blockquote>\n<p style=\"text-align: justify;\"><strong><a href=\"https:\/\/www.miedziana.pl\/index.php\/pole-gornicze-na-wzgorzu-laweczna\/\">Pole g\u00f3rnicze na wzg\u00f3rzu \u0141aw\u0119czna<\/a><\/strong><\/p>\n<\/blockquote>\n<div id=\"attachment_283\" style=\"width: 310px\" class=\"wp-caption alignleft\"><a href=\"https:\/\/www.miedziana.pl\/wp-content\/uploads\/2015\/08\/gracka.jpg\"><img loading=\"lazy\" decoding=\"async\" aria-describedby=\"caption-attachment-283\" class=\"wp-image-283 size-medium\" src=\"https:\/\/www.miedziana.pl\/wp-content\/uploads\/2015\/08\/gracka-300x124.jpg\" alt=\"Gracka i korba\" width=\"300\" height=\"124\" srcset=\"https:\/\/www.miedziana.pl\/wp-content\/uploads\/2015\/08\/gracka-300x124.jpg 300w, https:\/\/www.miedziana.pl\/wp-content\/uploads\/2015\/08\/gracka-1024x422.jpg 1024w, https:\/\/www.miedziana.pl\/wp-content\/uploads\/2015\/08\/gracka.jpg 1920w\" sizes=\"auto, (max-width: 300px) 100vw, 300px\" \/><\/a><p id=\"caption-attachment-283\" class=\"wp-caption-text\">W Muzeum G\u00f3rnictwa W\u0119glowego w Zabrzu zachowa\u0142y si\u0119 narz\u0119dzia z kopalni miedzianog\u00f3rskiej.<\/p><\/div>\n<p style=\"text-align: justify;\">W przypadku g\u00f3rnictwa miedzianog\u00f3rskiego mamy do czynienia z du\u017c\u0105 ilo\u015bci\u0105 historycznych \u017ar\u00f3de\u0142 pisanych, w tym dawnych plan\u00f3w g\u00f3rniczych. Mo\u017cliwe jest wi\u0119c w tym wypadku ich por\u00f3wnanie z materialnymi pozosta\u0142o\u015bciami eksploatacji w terenie, co czyni ze \u015blad\u00f3w g\u00f3rnictwa miedzianog\u00f3rskiego obiekt modelowy dla takich \u2013 detektywistycznych prawie \u2013 poszukiwa\u0144 i stawia w rz\u0119dzie najwa\u017cniejszych zabytk\u00f3w kultury materialnej w regionie \u015bwi\u0119tokrzyskim.<\/p>\n<div id=\"attachment_607\" style=\"width: 310px\" class=\"wp-caption alignright\"><a href=\"https:\/\/www.miedziana.pl\/wp-content\/uploads\/2015\/08\/k1s.jpg\"><img loading=\"lazy\" decoding=\"async\" aria-describedby=\"caption-attachment-607\" class=\"wp-image-607 size-medium\" src=\"https:\/\/www.miedziana.pl\/wp-content\/uploads\/2015\/08\/k1s-300x210.jpg\" alt=\"\" width=\"300\" height=\"210\" srcset=\"https:\/\/www.miedziana.pl\/wp-content\/uploads\/2015\/08\/k1s-300x210.jpg 300w, https:\/\/www.miedziana.pl\/wp-content\/uploads\/2015\/08\/k1s-1024x718.jpg 1024w, https:\/\/www.miedziana.pl\/wp-content\/uploads\/2015\/08\/k1s.jpg 1858w\" sizes=\"auto, (max-width: 300px) 100vw, 300px\" \/><\/a><p id=\"caption-attachment-607\" class=\"wp-caption-text\">Kaplica \u015bw. Barbary patronki g\u00f3rnik\u00f3w, na szczycie G\u00f3ry Kaplicznej w Miedzianej G\u00f3rze (obecna murowana, wybudowana zosta\u0142a w XIX wieku), 2012 r.<\/p><\/div>\n<blockquote>\n<p style=\"text-align: center;\"><a href=\"https:\/\/www.miedziana.pl\/index.php\/kaplica-sw-barbary\/\"><strong>Kaplica \u015bw. Barbary<\/strong><\/a><\/p>\n<\/blockquote>\n<div id=\"attachment_357\" style=\"width: 645px\" class=\"wp-caption alignnone\"><a href=\"https:\/\/www.miedziana.pl\/wp-content\/uploads\/2015\/08\/all.jpg\"><img loading=\"lazy\" decoding=\"async\" aria-describedby=\"caption-attachment-357\" class=\"wp-image-357\" src=\"https:\/\/www.miedziana.pl\/wp-content\/uploads\/2015\/08\/all-1024x640.jpg\" alt=\"Ryc. 16. Powierzchniowe pozosta\u0142o\u015bci rob\u00f3t g\u00f3rniczych na terenie Miedzianej G\u00f3ry (stan z 1977 r.) na tle lokalizacji szyb\u00f3w kopalni miedzianog\u00f3rskich wed\u0142ug dawnych plan\u00f3w.\" width=\"635\" height=\"397\" srcset=\"https:\/\/www.miedziana.pl\/wp-content\/uploads\/2015\/08\/all-1024x640.jpg 1024w, https:\/\/www.miedziana.pl\/wp-content\/uploads\/2015\/08\/all-300x188.jpg 300w, https:\/\/www.miedziana.pl\/wp-content\/uploads\/2015\/08\/all.jpg 1920w\" sizes=\"auto, (max-width: 635px) 100vw, 635px\" \/><\/a><p id=\"caption-attachment-357\" class=\"wp-caption-text\">Ryc. 16. Powierzchniowe pozosta\u0142o\u015bci rob\u00f3t g\u00f3rniczych na terenie Miedzianej G\u00f3ry (stan z 1977 r.) na tle lokalizacji szyb\u00f3w kopalni miedzianog\u00f3rskich wed\u0142ug dawnych plan\u00f3w.<\/p><\/div>\n<p style=\"text-align: justify;\">\n","protected":false},"excerpt":{"rendered":"<p>Przewaga ska\u0142 ilastych w miedzianog\u00f3rskiej strefie z\u0142o\u017cowej powoduje, i\u017c podziemne wyrobiska kopal\u0144 w wi\u0119kszo\u015bci nie istniej\u0105, zosta\u0142y bowiem zacisni\u0119te plastycznymi ska\u0142ami otoczenia. Wszystkie szyby kopal\u0144 w Miedzianej G\u00f3rze i na wzg\u00f3rzu \u0141aw\u0119czna zawalily si\u0119 lub zosta\u0142y zasypane. Jednak kilkuwiekowa eksploatacja polimetalicznych rud pozostawi\u0142a po sobie ha\u0142dy oraz zag\u0142\u0119bienia (leje) w miejscach szyb\u00f3w. Kszta\u0142ty i rozmiary [&hellip;]<\/p>\n","protected":false},"author":1,"featured_media":0,"parent":0,"menu_order":0,"comment_status":"closed","ping_status":"closed","template":"","meta":{"footnotes":""},"class_list":["post-31","page","type-page","status-publish","hentry"],"_links":{"self":[{"href":"https:\/\/www.miedziana.pl\/index.php\/wp-json\/wp\/v2\/pages\/31","targetHints":{"allow":["GET"]}}],"collection":[{"href":"https:\/\/www.miedziana.pl\/index.php\/wp-json\/wp\/v2\/pages"}],"about":[{"href":"https:\/\/www.miedziana.pl\/index.php\/wp-json\/wp\/v2\/types\/page"}],"author":[{"embeddable":true,"href":"https:\/\/www.miedziana.pl\/index.php\/wp-json\/wp\/v2\/users\/1"}],"replies":[{"embeddable":true,"href":"https:\/\/www.miedziana.pl\/index.php\/wp-json\/wp\/v2\/comments?post=31"}],"version-history":[{"count":107,"href":"https:\/\/www.miedziana.pl\/index.php\/wp-json\/wp\/v2\/pages\/31\/revisions"}],"predecessor-version":[{"id":1192,"href":"https:\/\/www.miedziana.pl\/index.php\/wp-json\/wp\/v2\/pages\/31\/revisions\/1192"}],"wp:attachment":[{"href":"https:\/\/www.miedziana.pl\/index.php\/wp-json\/wp\/v2\/media?parent=31"}],"curies":[{"name":"wp","href":"https:\/\/api.w.org\/{rel}","templated":true}]}}