{"id":385,"date":"2015-08-14T17:48:26","date_gmt":"2015-08-14T15:48:26","guid":{"rendered":"http:\/\/www.miedziana.pl\/?page_id=385"},"modified":"2025-04-23T11:10:18","modified_gmt":"2025-04-23T09:10:18","slug":"przerobka-rud-miedzi-w-miedzianej-gorze","status":"publish","type":"page","link":"https:\/\/www.miedziana.pl\/index.php\/przerobka-rud-miedzi-w-miedzianej-gorze\/","title":{"rendered":"Przer\u00f3bka rud miedzi w Miedzianej G\u00f3rze"},"content":{"rendered":"<div id=\"attachment_389\" style=\"width: 310px\" class=\"wp-caption alignleft\"><a href=\"https:\/\/www.miedziana.pl\/wp-content\/uploads\/2015\/08\/zuzel_2.jpg\"><img loading=\"lazy\" decoding=\"async\" aria-describedby=\"caption-attachment-389\" class=\"wp-image-389 size-medium\" src=\"https:\/\/www.miedziana.pl\/wp-content\/uploads\/2015\/08\/zuzel_2-300x185.jpg\" alt=\"\u017bu\u017cle miedziane\" width=\"300\" height=\"185\" srcset=\"https:\/\/www.miedziana.pl\/wp-content\/uploads\/2015\/08\/zuzel_2-300x185.jpg 300w, https:\/\/www.miedziana.pl\/wp-content\/uploads\/2015\/08\/zuzel_2-1024x633.jpg 1024w, https:\/\/www.miedziana.pl\/wp-content\/uploads\/2015\/08\/zuzel_2.jpg 1920w\" sizes=\"auto, (max-width: 300px) 100vw, 300px\" \/><\/a><p id=\"caption-attachment-389\" class=\"wp-caption-text\">\u017bu\u017cle miedziane<\/p><\/div>\n<p style=\"text-align: justify;\">Na wschodnim zboczu G\u00f3ry Kaplicznej w XVII wieku, a potem w ko\u0144cu wieku XVIII znajdowa\u0142a si\u0119 huta miedzi. Do dzisiaj zachowa\u0142o si\u0119 miejsce, w kt\u00f3rym mo\u017cemy znale\u017a\u0107 \u017cu\u017cle pochodz\u0105ce z wytop\u00f3w w tej hucie.Makroskopowo mo\u017cna podzieli\u0107 je na niebiesko-fioletowe (smugowane), wi\u015bniowe, ciemnoszare oraz czarne. Na powierzchni widoczne s\u0105 liczne kawerny po p\u0119cherzykach gazowych, mo\u017cemy te\u017c czasem znale\u017a\u0107 drobne fragmenty w\u0119gla drzewnego tkwi\u0105ce w \u017cu\u017clu. Analiza chemiczna przeprowadzona przez Z. Kowalczewskiego i A. Szczeci\u0144sk\u0105 wykaza\u0142a, \u017ce \u017cu\u017cle s\u0105 polimetaliczne podobnie jak i rudy, z kt\u00f3rych pochodz\u0105. Oznaczona przez tych autor\u00f3w procentowa zawarto\u015b\u0107 niekt\u00f3rych metali w \u017cu\u017clach wynosi\u0142a:<br \/>\nmied\u017a \u2013 0,70-1,12<br \/>\ncynk \u2013 0,05-0,07<br \/>\no\u0142\u00f3w \u2013 1,68-2,10<br \/>\nsrebro \u2013 0,001-0,0001<\/p>\n<p><a href=\"https:\/\/www.researchgate.net\/publication\/364425955\" target=\"_blank\" rel=\"noopener\">Badania \u017cu\u017cli i rekonstrukcja techniki hutniczej (2022 r.)<\/a><\/p>\n<p>K. Kupczak, R.Warchulski, A. Gaw\u0119da. Reconstruction of smelting conditions during 16th\u2010 to 18th\u2010century copper ore processing in the Kielce region (Old Polish Industrial District) based on slags from Miedziana G\u00f3ra, Poland, 2022, DOI: 10.1111\/arcm.12837<\/p>\n<p><a href=\"https:\/\/doi.org\/10.1016\/j.gexplo.2025.107743\" target=\"_blank\" rel=\"noopener\">Badania \u017cu\u017cli i ich wp\u0142yw na gleb\u0119<\/a><\/p>\n<p>K. Kupczak, R. Warchulski, V. Ettler, M. Mihaljevi\u010d. The impact of buried historical copper slags on contemporary soil contamination, Journal of Geochemical Exploration, Volume 273, June 2025, 107743, https:\/\/doi.org\/10.1016\/j.gexplo.2025.107743<\/p>\n<div id=\"attachment_391\" style=\"width: 310px\" class=\"wp-caption alignleft\"><a href=\"https:\/\/www.miedziana.pl\/wp-content\/uploads\/2015\/08\/zbocze.jpg\"><img loading=\"lazy\" decoding=\"async\" aria-describedby=\"caption-attachment-391\" class=\"wp-image-391 size-medium\" src=\"https:\/\/www.miedziana.pl\/wp-content\/uploads\/2015\/08\/zbocze-300x171.jpg\" alt=\"zbocze\" width=\"300\" height=\"171\" srcset=\"https:\/\/www.miedziana.pl\/wp-content\/uploads\/2015\/08\/zbocze-300x171.jpg 300w, https:\/\/www.miedziana.pl\/wp-content\/uploads\/2015\/08\/zbocze-1024x582.jpg 1024w, https:\/\/www.miedziana.pl\/wp-content\/uploads\/2015\/08\/zbocze.jpg 1920w\" sizes=\"auto, (max-width: 300px) 100vw, 300px\" \/><\/a><p id=\"caption-attachment-391\" class=\"wp-caption-text\">Widok z G\u00f3ry Kaplicznej na wsch\u00f3d. Stanowisko \u017cu\u017cla i prawdopodobne miejsce lokalizacji dawnej huty miedzi w XVIII wieku. Stan w 2006 r.<\/p><\/div>\n<div id=\"attachment_940\" style=\"width: 310px\" class=\"wp-caption alignleft\"><a href=\"https:\/\/www.miedziana.pl\/wp-content\/uploads\/2018\/04\/e_kapliczna.jpg\"><img loading=\"lazy\" decoding=\"async\" aria-describedby=\"caption-attachment-940\" class=\"wp-image-940 size-medium\" src=\"https:\/\/www.miedziana.pl\/wp-content\/uploads\/2018\/04\/e_kapliczna-300x200.jpg\" alt=\"\" width=\"300\" height=\"200\" srcset=\"https:\/\/www.miedziana.pl\/wp-content\/uploads\/2018\/04\/e_kapliczna-300x200.jpg 300w, https:\/\/www.miedziana.pl\/wp-content\/uploads\/2018\/04\/e_kapliczna-768x512.jpg 768w, https:\/\/www.miedziana.pl\/wp-content\/uploads\/2018\/04\/e_kapliczna-1024x683.jpg 1024w, https:\/\/www.miedziana.pl\/wp-content\/uploads\/2018\/04\/e_kapliczna.jpg 1920w\" sizes=\"auto, (max-width: 300px) 100vw, 300px\" \/><\/a><p id=\"caption-attachment-940\" class=\"wp-caption-text\">Widok z G\u00f3ry Kaplicznej na wsch\u00f3d. Stanowisko \u017cu\u017cla i prawdopodobne miejsce lokalizacji dawnej huty miedzi w XVIII wieku. Stan w 2018 r.<\/p><\/div>\n<p style=\"text-align: justify;\">W Miedzianej G\u00f3rze na pewno wytapiano mied\u017a i gotowe stopy mosi\u0119\u017cne ze wzgl\u0119du na znaczn\u0105 zawarto\u015b\u0107 cynku w rudzie. Du\u017ca zawarto\u015b\u0107 o\u0142owiu w \u017cu\u017clach \u015bwiadczy\u0107 mo\u017ce o jego wytopie, jak r\u00f3wnie\u017c wytopie srebra. Przy u\u017cyciu o\u0142owiu odci\u0105gano srebro wyst\u0119puj\u0105ce w rudzie obok miedzi &#8211; w tym celu dodawano porcje rudy o\u0142owiu lub \u017cu\u017cel bogaty w o\u0142\u00f3w do przetapianej rudy miedzianej.<\/p>\n<div id=\"attachment_567\" style=\"width: 310px\" class=\"wp-caption alignleft\"><a href=\"https:\/\/www.miedziana.pl\/wp-content\/uploads\/2015\/08\/zuzle.jpg\"><img loading=\"lazy\" decoding=\"async\" aria-describedby=\"caption-attachment-567\" class=\"wp-image-567 size-medium\" src=\"https:\/\/www.miedziana.pl\/wp-content\/uploads\/2015\/08\/zuzle-300x200.jpg\" alt=\"zuzle\" width=\"300\" height=\"200\" srcset=\"https:\/\/www.miedziana.pl\/wp-content\/uploads\/2015\/08\/zuzle-300x200.jpg 300w, https:\/\/www.miedziana.pl\/wp-content\/uploads\/2015\/08\/zuzle-1024x683.jpg 1024w, https:\/\/www.miedziana.pl\/wp-content\/uploads\/2015\/08\/zuzle.jpg 1920w\" sizes=\"auto, (max-width: 300px) 100vw, 300px\" \/><\/a><p id=\"caption-attachment-567\" class=\"wp-caption-text\">Wschodni stok G\u00f3ry Kaplicznej. Stanowisko \u017cu\u017cla i prawdopodobne miejsce lokalizacji dawnej huty miedzi w XVIII wieku. Stan w 2008 r.\u00a0\u00a0<a href=\"http:\/\/maps.google.com\/maps?q=50.93477%2C20.56364\" target=\"_blank\" rel=\"noopener\">GPS<\/a><\/p><\/div>\n<p style=\"text-align: justify;\">Obok stanowiska <a href=\"https:\/\/www.miedziana.pl\/wp-content\/uploads\/2015\/08\/zbocze2.jpg\">\u017cu\u017cli znajduje si\u0119 zag\u0142\u0119bienie wype\u0142nione wod\u0105<\/a>, kt\u00f3re na dawnych mapach nie jest oznaczone jako szyb. W tym miejscu m\u00f3g\u0142 znajdowa\u0107 si\u0119 d\u00f3\u0142 z tzw. \u201ewod\u0105 witriolow\u0105\u201d. Na mapie z 1782 roku (<a href=\"https:\/\/www.miedziana.pl\/wp-content\/uploads\/2015\/08\/planaugust.jpg\">ryc. 6<\/a>) zaznaczono r\u00f3wnie\u017c podobne zag\u0142\u0119bienia \u201e&#8230;dwa do\u0142ki wody witryolicznej albo aqua cementatoria, kt\u00f3ra woda zostawuje kolor miedzi na \u017celazie w niej umoczonym&#8230;\u201d. Obecno\u015b\u0107 zbiornik\u00f3w witriolu, czyli (najprawdopodobniej) roztworu siarczanu miedzi pozwala postawi\u0107 pytanie czy w Miedzianej G\u00f3rze na skal\u0119 przemys\u0142ow\u0105 pozyskiwano mied\u017a w inny spos\u00f3b, ni\u017c metod\u0105 ogniow\u0105. Witriol uzyskiwano w g\u00f3rnictwie miedziowym wypompowuj\u0105c wod\u0119 z zalanych chodnik\u00f3w kopal\u0144 lub rozgrzewaj\u0105c rud\u0119 i polewaj\u0105c j\u0105 wod\u0105.<\/p>\n<div id=\"attachment_404\" style=\"width: 310px\" class=\"wp-caption alignleft\"><a href=\"https:\/\/www.miedziana.pl\/wp-content\/uploads\/2015\/08\/cuso4_3.jpg\"><img loading=\"lazy\" decoding=\"async\" aria-describedby=\"caption-attachment-404\" class=\"wp-image-404 size-medium\" src=\"https:\/\/www.miedziana.pl\/wp-content\/uploads\/2015\/08\/cuso4_3-300x151.jpg\" alt=\"cuso4_3\" width=\"300\" height=\"151\" srcset=\"https:\/\/www.miedziana.pl\/wp-content\/uploads\/2015\/08\/cuso4_3-300x151.jpg 300w, https:\/\/www.miedziana.pl\/wp-content\/uploads\/2015\/08\/cuso4_3-1024x516.jpg 1024w, https:\/\/www.miedziana.pl\/wp-content\/uploads\/2015\/08\/cuso4_3.jpg 1920w\" sizes=\"auto, (max-width: 300px) 100vw, 300px\" \/><\/a><p id=\"caption-attachment-404\" class=\"wp-caption-text\">Proces wytr\u0105cania miedzi z \u201ewody witriolowej\u201d na \u017celazie dobrze ilustruje gw\u00f3\u017ad\u017a \u017celazny zanurzony w tym roztworze siarczanu miedziowego.<\/p><\/div>\n<p style=\"text-align: justify;\">Na S\u0142owacji w XV wieku wytr\u0105cano mied\u017a z roztworu siarczanu za pomoc\u0105 u\u0142o\u017conych na dnie sztab \u017celaza (CuSO4+Fe= FeSO4+Cu). Co pewien czas zeskrobywano mied\u017a z powierzchni \u017celaza i wybierano szlam miedziany z dna zbiornik\u00f3w po czym przetapiano je w hucie. Wytr\u0105canie miedzi na \u017celazie, jako ciekawostk\u0119 chemiczn\u0105, zaprezentowano nawet kr\u00f3lowi podczas jego wizyty w Miedzianej G\u00f3rze w 1787 r. (<a href=\"http:\/\/www.miedziana.pl\/index.php\/fragmenty-relacji-adama-naruszewicza\/\">patrz relacja Naruszewicza<\/a>).<\/p>\n<div id=\"attachment_392\" style=\"width: 310px\" class=\"wp-caption alignleft\"><a href=\"https:\/\/www.miedziana.pl\/wp-content\/uploads\/2015\/08\/zbocze2.jpg\"><img loading=\"lazy\" decoding=\"async\" aria-describedby=\"caption-attachment-392\" class=\"wp-image-392 size-medium\" src=\"https:\/\/www.miedziana.pl\/wp-content\/uploads\/2015\/08\/zbocze2-300x200.jpg\" alt=\"zbocze2\" width=\"300\" height=\"200\" srcset=\"https:\/\/www.miedziana.pl\/wp-content\/uploads\/2015\/08\/zbocze2-300x200.jpg 300w, https:\/\/www.miedziana.pl\/wp-content\/uploads\/2015\/08\/zbocze2-1024x683.jpg 1024w, https:\/\/www.miedziana.pl\/wp-content\/uploads\/2015\/08\/zbocze2.jpg 1920w\" sizes=\"auto, (max-width: 300px) 100vw, 300px\" \/><\/a><p id=\"caption-attachment-392\" class=\"wp-caption-text\">Zag\u0142\u0119bienie wype\u0142nione wod\u0105, kt\u00f3re na dawnych mapach nie jest oznaczone jako szyb. Stan 2006 r.<\/p><\/div>\n<p style=\"text-align: justify;\">W notatkach podr\u00f3\u017cniczych Stanis\u0142awa Staszica z 1803 r. znajduje si\u0119 ciekawa informacja na temat \u201ewody witriolowej\u201d. W Miedzianej G\u00f3rze \u201e&#8230; ludzie maj\u0105 zazwyczaj poi\u0107 byd\u0142o w wodzie do\u0142\u00f3w wybranej rudy miedzianej, kt\u00f3ra jest zielonawa, kwaskowata, czyli gryspanem [w\u0119glanem miedzi] nas\u0105czona i uwa\u017caj\u0105, \u017ce w tych wsiach, gdzie si\u0119 te do\u0142y znajduj\u0105, chor\u00f3b zarazy byd\u0142u nie szkodz\u0105 i zarazy nawet byd\u0142a, chocia\u017c jest w okolicach, tu nie bywa, gdy wtenczas mieszka\u0144cy jeszcze pilniej t\u0105\u017c wod\u0105 z do\u0142\u00f3w miedzianych to\u017c byd\u0142o napawaj\u0105\u201d (\u201eDziennik podr\u00f3\u017cy Stanis\u0142awa Staszica 1789-1805\u201d. Z r\u0119kopisu wyda\u0142 C. Le\u015bniewski, Warszawa 1931).<\/p>\n<div id=\"attachment_744\" style=\"width: 197px\" class=\"wp-caption alignnone\"><a href=\"https:\/\/www.miedziana.pl\/wp-content\/uploads\/2015\/08\/jf_huta_konska.jpg\"><img loading=\"lazy\" decoding=\"async\" aria-describedby=\"caption-attachment-744\" class=\"wp-image-744 size-medium\" src=\"https:\/\/www.miedziana.pl\/wp-content\/uploads\/2015\/08\/jf_huta_konska-187x300.jpg\" alt=\"Miedziana G\u00f3ra - \u017cu\u017cle\" width=\"187\" height=\"300\" srcset=\"https:\/\/www.miedziana.pl\/wp-content\/uploads\/2015\/08\/jf_huta_konska-187x300.jpg 187w, https:\/\/www.miedziana.pl\/wp-content\/uploads\/2015\/08\/jf_huta_konska-638x1024.jpg 638w, https:\/\/www.miedziana.pl\/wp-content\/uploads\/2015\/08\/jf_huta_konska.jpg 800w\" sizes=\"auto, (max-width: 187px) 100vw, 187px\" \/><\/a><p id=\"caption-attachment-744\" class=\"wp-caption-text\">\u017bu\u017clowisko dawnej huty miedzi na wschodnim stoku G\u00f3ry Kaplicznej, 1969 r. Fot. Jerzy Fija\u0142kowski.<\/p><\/div>\n<p style=\"text-align: justify;\">\n","protected":false},"excerpt":{"rendered":"<p>Na wschodnim zboczu G\u00f3ry Kaplicznej w XVII wieku, a potem w ko\u0144cu wieku XVIII znajdowa\u0142a si\u0119 huta miedzi. Do dzisiaj zachowa\u0142o si\u0119 miejsce, w kt\u00f3rym mo\u017cemy znale\u017a\u0107 \u017cu\u017cle pochodz\u0105ce z wytop\u00f3w w tej hucie.Makroskopowo mo\u017cna podzieli\u0107 je na niebiesko-fioletowe (smugowane), wi\u015bniowe, ciemnoszare oraz czarne. Na powierzchni widoczne s\u0105 liczne kawerny po p\u0119cherzykach gazowych, mo\u017cemy te\u017c [&hellip;]<\/p>\n","protected":false},"author":1,"featured_media":0,"parent":0,"menu_order":0,"comment_status":"closed","ping_status":"closed","template":"","meta":{"footnotes":""},"class_list":["post-385","page","type-page","status-publish","hentry"],"_links":{"self":[{"href":"https:\/\/www.miedziana.pl\/index.php\/wp-json\/wp\/v2\/pages\/385","targetHints":{"allow":["GET"]}}],"collection":[{"href":"https:\/\/www.miedziana.pl\/index.php\/wp-json\/wp\/v2\/pages"}],"about":[{"href":"https:\/\/www.miedziana.pl\/index.php\/wp-json\/wp\/v2\/types\/page"}],"author":[{"embeddable":true,"href":"https:\/\/www.miedziana.pl\/index.php\/wp-json\/wp\/v2\/users\/1"}],"replies":[{"embeddable":true,"href":"https:\/\/www.miedziana.pl\/index.php\/wp-json\/wp\/v2\/comments?post=385"}],"version-history":[{"count":28,"href":"https:\/\/www.miedziana.pl\/index.php\/wp-json\/wp\/v2\/pages\/385\/revisions"}],"predecessor-version":[{"id":1255,"href":"https:\/\/www.miedziana.pl\/index.php\/wp-json\/wp\/v2\/pages\/385\/revisions\/1255"}],"wp:attachment":[{"href":"https:\/\/www.miedziana.pl\/index.php\/wp-json\/wp\/v2\/media?parent=385"}],"curies":[{"name":"wp","href":"https:\/\/api.w.org\/{rel}","templated":true}]}}