{"id":39,"date":"2015-08-06T10:30:19","date_gmt":"2015-08-06T08:30:19","guid":{"rendered":"http:\/\/www.miedziana.pl\/?page_id=39"},"modified":"2018-08-02T13:37:48","modified_gmt":"2018-08-02T11:37:48","slug":"dlaczego-chronic","status":"publish","type":"page","link":"https:\/\/www.miedziana.pl\/index.php\/dlaczego-chronic\/","title":{"rendered":"Dlaczego chroni\u0107?"},"content":{"rendered":"<p style=\"text-align: justify;\">Pozosta\u0142o\u015bci dawnego g\u00f3rnictwa miedzianog\u00f3rskiego \u2013 mimo i\u017c obecnie wydaj\u0105 si\u0119 niepozorne, znikaj\u0105ce po\u015br\u00f3d nowoczesnej zabudowy wsi lub te\u017c w lesie porastaj\u0105cym \u0141aw\u0119czn\u0105 \u2013 s\u0105 wa\u017cne dla bada\u0144 naukowych: historycznych, archeologicznych oraz geologicznych. Nie powinny pozosta\u0107 oboj\u0119tne r\u00f3wnie\u017c dla mieszka\u0144c\u00f3w Miedzianej G\u00f3ry jako \u015bwiadectwo historii ich miejscowo\u015bci oraz \u017cycia i pracy ich przodk\u00f3w. Mog\u0105 si\u0119 r\u00f3wnie\u017c sta\u0107 interesuj\u0105cymi obiektami edukacyjnymi i turystycznymi, je\u015bli tylko zostan\u0105 odpowiednio przystosowane do tej roli, bowiem nie wsz\u0119dzie mo\u017cna pokaza\u0107 zabytki o tak specyficznej historii, kt\u00f3re jednocze\u015bnie s\u0105 miejscami wyst\u0119powania ciekawych (rzadkich w Polsce) minera\u0142\u00f3w.<\/p>\n<p style=\"text-align: justify;\">By spe\u0142nia\u0107 te role, zabytkowe ha\u0142dy i leje musz\u0105 jednak zosta\u0107 zachowane i odpowiednio wyeksponowane. Tymczasem za\u015b cz\u0119sto traktowane s\u0105 jak uci\u0105\u017cliwe nier\u00f3wno\u015bci terenu utrudniaj\u0105ce \u201enormalny\u201d rozw\u00f3j miejscowo\u015bci. Pole g\u00f3rnicze w Miedzianej G\u00f3rze le\u017cy bowiem w obr\u0119bie zabudowy wiejskiej i \u015blady eksploatacji znajduj\u0105 si\u0119 cz\u0119sto na terenie gospodarstw. Na niekt\u00f3rych ha\u0142dach stoj\u0105 budynki mieszkalne i gospodarcze. Zmiany rze\u017aby powierzchni terenu i zniszczenia pozosta\u0142o\u015bci g\u00f3rnictwa nast\u0119puj\u0105 w ostatnim okresie szczeg\u00f3lnie szybko. Od 1977 r., gdy wykonana zosta\u0142a pierwsza inwentaryzacja pozosta\u0142o\u015bci g\u00f3rnictwa w Miedzianej G\u00f3rze i \u0141aw\u0119cznej, przesta\u0142y praktycznie istnie\u0107 leje szyb\u00f3w poszukiwawczych K. Kossowskiego z po\u0142owy XIX wieku, za\u015b na stoku G\u00f3ry Kaplicznej zniwelowane zosta\u0142y pozosta\u0142o\u015bci \u0142omik\u00f3w lub XVIII-wiecznych szyb\u00f3w g\u00f3rniczych. W ramach poszerzenia szosy Kielce-\u0141\u00f3d\u017a zniszczono nast\u0119pny fragment ha\u0142dy przy szybie \u201eKarol\u201d. Ca\u0142kowicie zaj\u0119ty przez budynki i gospodarstwa zosta\u0142 te\u017c teren \u201eKopalni Rudy \u017belaznej Zygmunt\u201d naniesionej na planie z 1866 r. (<a href=\"http:\/\/www.miedziana.pl\/wp-content\/uploads\/2015\/08\/ryc12_pelna.jpg\">ryc. 14<\/a>). Gdzieniegdzie mo\u017cna dopatrywa\u0107 si\u0119 tu jeszcze niewielkich nier\u00f3wno\u015bci terenu, kt\u00f3re jednak trudno ju\u017c interpretowa\u0107 jako \u015blady g\u00f3rnictwa.<\/p>\n<p style=\"text-align: justify;\">W najlepszym stanie pozostaj\u0105 ha\u0142dy i leje szyb\u00f3w \u201e<a href=\"http:\/\/www.miedziana.pl\/wp-content\/uploads\/2015\/08\/barbara.jpg\">Barbara<\/a>\u201d, \u201e<a href=\"http:\/\/www.miedziana.pl\/wp-content\/uploads\/2015\/08\/franciszek.jpg\">Franciszek<\/a>\u201d, \u201e<a href=\"http:\/\/www.miedziana.pl\/wp-content\/uploads\/2015\/08\/stasiek.jpg\">Stanis\u0142aw<\/a>\u201d oraz \u201e<a href=\"http:\/\/www.miedziana.pl\/wp-content\/uploads\/2015\/08\/austriacki_II_1.jpg\">Austriacki II<\/a>\u201d. Jednak niekt\u00f3re leje nadal zanieczyszczane s\u0105 \u015bmieciami, w tym g\u0142\u00f3wnie popio\u0142em i odpadkami gospodarskimi. W przypadku pozosta\u0142o\u015bci szyb\u00f3w \u201eStanis\u0142aw\u201d, \u201eAustriacki II\u201d i \u201eFranciszek\u201d problemem staje si\u0119 te\u017c sukcesja ro\u015blinno\u015bci. Krzewy i drzewa prawie ca\u0142kowicie maskuj\u0105 morfologi\u0119 ich ha\u0142d i eliminuj\u0105 je z krajobrazu.<\/p>\n<p style=\"text-align: justify;\">Pozosta\u0142o\u015bci g\u00f3rnictwa na po\u0142udniowym stoku g\u00f3ry \u0141aw\u0119cznej, po\u0142o\u017cone s\u0105 na terenie lasu, zaro\u015bli, pastwisk i tylko w niewielkiej cz\u0119\u015bci na terenie p\u00f3l ornych. Zosta\u0142y wi\u0119c jedynie w niewielkim stopniu zniszczone i r\u00f3wnie\u017c w ostatnich latach (od 1977 r.) nie nast\u0105pily wi\u0119ksze ich zmiany. Na pocz\u0105tku lat osiemdziesi\u0105tych zniwelowano fragment szczytowej partii wzg\u00f3rza i wykonano wykop na jego stoku, co nie spowodowa\u0142o jednak du\u017cych zniszcze\u0144 pola g\u00f3rniczego. Zabudowa osiedla \u0141aw\u0119czna obejmuje tereny wzd\u0142u\u017c drogi po\u0142o\u017cone oko\u0142o 150 m na p\u00f3\u0142noc od szczytu wzg\u00f3rza. Jednak rozbudowa osiedla powoli przesuwaj\u0105ca si\u0119 w stron\u0119 kulminacji wzg\u00f3rza mo\u017ce sta\u0107 si\u0119 potencjalnym zagro\u017ceniem dla zabytk\u00f3w g\u00f3rnictwa. Powsta\u0142y r\u00f3wnie\u017c plany przeprowadzenia nowej trasy Kielce-\u0141\u00f3d\u017a w bezpo\u015brednim s\u0105siedztwie pola g\u00f3rniczego.<\/p>\n<p style=\"text-align: justify;\">Istotnym problemem s\u0105 ju\u017c od dawna \u015bmieci sk\u0142adowane w zag\u0142\u0119bieniach. Mo\u017cna je napotka\u0107 we wszystkich du\u017cych lejach szybowych p\u00f3\u0142nocnej cz\u0119\u015bci pola g\u00f3rniczego. Niekorzystne jest r\u00f3wnie\u017c szybko post\u0119puj\u0105ce zarastanie pola g\u00f3rniczego, krzewy i drzewa maskuj\u0105 bowiem pozosta\u0142o\u015bci kopalni, st\u0105d jedynie wczesn\u0105 wiosn\u0105 oraz p\u00f3\u017an\u0105 jesieni\u0105 \u2013 gdy brak li\u015bci i wysokich traw \u2013 mo\u017cna zobaczy\u0107 kszta\u0142ty ha\u0142d i lej\u00f3w.<\/p>\n<hr \/>\n<p>Wycieczka terenowa z okazji Dni Ziemi pn. &#8222;Chro\u0144my przyrod\u0119 i zabytki historii&#8221; w Zespole Szk\u00f3\u0142 w Kostom\u0142otach Drugich, 23.04.2018 r. Organizacja: Stowarzyszenie &#8222;Ziemia \u015awi\u0119tokrzyska&#8221; (Jacek Skrzypczak, Jacek Jopowicz, Pawe\u0142 Kr\u00f3l), Zesp\u00f3\u0142 Szk\u00f3\u0142 w Kostom\u0142otach Drugich, Gmina Miedziana G\u00f3ra, fot. Pawe\u0142 Kr\u00f3l, Jacek Jopowicz<\/p>\n<p>M\u0142odzie\u017c klas gimnazjalnych zapozna\u0142a si\u0119 z histori\u0105 Miedzianej G\u00f3ry i odwiedzi\u0142a miejsca dawnej eksploatacji rud miedzi i \u017celaza.<\/p>\n<style id=\"bwg-style-0\">    #bwg_container1_0 #bwg_container2_0 .bwg-container-0.bwg-standard-thumbnails {      width: 904px;              justify-content: center;        margin:0 auto !important;              background-color: rgba(255, 255, 255, 0.00);            padding-left: 4px;      padding-top: 4px;      max-width: 100%;            }        #bwg_container1_0 #bwg_container2_0 .bwg-container-0.bwg-standard-thumbnails .bwg-item {    justify-content: flex-start;      max-width: 180px;            width: 180px !important;          }    #bwg_container1_0 #bwg_container2_0 .bwg-container-0.bwg-standard-thumbnails .bwg-item a {       margin-right: 4px;       margin-bottom: 4px;    }    #bwg_container1_0 #bwg_container2_0 .bwg-container-0.bwg-standard-thumbnails .bwg-item0 {      padding: 0px;            background-color:rgba(255,255,255, 0.30);      border: 0px none #CCCCCC;      opacity: 1.00;      border-radius: 0;      box-shadow: 0px 0px 0px #888888;    }    #bwg_container1_0 #bwg_container2_0 .bwg-container-0.bwg-standard-thumbnails .bwg-item1 img {      max-height: none;      max-width: none;      padding: 0 !important;    }        @media only screen and (min-width: 480px) {      #bwg_container1_0 #bwg_container2_0 .bwg-container-0.bwg-standard-thumbnails .bwg-item0 {        transition: all 0.3s ease 0s;-webkit-transition: all 0.3s ease 0s;      }      #bwg_container1_0 #bwg_container2_0 .bwg-container-0.bwg-standard-thumbnails .bwg-item0:hover {        -ms-transform: scale(1.1);        -webkit-transform: scale(1.1);        transform: scale(1.1);      }    }          #bwg_container1_0 #bwg_container2_0 .bwg-container-0.bwg-standard-thumbnails .bwg-item1 {      padding-top: 50%;    }        #bwg_container1_0 #bwg_container2_0 .bwg-container-0.bwg-standard-thumbnails .bwg-title2,    #bwg_container1_0 #bwg_container2_0 .bwg-container-0.bwg-standard-thumbnails .bwg-ecommerce2 {      color: #CCCCCC;      font-family: segoe ui;      font-size: 16px;      font-weight: bold;      padding: 2px;      text-shadow: 0px 0px 0px #888888;      max-height: 100%;    }    #bwg_container1_0 #bwg_container2_0 .bwg-container-0.bwg-standard-thumbnails .bwg-thumb-description span {    color: #323A45;    font-family: Ubuntu;    font-size: 12px;    max-height: 100%;    word-wrap: break-word;    }    #bwg_container1_0 #bwg_container2_0 .bwg-container-0.bwg-standard-thumbnails .bwg-play-icon2 {      font-size: 32px;    }    #bwg_container1_0 #bwg_container2_0 .bwg-container-0.bwg-standard-thumbnails .bwg-ecommerce2 {      font-size: 19.2px;      color: #CCCCCC;    }    <\/style>    <div id=\"bwg_container1_0\"         class=\"bwg_container bwg_thumbnail bwg_thumbnails \"         data-right-click-protection=\"0\"         data-bwg=\"0\"         data-scroll=\"0\"         data-gallery-type=\"thumbnails\"         data-gallery-view-type=\"thumbnails\"         data-current-url=\"\/index.php\/wp-json\/wp\/v2\/pages\/39\"         data-lightbox-url=\"https:\/\/www.miedziana.pl\/wp-admin\/admin-ajax.php?action=GalleryBox&#038;current_view=0&#038;gallery_id=14&#038;tag=0&#038;theme_id=1&#038;shortcode_id=41&#038;sort_by=order&#038;order_by=asc&#038;current_url=%2Findex.php%2Fwp-json%2Fwp%2Fv2%2Fpages%2F39\"         data-gallery-id=\"14\"         data-popup-width=\"1920\"         data-popup-height=\"1920\"         data-is-album=\"gallery\"         data-buttons-position=\"bottom\">      <div id=\"bwg_container2_0\">             <div id=\"ajax_loading_0\" class=\"bwg_loading_div_1\">      <div class=\"bwg_loading_div_2\">        <div class=\"bwg_loading_div_3\">          <div id=\"loading_div_0\" class=\"bwg_spider_ajax_loading\">          <\/div>        <\/div>      <\/div>    <\/div>            <form id=\"gal_front_form_0\"              class=\"bwg-hidden\"              method=\"post\"              action=\"#\"              data-current=\"0\"              data-shortcode-id=\"41\"              data-gallery-type=\"thumbnails\"              data-gallery-id=\"14\"              data-tag=\"0\"              data-album-id=\"0\"              data-theme-id=\"1\"              data-ajax-url=\"https:\/\/www.miedziana.pl\/wp-admin\/admin-ajax.php?action=bwg_frontend_data\">          <div id=\"bwg_container3_0\" class=\"bwg-background bwg-background-0\">                <div data-max-count=\"5\"         data-thumbnail-width=\"180\"         data-bwg=\"0\"         data-gallery-id=\"14\"         data-lightbox-url=\"https:\/\/www.miedziana.pl\/wp-admin\/admin-ajax.php?action=GalleryBox&amp;current_view=0&amp;gallery_id=14&amp;tag=0&amp;theme_id=1&amp;shortcode_id=41&amp;sort_by=order&amp;order_by=asc&amp;current_url=%2Findex.php%2Fwp-json%2Fwp%2Fv2%2Fpages%2F39\"         id=\"bwg_thumbnails_0\"         class=\"bwg-container-0 bwg-thumbnails bwg-standard-thumbnails bwg-container bwg-border-box\">            <div class=\"bwg-item\">        <a class=\"bwg-a  bwg_lightbox\"  data-image-id=\"126\" href=\"https:\/\/www.miedziana.pl\/wp-content\/uploads\/photo-gallery\/edu1\/IMGP7570.jpg\" data-elementor-open-lightbox=\"no\">                <div class=\"bwg-item0 \">          <div class=\"bwg-item1 \">            <div class=\"bwg-item2\">              <img decoding=\"async\" class=\"skip-lazy bwg_standart_thumb_img_0 \"                   data-id=\"126\"                   data-width=\"\"                   data-height=\"\"                   data-src=\"https:\/\/www.miedziana.pl\/wp-content\/uploads\/photo-gallery\/edu1\/thumb\/IMGP7570.jpg\"                   src=\"https:\/\/www.miedziana.pl\/wp-content\/uploads\/photo-gallery\/edu1\/thumb\/IMGP7570.jpg\"                   alt=\"IMGP7570\"                   title=\"IMGP7570\" \/>            <\/div>            <div class=\"\">                                                      <\/div>          <\/div>        <\/div>                        <\/a>              <\/div>            <div class=\"bwg-item\">        <a class=\"bwg-a  bwg_lightbox\"  data-image-id=\"124\" href=\"https:\/\/www.miedziana.pl\/wp-content\/uploads\/photo-gallery\/edu1\/IMGP7578.jpg\" data-elementor-open-lightbox=\"no\">                <div class=\"bwg-item0 \">          <div class=\"bwg-item1 \">            <div class=\"bwg-item2\">              <img decoding=\"async\" class=\"skip-lazy bwg_standart_thumb_img_0 \"                   data-id=\"124\"                   data-width=\"\"                   data-height=\"\"                   data-src=\"https:\/\/www.miedziana.pl\/wp-content\/uploads\/photo-gallery\/edu1\/thumb\/IMGP7578.jpg\"                   src=\"https:\/\/www.miedziana.pl\/wp-content\/uploads\/photo-gallery\/edu1\/thumb\/IMGP7578.jpg\"                   alt=\"IMGP7578\"                   title=\"IMGP7578\" \/>            <\/div>            <div class=\"\">                                                      <\/div>          <\/div>        <\/div>                        <\/a>              <\/div>            <div class=\"bwg-item\">        <a class=\"bwg-a  bwg_lightbox\"  data-image-id=\"122\" href=\"https:\/\/www.miedziana.pl\/wp-content\/uploads\/photo-gallery\/edu1\/20180425_085030.jpg\" data-elementor-open-lightbox=\"no\">                <div class=\"bwg-item0 \">          <div class=\"bwg-item1 \">            <div class=\"bwg-item2\">              <img decoding=\"async\" class=\"skip-lazy bwg_standart_thumb_img_0 \"                   data-id=\"122\"                   data-width=\"\"                   data-height=\"\"                   data-src=\"https:\/\/www.miedziana.pl\/wp-content\/uploads\/photo-gallery\/edu1\/thumb\/20180425_085030.jpg\"                   src=\"https:\/\/www.miedziana.pl\/wp-content\/uploads\/photo-gallery\/edu1\/thumb\/20180425_085030.jpg\"                   alt=\"20180425 085030\"                   title=\"20180425 085030\" \/>            <\/div>            <div class=\"\">                                                      <\/div>          <\/div>        <\/div>                        <\/a>              <\/div>            <div class=\"bwg-item\">        <a class=\"bwg-a  bwg_lightbox\"  data-image-id=\"127\" href=\"https:\/\/www.miedziana.pl\/wp-content\/uploads\/photo-gallery\/edu1\/20180425_091752.jpg\" data-elementor-open-lightbox=\"no\">                <div class=\"bwg-item0 \">          <div class=\"bwg-item1 \">            <div class=\"bwg-item2\">              <img decoding=\"async\" class=\"skip-lazy bwg_standart_thumb_img_0 \"                   data-id=\"127\"                   data-width=\"\"                   data-height=\"\"                   data-src=\"https:\/\/www.miedziana.pl\/wp-content\/uploads\/photo-gallery\/edu1\/thumb\/20180425_091752.jpg\"                   src=\"https:\/\/www.miedziana.pl\/wp-content\/uploads\/photo-gallery\/edu1\/thumb\/20180425_091752.jpg\"                   alt=\"20180425 091752\"                   title=\"20180425 091752\" \/>            <\/div>            <div class=\"\">                                                      <\/div>          <\/div>        <\/div>                        <\/a>              <\/div>            <div class=\"bwg-item\">        <a class=\"bwg-a  bwg_lightbox\"  data-image-id=\"125\" href=\"https:\/\/www.miedziana.pl\/wp-content\/uploads\/photo-gallery\/edu1\/20180425_091632.jpg\" data-elementor-open-lightbox=\"no\">                <div class=\"bwg-item0 \">          <div class=\"bwg-item1 \">            <div class=\"bwg-item2\">              <img decoding=\"async\" class=\"skip-lazy bwg_standart_thumb_img_0 \"                   data-id=\"125\"                   data-width=\"\"                   data-height=\"\"                   data-src=\"https:\/\/www.miedziana.pl\/wp-content\/uploads\/photo-gallery\/edu1\/thumb\/20180425_091632.jpg\"                   src=\"https:\/\/www.miedziana.pl\/wp-content\/uploads\/photo-gallery\/edu1\/thumb\/20180425_091632.jpg\"                   alt=\"20180425 091632\"                   title=\"20180425 091632\" \/>            <\/div>            <div class=\"\">                                                      <\/div>          <\/div>        <\/div>                        <\/a>              <\/div>            <div class=\"bwg-item\">        <a class=\"bwg-a  bwg_lightbox\"  data-image-id=\"123\" href=\"https:\/\/www.miedziana.pl\/wp-content\/uploads\/photo-gallery\/edu1\/IMGP7588.jpg\" data-elementor-open-lightbox=\"no\">                <div class=\"bwg-item0 \">          <div class=\"bwg-item1 \">            <div class=\"bwg-item2\">              <img decoding=\"async\" class=\"skip-lazy bwg_standart_thumb_img_0 \"                   data-id=\"123\"                   data-width=\"\"                   data-height=\"\"                   data-src=\"https:\/\/www.miedziana.pl\/wp-content\/uploads\/photo-gallery\/edu1\/thumb\/IMGP7588.jpg\"                   src=\"https:\/\/www.miedziana.pl\/wp-content\/uploads\/photo-gallery\/edu1\/thumb\/IMGP7588.jpg\"                   alt=\"IMGP7588\"                   title=\"IMGP7588\" \/>            <\/div>            <div class=\"\">                                                      <\/div>          <\/div>        <\/div>                        <\/a>              <\/div>          <\/div>    <style>      \/*pagination styles*\/      #bwg_container1_0 #bwg_container2_0 .tablenav-pages_0 {\t\t\t\ttext-align: center;\t\t\t\tfont-size: 12px;\t\t\t\tfont-family: segoe ui;\t\t\t\tfont-weight: bold;\t\t\t\tcolor: #666666;\t\t\t\tmargin: 6px 0 4px;\t\t\t\tdisplay: block;      }      @media only screen and (max-width : 320px) {      #bwg_container1_0 #bwg_container2_0 .displaying-num_0 {     \t display: none;      }      }      #bwg_container1_0 #bwg_container2_0 .displaying-num_0 {\t\t\t\tfont-size: 12px;\t\t\t\tfont-family: segoe ui;\t\t\t\tfont-weight: bold;\t\t\t\tcolor: #666666;\t\t\t\tmargin-right: 10px;\t\t\t\tvertical-align: middle;      }      #bwg_container1_0 #bwg_container2_0 .paging-input_0 {\t\t\t\tfont-size: 12px;\t\t\t\tfont-family: segoe ui;\t\t\t\tfont-weight: bold;\t\t\t\tcolor: #666666;\t\t\t\tvertical-align: middle;      }      #bwg_container1_0 #bwg_container2_0 .tablenav-pages_0 a.disabled,      #bwg_container1_0 #bwg_container2_0 .tablenav-pages_0 a.disabled:hover,      #bwg_container1_0 #bwg_container2_0 .tablenav-pages_0 a.disabled:focus,\t\t\t#bwg_container1_0 #bwg_container2_0 .tablenav-pages_0 input.bwg_current_page {\t\t\t\tcursor: default;\t\t\t\tcolor: rgba(102, 102, 102, 0.5);      }      #bwg_container1_0 #bwg_container2_0 .tablenav-pages_0 a,      #bwg_container1_0 #bwg_container2_0 .tablenav-pages_0 input.bwg_current_page {\t\t\t\tcursor: pointer;\t\t\t\ttext-align: center;\t\t\t\tfont-size: 12px;\t\t\t\tfont-family: segoe ui;\t\t\t\tfont-weight: bold;\t\t\t\tcolor: #666666;\t\t\t\ttext-decoration: none;\t\t\t\tpadding: 3px 6px;\t\t\t\tmargin: 0;\t\t\t\tborder-radius: 0;\t\t\t\tborder-style: solid;\t\t\t\tborder-width: 1px;\t\t\t\tborder-color: #E3E3E3;\t\t\t\t\t\t\t\tbackground-color: rgba(255, 255, 255, 1.00);\t\t\t\tbox-shadow: 0;\t\t\t\ttransition: all 0.3s ease 0s;-webkit-transition: all 0.3s ease 0s;      }      <\/style>      <span class=\"bwg_nav_cont_0\">              <div class=\"tablenav-pages_0\">                  <\/div>                <input type=\"hidden\" id=\"page_number_0\" name=\"page_number_0\" value=\"1\" \/>      <script type=\"text\/javascript\">        if( jQuery('.bwg_nav_cont_0').length > 1 ) {          jQuery('.bwg_nav_cont_0').first().remove()        }        function spider_page_0(cur, x, y, load_more) {          if (typeof load_more == \"undefined\") {            var load_more = false;          }          if (jQuery(cur).hasClass('disabled')) {            return false;          }          var items_county_0 = 1;          switch (y) {            case 1:              if (x >= items_county_0) {                document.getElementById('page_number_0').value = items_county_0;              }              else {                document.getElementById('page_number_0').value = x + 1;              }              break;            case 2:              document.getElementById('page_number_0').value = items_county_0;              break;            case -1:              if (x == 1) {                document.getElementById('page_number_0').value = 1;              }              else {                document.getElementById('page_number_0').value = x - 1;              }              break;            case -2:              document.getElementById('page_number_0').value = 1;              break;\t\t\t\t\t\tcase 0:              document.getElementById('page_number_0').value = x;              break;            default:              document.getElementById('page_number_0').value = 1;          }          bwg_ajax('gal_front_form_0', '0', 'bwg_thumbnails_0', '0', '', 'gallery', 0, '', '', load_more, '', 1);        }                    jQuery('.first-page-0').on('click', function () {              spider_page_0(this, 1, -2, 'numeric');              return false;            });            jQuery('.prev-page-0').on('click', function () {              spider_page_0(this, 1, -1, 'numeric');              return false;            });            jQuery('.next-page-0').on('click', function () {              spider_page_0(this, 1, 1, 'numeric');              return false;            });            jQuery('.last-page-0').on('click', function () {              spider_page_0(this, 1, 2, 'numeric');              return false;            });        \t\t\t\t\/* Change page on input enter. *\/        function bwg_change_page_0( e, that ) {          if (  e.key == 'Enter' ) {            var to_page = parseInt(jQuery(that).val());            var pages_count = jQuery(that).parents(\".pagination-links\").data(\"pages-count\");            var current_url_param = jQuery(that).attr('data-url-info');            if (to_page > pages_count) {              to_page = 1;            }\t \t\t\t\t\t\t\t\t\t\t\t\tspider_page_0(this, to_page, 0, 'numeric');\t\t\t\t\t\t\treturn false;\t\t\t\t\t\t          }          return true;        }        jQuery('.bwg_load_btn_0').on('click', function () {            spider_page_0(this, 1, 1, true);            return false;        });      <\/script>      <\/span>                <\/div>        <\/form>        <style>          #bwg_container1_0 #bwg_container2_0 #spider_popup_overlay_0 {          background-color: #000000;          opacity: 0.70;          }          <\/style>        <div id=\"bwg_spider_popup_loading_0\" class=\"bwg_spider_popup_loading\"><\/div>        <div id=\"spider_popup_overlay_0\" class=\"spider_popup_overlay\" onclick=\"spider_destroypopup(1000)\"><\/div>        <input type=\"hidden\" id=\"bwg_random_seed_0\" value=\"422246218\">                <\/div>    <\/div>    <script>      if (document.readyState === 'complete') {        if( typeof bwg_main_ready == 'function' ) {          if ( jQuery(\"#bwg_container1_0\").height() ) {            bwg_main_ready(jQuery(\"#bwg_container1_0\"));          }        }      } else {        document.addEventListener('DOMContentLoaded', function() {          if( typeof bwg_main_ready == 'function' ) {            if ( jQuery(\"#bwg_container1_0\").height() ) {             bwg_main_ready(jQuery(\"#bwg_container1_0\"));            }          }        });      }    <\/script>    \n<hr \/>\n<div id=\"attachment_827\" style=\"width: 222px\" class=\"wp-caption alignleft\"><a href=\"http:\/\/www.miedziana.pl\/wp-content\/uploads\/2016\/12\/sesja_nakowa.jpg\"><img loading=\"lazy\" decoding=\"async\" aria-describedby=\"caption-attachment-827\" class=\"wp-image-827 size-medium\" src=\"http:\/\/www.miedziana.pl\/wp-content\/uploads\/2016\/12\/sesja_nakowa-212x300.jpg\" width=\"212\" height=\"300\" srcset=\"https:\/\/www.miedziana.pl\/wp-content\/uploads\/2016\/12\/sesja_nakowa-212x300.jpg 212w, https:\/\/www.miedziana.pl\/wp-content\/uploads\/2016\/12\/sesja_nakowa-768x1086.jpg 768w, https:\/\/www.miedziana.pl\/wp-content\/uploads\/2016\/12\/sesja_nakowa-724x1024.jpg 724w, https:\/\/www.miedziana.pl\/wp-content\/uploads\/2016\/12\/sesja_nakowa.jpg 900w\" sizes=\"auto, (max-width: 212px) 100vw, 212px\" \/><\/a><p id=\"caption-attachment-827\" class=\"wp-caption-text\">\u015awietna &#8211; ale tylko jednorazowa &#8211; inicjatywa.<\/p><\/div>\n<p>Popularyzacja:<br \/>\n<a href=\"http:\/\/www.miedziana.pl\/pliki\/glos_miedzianej_gory_18_06_f.pdf\" target=\"_blank\" rel=\"noopener\">&#8222;G\u0142os Miedzianej G\u00f3ry&#8221;<\/a>, 6\/2018, s. 8<\/p>\n<p>&nbsp;<\/p>\n","protected":false},"excerpt":{"rendered":"<p>Pozosta\u0142o\u015bci dawnego g\u00f3rnictwa miedzianog\u00f3rskiego \u2013 mimo i\u017c obecnie wydaj\u0105 si\u0119 niepozorne, znikaj\u0105ce po\u015br\u00f3d nowoczesnej zabudowy wsi lub te\u017c w lesie porastaj\u0105cym \u0141aw\u0119czn\u0105 \u2013 s\u0105 wa\u017cne dla bada\u0144 naukowych: historycznych, archeologicznych oraz geologicznych. Nie powinny pozosta\u0107 oboj\u0119tne r\u00f3wnie\u017c dla mieszka\u0144c\u00f3w Miedzianej G\u00f3ry jako \u015bwiadectwo historii ich miejscowo\u015bci oraz \u017cycia i pracy ich przodk\u00f3w. Mog\u0105 si\u0119 r\u00f3wnie\u017c [&hellip;]<\/p>\n","protected":false},"author":1,"featured_media":0,"parent":0,"menu_order":0,"comment_status":"closed","ping_status":"closed","template":"","meta":{"footnotes":""},"class_list":["post-39","page","type-page","status-publish","hentry"],"_links":{"self":[{"href":"https:\/\/www.miedziana.pl\/index.php\/wp-json\/wp\/v2\/pages\/39","targetHints":{"allow":["GET"]}}],"collection":[{"href":"https:\/\/www.miedziana.pl\/index.php\/wp-json\/wp\/v2\/pages"}],"about":[{"href":"https:\/\/www.miedziana.pl\/index.php\/wp-json\/wp\/v2\/types\/page"}],"author":[{"embeddable":true,"href":"https:\/\/www.miedziana.pl\/index.php\/wp-json\/wp\/v2\/users\/1"}],"replies":[{"embeddable":true,"href":"https:\/\/www.miedziana.pl\/index.php\/wp-json\/wp\/v2\/comments?post=39"}],"version-history":[{"count":18,"href":"https:\/\/www.miedziana.pl\/index.php\/wp-json\/wp\/v2\/pages\/39\/revisions"}],"predecessor-version":[{"id":1048,"href":"https:\/\/www.miedziana.pl\/index.php\/wp-json\/wp\/v2\/pages\/39\/revisions\/1048"}],"wp:attachment":[{"href":"https:\/\/www.miedziana.pl\/index.php\/wp-json\/wp\/v2\/media?parent=39"}],"curies":[{"name":"wp","href":"https:\/\/api.w.org\/{rel}","templated":true}]}}