{"id":449,"date":"2015-08-15T12:35:15","date_gmt":"2015-08-15T10:35:15","guid":{"rendered":"http:\/\/www.miedziana.pl\/?page_id=449"},"modified":"2015-08-15T12:35:15","modified_gmt":"2015-08-15T10:35:15","slug":"mapa-strony","status":"publish","type":"page","link":"https:\/\/www.miedziana.pl\/index.php\/mapa-strony\/","title":{"rendered":"Mapa Strony"},"content":{"rendered":"<div class=\"wsp-container\"><h2 class=\"wsp-pages-title\">Pages<\/h2>\n<ul class=\"wsp-pages-list\">\n<li class=\"page_item page-item-54\"><a href=\"https:\/\/www.miedziana.pl\/index.php\/opinia-o-baronie-antonim-soldenhoffie\/\">Antoni Soldenhoffen<\/a><\/li>\n<li class=\"page_item page-item-597\"><a href=\"https:\/\/www.miedziana.pl\/index.php\/apel-do-mieszkancow\/\">Apel do mieszka\u0144c\u00f3w<\/a><\/li>\n<li class=\"page_item page-item-493\"><a href=\"https:\/\/www.miedziana.pl\/index.php\/bibliografia\/\">Bibliografia<\/a><\/li>\n<li class=\"page_item page-item-39\"><a href=\"https:\/\/www.miedziana.pl\/index.php\/dlaczego-chronic\/\">Dlaczego chroni\u0107?<\/a><\/li>\n<li class=\"page_item page-item-765\"><a href=\"https:\/\/www.miedziana.pl\/index.php\/dokumenty-austriackie-z-1915-r-dotyczace-wystepowania-surowcow-mineralnych-na-kielecczyznie\/\">Dokumenty austriackie z 1915 r. dotycz\u0105ce wyst\u0119powania z\u0142\u00f3\u017c miedzi w Miedziance i Miedzianej G\u00f3rze<\/a><\/li>\n<li class=\"page_item page-item-37\"><a href=\"https:\/\/www.miedziana.pl\/index.php\/dokumenty-i-skarby-na-haldach\/\">Dokumenty i skarby na ha\u0142dach<\/a><\/li>\n<li class=\"page_item page-item-76\"><a href=\"https:\/\/www.miedziana.pl\/index.php\/fragment-artykulu-k-kossowskiego\/\">Fragment artyku\u0142u Kazimierza Kossowskiego<\/a><\/li>\n<li class=\"page_item page-item-70\"><a href=\"https:\/\/www.miedziana.pl\/index.php\/70-2\/\">Fragment relacji Juliana U. Niemcewicza<\/a><\/li>\n<li class=\"page_item page-item-67\"><a href=\"https:\/\/www.miedziana.pl\/index.php\/fragmenty-relacji-adama-naruszewicza\/\">Fragmenty relacji Adama Naruszewicza<\/a><\/li>\n<li class=\"page_item page-item-451\"><a href=\"https:\/\/www.miedziana.pl\/index.php\/halda-szybu-karol\/\">Ha\u0142da szybu &#8222;Karol&#8221;<\/a><\/li>\n<li class=\"page_item page-item-23\"><a href=\"https:\/\/www.miedziana.pl\/index.php\/historia-kopalni-do-konca-xviii-w\/\">Historia kopalni do ko\u0144ca XVIII w.<\/a><\/li>\n<li class=\"page_item page-item-28\"><a href=\"https:\/\/www.miedziana.pl\/index.php\/historia-kopalni-od-xix-w\/\">Historia kopalni od  XIX w.<\/a><\/li>\n<li class=\"page_item page-item-851\"><a href=\"https:\/\/www.miedziana.pl\/index.php\/jan-niedzwiedz\/\">Jan Nied\u017awied\u017a<\/a><\/li>\n<li class=\"page_item page-item-47\"><a href=\"https:\/\/www.miedziana.pl\/index.php\/kaplica-sw-barbary\/\">Kaplica \u015bw. Barbary<\/a><\/li>\n<li class=\"page_item page-item-482\"><a href=\"https:\/\/www.miedziana.pl\/index.php\/kontakt\/\">Kontakt<\/a><\/li>\n<li class=\"page_item page-item-81\"><a href=\"https:\/\/www.miedziana.pl\/index.php\/81-2\/\">Legenda o ukryciu z\u0142o\u017ca<\/a><\/li>\n<li class=\"page_item page-item-116\"><a href=\"https:\/\/www.miedziana.pl\/index.php\/limonity\/\">Limonity<\/a><\/li>\n<li class=\"page_item page-item-133\"><a href=\"https:\/\/www.miedziana.pl\/index.php\/malachit\/\">Malachit<\/a><\/li>\n<li class=\"page_item page-item-449\"><a href=\"https:\/\/www.miedziana.pl\/index.php\/mapa-strony\/\">Mapa Strony<\/a><\/li>\n<li class=\"page_item page-item-2\"><a href=\"https:\/\/www.miedziana.pl\/\">Miedziana G\u00f3ra<\/a><\/li>\n<li class=\"page_item page-item-44\"><a href=\"https:\/\/www.miedziana.pl\/index.php\/mines-of-miedziana-gora\/\">Mines of Miedziana G\u00f3ra<\/a><\/li>\n<li class=\"page_item page-item-179\"><a href=\"https:\/\/www.miedziana.pl\/index.php\/179-2\/\">Monety miedziane z XVIII i XIX wieku<\/a><\/li>\n<li class=\"page_item page-item-50\"><a href=\"https:\/\/www.miedziana.pl\/index.php\/opis-geologiczny-jerzego-b-puscha\/\">Opis geologiczny Jerzego B. Puscha<\/a><\/li>\n<li class=\"page_item page-item-144\"><a href=\"https:\/\/www.miedziana.pl\/index.php\/opis-planu-kopalni-z-1872-r\/\">Opis planu kopalni z 1872 r.<\/a><\/li>\n<li class=\"page_item page-item-5\"><a href=\"https:\/\/www.miedziana.pl\/index.php\/pasja\/\">Pasja geolog\u00f3w<\/a><\/li>\n<li class=\"page_item page-item-531\"><a href=\"https:\/\/www.miedziana.pl\/index.php\/pole-gornicze-na-wzgorzu-laweczna\/\">Pole g\u00f3rnicze na wzg\u00f3rzu \u0141aw\u0119czna<\/a><\/li>\n<li class=\"page_item page-item-1152\"><a href=\"https:\/\/www.miedziana.pl\/index.php\/polityka-prywatnosci\/\">Polityka prywatno\u015bci<\/a><\/li>\n<li class=\"page_item page-item-254\"><a href=\"https:\/\/www.miedziana.pl\/index.php\/poszukiwania-rud-olowiu-podczas-i-wojny-swiatowej\/\">Poszukiwania rud miedzi i o\u0142owiu podczas I wojny \u015bwiatowej<\/a><\/li>\n<li class=\"page_item page-item-385\"><a href=\"https:\/\/www.miedziana.pl\/index.php\/przerobka-rud-miedzi-w-miedzianej-gorze\/\">Przer\u00f3bka rud miedzi w Miedzianej G\u00f3rze<\/a><\/li>\n<li class=\"page_item page-item-171\"><a href=\"https:\/\/www.miedziana.pl\/index.php\/raport-roznieckiego\/\">Raport Aleksandra Ro\u017cnieckiego<\/a><\/li>\n<li class=\"page_item page-item-59\"><a href=\"https:\/\/www.miedziana.pl\/index.php\/relacja-jana-f-carosiego\/\">Relacja Jana F. Carosiego<\/a><\/li>\n<li class=\"page_item page-item-112\"><a href=\"https:\/\/www.miedziana.pl\/index.php\/siarczki\/\">Siarczki<\/a><\/li>\n<li class=\"page_item page-item-35\"><a href=\"https:\/\/www.miedziana.pl\/index.php\/sladami-gwarkow\/\">\u015aladami gwark\u00f3w<\/a><\/li>\n<li class=\"page_item page-item-1001\"><a href=\"https:\/\/www.miedziana.pl\/index.php\/statki-pelne-miedzi\/\">Statki pe\u0142ne miedzi<\/a><\/li>\n<li class=\"page_item page-item-31\"><a href=\"https:\/\/www.miedziana.pl\/index.php\/swiadectwa-przeszlosci\/\">\u015awiadectwa przesz\u0142o\u015bci<\/a><\/li>\n<li class=\"page_item page-item-224\"><a href=\"https:\/\/www.miedziana.pl\/index.php\/sztolnia-odwadniajaca\/\">Sztolnia odwadniaj\u0105ca<\/a><\/li>\n<li class=\"page_item page-item-333\"><a href=\"https:\/\/www.miedziana.pl\/index.php\/szyb-austriacki-i\/\">Szyb &#8222;Austriacki I&#8221;<\/a><\/li>\n<li class=\"page_item page-item-942\"><a href=\"https:\/\/www.miedziana.pl\/index.php\/szyb-barbara\/\">Szyb &#8222;Barbara&#8221;<\/a><\/li>\n<li class=\"page_item page-item-508\"><a href=\"https:\/\/www.miedziana.pl\/index.php\/szyb-stanislaw\/\">Szyb &#8222;Stanis\u0142aw&#8221;<\/a><\/li>\n<li class=\"page_item page-item-1034\"><a href=\"https:\/\/www.miedziana.pl\/index.php\/takie-tam\/\">Takie tam&#8230;<\/a><\/li>\n<li class=\"page_item page-item-1085\"><a href=\"https:\/\/www.miedziana.pl\/index.php\/uran-w-miedzianej-gorze\/\">Uran w Miedzianej G\u00f3rze<\/a><\/li>\n<li class=\"page_item page-item-245\"><a href=\"https:\/\/www.miedziana.pl\/index.php\/fragmenty-statutu-spolka-akcyjna\/\">Ustawa dla Stowarzyszenia Akcyjonaryjusz\u00f3w<\/a><\/li>\n<\/ul>\n<\/div>\n","protected":false},"excerpt":{"rendered":"","protected":false},"author":1,"featured_media":0,"parent":0,"menu_order":0,"comment_status":"closed","ping_status":"closed","template":"","meta":{"footnotes":""},"class_list":["post-449","page","type-page","status-publish","hentry"],"_links":{"self":[{"href":"https:\/\/www.miedziana.pl\/index.php\/wp-json\/wp\/v2\/pages\/449","targetHints":{"allow":["GET"]}}],"collection":[{"href":"https:\/\/www.miedziana.pl\/index.php\/wp-json\/wp\/v2\/pages"}],"about":[{"href":"https:\/\/www.miedziana.pl\/index.php\/wp-json\/wp\/v2\/types\/page"}],"author":[{"embeddable":true,"href":"https:\/\/www.miedziana.pl\/index.php\/wp-json\/wp\/v2\/users\/1"}],"replies":[{"embeddable":true,"href":"https:\/\/www.miedziana.pl\/index.php\/wp-json\/wp\/v2\/comments?post=449"}],"version-history":[{"count":1,"href":"https:\/\/www.miedziana.pl\/index.php\/wp-json\/wp\/v2\/pages\/449\/revisions"}],"predecessor-version":[{"id":450,"href":"https:\/\/www.miedziana.pl\/index.php\/wp-json\/wp\/v2\/pages\/449\/revisions\/450"}],"wp:attachment":[{"href":"https:\/\/www.miedziana.pl\/index.php\/wp-json\/wp\/v2\/media?parent=449"}],"curies":[{"name":"wp","href":"https:\/\/api.w.org\/{rel}","templated":true}]}}