{"id":482,"date":"2015-08-15T18:11:00","date_gmt":"2015-08-15T16:11:00","guid":{"rendered":"http:\/\/www.miedziana.pl\/?page_id=482"},"modified":"2025-04-07T19:12:55","modified_gmt":"2025-04-07T17:12:55","slug":"kontakt","status":"publish","type":"page","link":"https:\/\/www.miedziana.pl\/index.php\/kontakt\/","title":{"rendered":"Kontakt"},"content":{"rendered":"<p>Strona Internetowa powsta\u0142a na podstawie ksi\u0105\u017cki:<br \/>\n<a href=\"http:\/\/issuu.com\/pawekrol\/docs\/miedziana_new\" target=\"_blank\" rel=\"noopener noreferrer\">Pawe\u0142 Kr\u00f3l, Jan Urban<strong>. <\/strong>Historyczne i geologiczne dziedzictwo g\u00f3rnictwa miedzianog\u00f3rskiego. Kielce 2012, Wydawnictwo JP<\/a><\/p>\n<p>dr hab. in\u017c. Jan Urban, prof. IOP PAN (Instytut Ochrony Przyrody PAN w Krakowie).<\/p>\n<p>dr Pawe\u0142 Kr\u00f3l (Muzeum Narodowe w Kielcach)<\/p>\n<p>&nbsp;<\/p>\n<p style=\"text-align: justify;\">Chcemy podzi\u0119kowa\u0107 wszystkim tym, kt\u00f3rzy pomogli nam w pracach nad opisem geologii z\u0142o\u017ca miedzianog\u00f3rskiego i dziej\u00f3w jego eksploatacji, umo\u017cliwili wykorzystanie w\u0142asnych materia\u0142\u00f3w lub w inny spos\u00f3b przyczynili si\u0119 do powstania wydawnictwa i strony internetowej. S\u0105 to przede wszystkim: Maria Czeppe (Krak\u00f3w), Jerzy G\u0105gol (Kielce), Andrzej Kasza (Kielce), Tomasz Kaleta (Zagna\u0144sk), Stanis\u0142aw Krupa (Warszawa), Zbigniew Kowalczewski (Kielce), Hartmut Simmert (Drezno), Piotr Szrek (Warszawa), Wojciech Szczygielski (Warszawa), Wac\u0142aw Urban (Krak\u00f3w). Za wyra\u017cenie zgody na publikacj\u0119 materia\u0142\u00f3w archiwalnych oraz fotografii eksponat\u00f3w dzi\u0119kujemy dyrekcjom Biblioteki Jagiello\u0144skiej, Fundacji Ksi\u0105\u017c\u0105t Czartoryskich w Krakowie, Muzeum G\u00f3rnictwa W\u0119glowego w Zabrzu, Archiwum G\u0142\u00f3wnego Akt Dawnych, Archiwum Pa\u0144stwowego w Radomiu, Warszawskiego Centrum Numizmatycznego.<\/p>\n<p style=\"text-align: justify;\">Niniejsze opracowanie nie jest pe\u0142n\u0105 monografi\u0105. Nie wykorzystano w niej bowiem jeszcze wielu \u017ar\u00f3de\u0142, do kt\u00f3rych autorzy nie mogli dotrze\u0107 lub z kt\u00f3rych \u2013 nie b\u0119d\u0105c zawodowymi historykami \u2013 nie umieli korzysta\u0107. Mamy jednak nadziej\u0119, \u017ce przyczyni si\u0119 do przywr\u00f3cenia pozosta\u0142o\u015bciom g\u00f3rnictwa miedzianog\u00f3rskiego w\u0142a\u015bciwej im rangi i ich uchronienia przez zag\u0142ad\u0105.<a href=\"https:\/\/www.miedziana.pl\/wp-content\/uploads\/2022\/11\/wersja.jpg\"><img loading=\"lazy\" decoding=\"async\" class=\"alignright wp-image-1221 size-thumbnail\" src=\"https:\/\/www.miedziana.pl\/wp-content\/uploads\/2022\/11\/wersja-150x150.jpg\" alt=\"\" width=\"150\" height=\"150\" srcset=\"https:\/\/www.miedziana.pl\/wp-content\/uploads\/2022\/11\/wersja-150x150.jpg 150w, https:\/\/www.miedziana.pl\/wp-content\/uploads\/2022\/11\/wersja-144x144.jpg 144w\" sizes=\"auto, (max-width: 150px) 100vw, 150px\" \/><\/a><\/p>\n<p>Autor i obs\u0142uga strony: Pawe\u0142 Kr\u00f3l<\/p>\n<p>Pierwsza wersja strony zosta\u0142a wyr\u00f3\u017cniana w magazynie Internet 8\/2000 w kategorii &#8222;Gminy w Internecie&#8221;<\/p>\n<p>&nbsp;<\/p>\n<hr \/>\n<p><a href=\"http:\/\/issuu.com\/pawekrol\/docs\/dorzecze?e=1861002\/3734721\" target=\"_blank\" rel=\"noopener noreferrer\">Ryszard Garus, Pawe\u0142 Kr\u00f3l, Jan Urban Zabytki g\u00f3rnictwa i hutnictwa Staropolskiego Okr\u0119gu Przemys\u0142owego w dolinie g\u00f3rnej Bobrzy. Przewodnik po obszarze Lokalnej Grupy Dzia\u0142ania &#8222;Dorzecze Bobrzy&#8221;. Agencja JP, Kielce 2011<\/a><\/p>\n<p><a href=\"http:\/\/issuu.com\/pawekrol\/docs\/kopalnie_w_miedzianej_g_rze_...?mode=embed&amp;layout=http%3A%2F%2Fskin.issuu.com%2Fv%2Flight%2Flayout.xml&amp;showFlipBtn=true\" target=\"_blank\" rel=\"noopener noreferrer\">Pawe\u0142 Kr\u00f3l, Jan Urban Kopalnie w Miedzianej G\u00f3rze i \u0141aw\u0119cznej oraz ochrona ich pozosta\u0142o\u015bci Rocznik \u015awi\u0119tokrzyski. Ser. B, 1-44, Kielce 2003.<\/a><\/p>\n<hr \/>\n","protected":false},"excerpt":{"rendered":"<p>Strona Internetowa powsta\u0142a na podstawie ksi\u0105\u017cki: Pawe\u0142 Kr\u00f3l, Jan Urban. Historyczne i geologiczne dziedzictwo g\u00f3rnictwa miedzianog\u00f3rskiego. Kielce 2012, Wydawnictwo JP dr hab. in\u017c. Jan Urban, prof. IOP PAN (Instytut Ochrony Przyrody PAN w Krakowie). dr Pawe\u0142 Kr\u00f3l (Muzeum Narodowe w Kielcach) &nbsp; Chcemy podzi\u0119kowa\u0107 wszystkim tym, kt\u00f3rzy pomogli nam w pracach nad opisem geologii z\u0142o\u017ca [&hellip;]<\/p>\n","protected":false},"author":1,"featured_media":0,"parent":0,"menu_order":0,"comment_status":"closed","ping_status":"closed","template":"","meta":{"footnotes":""},"class_list":["post-482","page","type-page","status-publish","hentry"],"_links":{"self":[{"href":"https:\/\/www.miedziana.pl\/index.php\/wp-json\/wp\/v2\/pages\/482","targetHints":{"allow":["GET"]}}],"collection":[{"href":"https:\/\/www.miedziana.pl\/index.php\/wp-json\/wp\/v2\/pages"}],"about":[{"href":"https:\/\/www.miedziana.pl\/index.php\/wp-json\/wp\/v2\/types\/page"}],"author":[{"embeddable":true,"href":"https:\/\/www.miedziana.pl\/index.php\/wp-json\/wp\/v2\/users\/1"}],"replies":[{"embeddable":true,"href":"https:\/\/www.miedziana.pl\/index.php\/wp-json\/wp\/v2\/comments?post=482"}],"version-history":[{"count":49,"href":"https:\/\/www.miedziana.pl\/index.php\/wp-json\/wp\/v2\/pages\/482\/revisions"}],"predecessor-version":[{"id":1247,"href":"https:\/\/www.miedziana.pl\/index.php\/wp-json\/wp\/v2\/pages\/482\/revisions\/1247"}],"wp:attachment":[{"href":"https:\/\/www.miedziana.pl\/index.php\/wp-json\/wp\/v2\/media?parent=482"}],"curies":[{"name":"wp","href":"https:\/\/api.w.org\/{rel}","templated":true}]}}