{"id":508,"date":"2015-08-15T22:06:25","date_gmt":"2015-08-15T20:06:25","guid":{"rendered":"http:\/\/www.miedziana.pl\/?page_id=508"},"modified":"2020-12-13T16:40:25","modified_gmt":"2020-12-13T15:40:25","slug":"szyb-stanislaw","status":"publish","type":"page","link":"https:\/\/www.miedziana.pl\/index.php\/szyb-stanislaw\/","title":{"rendered":"Szyb &#8222;Stanis\u0142aw&#8221;"},"content":{"rendered":"<div id=\"attachment_594\" style=\"width: 310px\" class=\"wp-caption alignnone\"><a href=\"https:\/\/www.miedziana.pl\/wp-content\/uploads\/2015\/08\/kapliczna1965_small.jpg\"><img loading=\"lazy\" decoding=\"async\" aria-describedby=\"caption-attachment-594\" class=\"wp-image-594 size-medium\" src=\"https:\/\/www.miedziana.pl\/wp-content\/uploads\/2015\/08\/kapliczna1965_small-300x211.jpg\" alt=\"kapliczna1965_small\" width=\"300\" height=\"211\" srcset=\"https:\/\/www.miedziana.pl\/wp-content\/uploads\/2015\/08\/kapliczna1965_small-300x211.jpg 300w, https:\/\/www.miedziana.pl\/wp-content\/uploads\/2015\/08\/kapliczna1965_small-1024x719.jpg 1024w, https:\/\/www.miedziana.pl\/wp-content\/uploads\/2015\/08\/kapliczna1965_small.jpg 1920w\" sizes=\"auto, (max-width: 300px) 100vw, 300px\" \/><\/a><p id=\"caption-attachment-594\" class=\"wp-caption-text\">Wschodnia cz\u0119\u015b\u0107 ha\u0142dy szybu Stanis\u0142aw z widokiem na G\u00f3r\u0119 Kapliczn\u0105. Fot. Jerzy Fija\u0142kowski, 1965 r.<\/p><\/div>\n<div id=\"attachment_510\" style=\"width: 310px\" class=\"wp-caption alignnone\"><a href=\"https:\/\/www.miedziana.pl\/wp-content\/uploads\/2015\/08\/stasuek7.jpg\"><img loading=\"lazy\" decoding=\"async\" aria-describedby=\"caption-attachment-510\" class=\"wp-image-510 size-medium\" src=\"https:\/\/www.miedziana.pl\/wp-content\/uploads\/2015\/08\/stasuek7-300x187.jpg\" alt=\"Szyb &quot;Stanis\u0142aw&quot;\" width=\"300\" height=\"187\" srcset=\"https:\/\/www.miedziana.pl\/wp-content\/uploads\/2015\/08\/stasuek7-300x187.jpg 300w, https:\/\/www.miedziana.pl\/wp-content\/uploads\/2015\/08\/stasuek7-1024x639.jpg 1024w, https:\/\/www.miedziana.pl\/wp-content\/uploads\/2015\/08\/stasuek7.jpg 1980w\" sizes=\"auto, (max-width: 300px) 100vw, 300px\" \/><\/a><p id=\"caption-attachment-510\" class=\"wp-caption-text\">Ha\u0142da szybu &#8222;Stanis\u0142aw&#8221;. Fot. Jan Urban, 1977 r.<\/p><\/div>\n<div id=\"attachment_513\" style=\"width: 310px\" class=\"wp-caption alignnone\"><a href=\"https:\/\/www.miedziana.pl\/wp-content\/uploads\/2015\/08\/stasiek2.jpg\"><img loading=\"lazy\" decoding=\"async\" aria-describedby=\"caption-attachment-513\" class=\"wp-image-513 size-medium\" src=\"https:\/\/www.miedziana.pl\/wp-content\/uploads\/2015\/08\/stasiek2-300x204.jpg\" alt=\"Szyb &quot;Stanis\u0142aw&quot;\" width=\"300\" height=\"204\" srcset=\"https:\/\/www.miedziana.pl\/wp-content\/uploads\/2015\/08\/stasiek2-300x204.jpg 300w, https:\/\/www.miedziana.pl\/wp-content\/uploads\/2015\/08\/stasiek2-1024x696.jpg 1024w, https:\/\/www.miedziana.pl\/wp-content\/uploads\/2015\/08\/stasiek2.jpg 1980w\" sizes=\"auto, (max-width: 300px) 100vw, 300px\" \/><\/a><p id=\"caption-attachment-513\" class=\"wp-caption-text\">Ha\u0142da szybu &#8222;Stanis\u0142aw&#8221;, 2006 r.<\/p><\/div>\n<div id=\"attachment_515\" style=\"width: 310px\" class=\"wp-caption alignnone\"><a href=\"https:\/\/www.miedziana.pl\/wp-content\/uploads\/2015\/08\/stasiek3.jpg\"><img loading=\"lazy\" decoding=\"async\" aria-describedby=\"caption-attachment-515\" class=\"wp-image-515 size-medium\" src=\"https:\/\/www.miedziana.pl\/wp-content\/uploads\/2015\/08\/stasiek3-300x200.jpg\" alt=\"Ha\u0142da szybu &quot;Stanis\u0142aw&quot;\" width=\"300\" height=\"200\" srcset=\"https:\/\/www.miedziana.pl\/wp-content\/uploads\/2015\/08\/stasiek3-300x200.jpg 300w, https:\/\/www.miedziana.pl\/wp-content\/uploads\/2015\/08\/stasiek3-1024x683.jpg 1024w, https:\/\/www.miedziana.pl\/wp-content\/uploads\/2015\/08\/stasiek3.jpg 1980w\" sizes=\"auto, (max-width: 300px) 100vw, 300px\" \/><\/a><p id=\"caption-attachment-515\" class=\"wp-caption-text\">Ha\u0142da szybu \u201eStanis\u0142aw\u201d, 2006 r.<\/p><\/div>\n<div id=\"attachment_759\" style=\"width: 310px\" class=\"wp-caption alignnone\"><a href=\"https:\/\/www.miedziana.pl\/wp-content\/uploads\/2015\/08\/st2000_1.jpg\"><img loading=\"lazy\" decoding=\"async\" aria-describedby=\"caption-attachment-759\" class=\"wp-image-759 size-medium\" src=\"https:\/\/www.miedziana.pl\/wp-content\/uploads\/2015\/08\/st2000_1-300x190.jpg\" alt=\"Lej szybu \u201eStanis\u0142aw\u201d\" width=\"300\" height=\"190\" srcset=\"https:\/\/www.miedziana.pl\/wp-content\/uploads\/2015\/08\/st2000_1-300x190.jpg 300w, https:\/\/www.miedziana.pl\/wp-content\/uploads\/2015\/08\/st2000_1-1024x650.jpg 1024w, https:\/\/www.miedziana.pl\/wp-content\/uploads\/2015\/08\/st2000_1.jpg 1980w\" sizes=\"auto, (max-width: 300px) 100vw, 300px\" \/><\/a><p id=\"caption-attachment-759\" class=\"wp-caption-text\">Lej szybu \u201eStanis\u0142aw\u201d, najwi\u0119kszy na terenie Miedzianej G\u00f3ry \u2013 niestety \u2013 zasypywany \u015bmieciami; pomnik przyrody nieo\u017cywionej od 1987 roku. Stan z 2000 r.<\/p><\/div>\n<div id=\"attachment_760\" style=\"width: 310px\" class=\"wp-caption alignnone\"><a href=\"https:\/\/www.miedziana.pl\/wp-content\/uploads\/2015\/08\/st2000r.jpg\"><img loading=\"lazy\" decoding=\"async\" aria-describedby=\"caption-attachment-760\" class=\"wp-image-760 size-medium\" src=\"https:\/\/www.miedziana.pl\/wp-content\/uploads\/2015\/08\/st2000r-300x198.jpg\" alt=\"Lej szybu \u201eStanis\u0142aw\u201d.\" width=\"300\" height=\"198\" srcset=\"https:\/\/www.miedziana.pl\/wp-content\/uploads\/2015\/08\/st2000r-300x198.jpg 300w, https:\/\/www.miedziana.pl\/wp-content\/uploads\/2015\/08\/st2000r-1024x674.jpg 1024w, https:\/\/www.miedziana.pl\/wp-content\/uploads\/2015\/08\/st2000r.jpg 1980w\" sizes=\"auto, (max-width: 300px) 100vw, 300px\" \/><\/a><p id=\"caption-attachment-760\" class=\"wp-caption-text\">Lej szybu \u201eStanis\u0142aw\u201d. Stan z 2000 r.<\/p><\/div>\n<div id=\"attachment_286\" style=\"width: 310px\" class=\"wp-caption alignnone\"><a href=\"https:\/\/www.miedziana.pl\/wp-content\/uploads\/2015\/08\/stasiek.jpg\"><img loading=\"lazy\" decoding=\"async\" aria-describedby=\"caption-attachment-286\" class=\"wp-image-286 size-medium\" src=\"https:\/\/www.miedziana.pl\/wp-content\/uploads\/2015\/08\/stasiek-300x222.jpg\" alt=\"Szyb &quot;Stanis\u0142aw&quot;\" width=\"300\" height=\"222\" srcset=\"https:\/\/www.miedziana.pl\/wp-content\/uploads\/2015\/08\/stasiek-300x222.jpg 300w, https:\/\/www.miedziana.pl\/wp-content\/uploads\/2015\/08\/stasiek-1024x757.jpg 1024w, https:\/\/www.miedziana.pl\/wp-content\/uploads\/2015\/08\/stasiek.jpg 1920w\" sizes=\"auto, (max-width: 300px) 100vw, 300px\" \/><\/a><p id=\"caption-attachment-286\" class=\"wp-caption-text\">Lej szybu \u201eStanis\u0142aw\u201d . Stan z 2003 r.<\/p><\/div>\n<div id=\"attachment_562\" style=\"width: 310px\" class=\"wp-caption alignleft\"><a href=\"https:\/\/www.miedziana.pl\/wp-content\/uploads\/2015\/08\/stasiek15.jpg\"><img loading=\"lazy\" decoding=\"async\" aria-describedby=\"caption-attachment-562\" class=\"wp-image-562 size-medium\" src=\"https:\/\/www.miedziana.pl\/wp-content\/uploads\/2015\/08\/stasiek15-300x200.jpg\" alt=\"Szyb &quot;Stanis\u0142aw&quot;\" width=\"300\" height=\"200\" srcset=\"https:\/\/www.miedziana.pl\/wp-content\/uploads\/2015\/08\/stasiek15-300x200.jpg 300w, https:\/\/www.miedziana.pl\/wp-content\/uploads\/2015\/08\/stasiek15-1024x683.jpg 1024w, https:\/\/www.miedziana.pl\/wp-content\/uploads\/2015\/08\/stasiek15.jpg 1920w\" sizes=\"auto, (max-width: 300px) 100vw, 300px\" \/><\/a><p id=\"caption-attachment-562\" class=\"wp-caption-text\">Lej szybu \u201eStanis\u0142aw\u201d. Stan w 2007 r.<\/p><\/div>\n<div id=\"attachment_987\" style=\"width: 310px\" class=\"wp-caption alignnone\"><a href=\"https:\/\/www.miedziana.pl\/wp-content\/uploads\/2018\/05\/IMGP7575.jpg\"><img loading=\"lazy\" decoding=\"async\" aria-describedby=\"caption-attachment-987\" class=\"wp-image-987 size-medium\" src=\"https:\/\/www.miedziana.pl\/wp-content\/uploads\/2018\/05\/IMGP7575-300x200.jpg\" alt=\"\" width=\"300\" height=\"200\" srcset=\"https:\/\/www.miedziana.pl\/wp-content\/uploads\/2018\/05\/IMGP7575-300x200.jpg 300w, https:\/\/www.miedziana.pl\/wp-content\/uploads\/2018\/05\/IMGP7575-768x512.jpg 768w, https:\/\/www.miedziana.pl\/wp-content\/uploads\/2018\/05\/IMGP7575-1024x683.jpg 1024w, https:\/\/www.miedziana.pl\/wp-content\/uploads\/2018\/05\/IMGP7575.jpg 1920w\" sizes=\"auto, (max-width: 300px) 100vw, 300px\" \/><\/a><p id=\"caption-attachment-987\" class=\"wp-caption-text\">Lej szybu \u201eStanis\u0142aw\u201d. Stan w 2018 r. fot. Jacek Jopowicz<\/p><\/div>\n<div id=\"attachment_985\" style=\"width: 310px\" class=\"wp-caption alignnone\"><a href=\"https:\/\/www.miedziana.pl\/wp-content\/uploads\/2018\/05\/20180425_085030.jpg\"><img loading=\"lazy\" decoding=\"async\" aria-describedby=\"caption-attachment-985\" class=\"wp-image-985 size-medium\" src=\"https:\/\/www.miedziana.pl\/wp-content\/uploads\/2018\/05\/20180425_085030-300x225.jpg\" alt=\"\" width=\"300\" height=\"225\" srcset=\"https:\/\/www.miedziana.pl\/wp-content\/uploads\/2018\/05\/20180425_085030-300x225.jpg 300w, https:\/\/www.miedziana.pl\/wp-content\/uploads\/2018\/05\/20180425_085030-768x576.jpg 768w, https:\/\/www.miedziana.pl\/wp-content\/uploads\/2018\/05\/20180425_085030-1024x768.jpg 1024w, https:\/\/www.miedziana.pl\/wp-content\/uploads\/2018\/05\/20180425_085030.jpg 1920w\" sizes=\"auto, (max-width: 300px) 100vw, 300px\" \/><\/a><p id=\"caption-attachment-985\" class=\"wp-caption-text\">Lej szybu \u201eStanis\u0142aw\u201d. Stan w 2018 r.<\/p><\/div>\n","protected":false},"excerpt":{"rendered":"","protected":false},"author":1,"featured_media":0,"parent":0,"menu_order":0,"comment_status":"closed","ping_status":"closed","template":"","meta":{"footnotes":""},"class_list":["post-508","page","type-page","status-publish","hentry"],"_links":{"self":[{"href":"https:\/\/www.miedziana.pl\/index.php\/wp-json\/wp\/v2\/pages\/508","targetHints":{"allow":["GET"]}}],"collection":[{"href":"https:\/\/www.miedziana.pl\/index.php\/wp-json\/wp\/v2\/pages"}],"about":[{"href":"https:\/\/www.miedziana.pl\/index.php\/wp-json\/wp\/v2\/types\/page"}],"author":[{"embeddable":true,"href":"https:\/\/www.miedziana.pl\/index.php\/wp-json\/wp\/v2\/users\/1"}],"replies":[{"embeddable":true,"href":"https:\/\/www.miedziana.pl\/index.php\/wp-json\/wp\/v2\/comments?post=508"}],"version-history":[{"count":20,"href":"https:\/\/www.miedziana.pl\/index.php\/wp-json\/wp\/v2\/pages\/508\/revisions"}],"predecessor-version":[{"id":1196,"href":"https:\/\/www.miedziana.pl\/index.php\/wp-json\/wp\/v2\/pages\/508\/revisions\/1196"}],"wp:attachment":[{"href":"https:\/\/www.miedziana.pl\/index.php\/wp-json\/wp\/v2\/media?parent=508"}],"curies":[{"name":"wp","href":"https:\/\/api.w.org\/{rel}","templated":true}]}}