{"id":597,"date":"2015-08-17T11:10:35","date_gmt":"2015-08-17T09:10:35","guid":{"rendered":"http:\/\/www.miedziana.pl\/?page_id=597"},"modified":"2015-09-04T19:10:59","modified_gmt":"2015-09-04T17:10:59","slug":"apel-do-mieszkancow","status":"publish","type":"page","link":"https:\/\/www.miedziana.pl\/index.php\/apel-do-mieszkancow\/","title":{"rendered":"Apel do mieszka\u0144c\u00f3w"},"content":{"rendered":"<p>Na fotografii autorstwa Jerzego Fija\u0142kowskiego (1965 r.)\u00a0 pokazana jest du\u017ca ha\u0142da g\u00f3rnicza, zabudowania, w oddali widoczna droga. W kt\u00f3rym miejscu autor wykona\u0142 to zdj\u0119cie?<\/p>\n<div id=\"attachment_598\" style=\"width: 645px\" class=\"wp-caption alignnone\"><a href=\"http:\/\/www.miedziana.pl\/wp-content\/uploads\/2015\/08\/apel.jpg\"><img loading=\"lazy\" decoding=\"async\" aria-describedby=\"caption-attachment-598\" class=\"wp-image-598 \" src=\"http:\/\/www.miedziana.pl\/wp-content\/uploads\/2015\/08\/apel-1024x716.jpg\" alt=\"Gdzie to jest ?\" width=\"635\" height=\"444\" srcset=\"https:\/\/www.miedziana.pl\/wp-content\/uploads\/2015\/08\/apel-1024x716.jpg 1024w, https:\/\/www.miedziana.pl\/wp-content\/uploads\/2015\/08\/apel-300x210.jpg 300w, https:\/\/www.miedziana.pl\/wp-content\/uploads\/2015\/08\/apel.jpg 1920w\" sizes=\"auto, (max-width: 635px) 100vw, 635px\" \/><\/a><p id=\"caption-attachment-598\" class=\"wp-caption-text\">Prosimy o pomoc w ustaleniu miejsca wykonania fotografii.<\/p><\/div>\n<p>Kontakt: Pawe\u0142 Kr\u00f3l\u00a0<a href=\"http:\/\/www.miedziana.pl\/wp-content\/uploads\/2015\/08\/pk.jpg\"><img loading=\"lazy\" decoding=\"async\" class=\"size-thumbnail wp-image-708 alignnone\" src=\"http:\/\/www.miedziana.pl\/wp-content\/uploads\/2015\/08\/pk-150x27.jpg\" alt=\"pk\" width=\"150\" height=\"27\" \/><\/a><\/p>\n<p>&nbsp;<\/p>\n","protected":false},"excerpt":{"rendered":"<p>Na fotografii autorstwa Jerzego Fija\u0142kowskiego (1965 r.)\u00a0 pokazana jest du\u017ca ha\u0142da g\u00f3rnicza, zabudowania, w oddali widoczna droga. W kt\u00f3rym miejscu autor wykona\u0142 to zdj\u0119cie? Kontakt: Pawe\u0142 Kr\u00f3l\u00a0 &nbsp;<\/p>\n","protected":false},"author":1,"featured_media":0,"parent":0,"menu_order":0,"comment_status":"closed","ping_status":"closed","template":"","meta":{"footnotes":""},"class_list":["post-597","page","type-page","status-publish","hentry"],"_links":{"self":[{"href":"https:\/\/www.miedziana.pl\/index.php\/wp-json\/wp\/v2\/pages\/597","targetHints":{"allow":["GET"]}}],"collection":[{"href":"https:\/\/www.miedziana.pl\/index.php\/wp-json\/wp\/v2\/pages"}],"about":[{"href":"https:\/\/www.miedziana.pl\/index.php\/wp-json\/wp\/v2\/types\/page"}],"author":[{"embeddable":true,"href":"https:\/\/www.miedziana.pl\/index.php\/wp-json\/wp\/v2\/users\/1"}],"replies":[{"embeddable":true,"href":"https:\/\/www.miedziana.pl\/index.php\/wp-json\/wp\/v2\/comments?post=597"}],"version-history":[{"count":9,"href":"https:\/\/www.miedziana.pl\/index.php\/wp-json\/wp\/v2\/pages\/597\/revisions"}],"predecessor-version":[{"id":709,"href":"https:\/\/www.miedziana.pl\/index.php\/wp-json\/wp\/v2\/pages\/597\/revisions\/709"}],"wp:attachment":[{"href":"https:\/\/www.miedziana.pl\/index.php\/wp-json\/wp\/v2\/media?parent=597"}],"curies":[{"name":"wp","href":"https:\/\/api.w.org\/{rel}","templated":true}]}}