{"id":76,"date":"2015-08-06T21:24:14","date_gmt":"2015-08-06T19:24:14","guid":{"rendered":"http:\/\/www.miedziana.pl\/?page_id=76"},"modified":"2020-12-13T16:09:37","modified_gmt":"2020-12-13T15:09:37","slug":"fragment-artykulu-k-kossowskiego","status":"publish","type":"page","link":"https:\/\/www.miedziana.pl\/index.php\/fragment-artykulu-k-kossowskiego\/","title":{"rendered":"Fragment artyku\u0142u Kazimierza Kossowskiego"},"content":{"rendered":"<p><strong>Fragment artyku\u0142u Kazimierza Kossowskiego o kopalni miedzianog\u00f3rskiej<\/strong><\/p>\n<p style=\"text-align: justify;\">Nikt nie zaprzeczy, \u017ce w obszernej budowie Miedzianog\u00f3rskiej, znajdowa\u0142y si\u0119 rozmaite gatunki rud kruszcowych, \u017ce te by\u0142y bogate co do procentu, \u017ce w r\u00f3\u017cnych filarach kopalni obfito\u015b\u0107 \u0142o\u017cysk<a href=\"#_edn1\" name=\"_ednref1\">[1]<\/a> by\u0142a znaczna, a szczeg\u00f3lniej w pasie filarowym drugiego zag\u0142\u0119bia<a href=\"#_edn2\" name=\"_ednref2\">[2]<\/a> pod szybem Oberhutmana i Karola, w pasie zag\u0142\u0119bia pierwszego pod szybem Jana, w pasie zag\u0142\u0119bia trzeciego pod szybem Stanis\u0142awa; \u017ce ostatnie niekorzystne roboty w przodkach od 3go zag\u0142\u0119bia ku wychodni post\u0119puj\u0105cych, po wi\u0119kszej cz\u0119\u015bci przerabia\u0142y stare roboty, z kt\u00f3rych bogate sztufowe rudy, by\u0142y ju\u017c poprzednio wybrane. Nikt tak\u017ce nic zaprzeczy, \u017ce na wschodnim uci\u0119ciu kopalni, pozosta\u0142y filary rud kruszcowych malachitowych, kt\u00f3rych ci\u0105g\u0142o\u015b\u0107 i zamo\u017cno\u015b\u0107, w dalszym kierunku ku wschodowi, wcale nie by\u0142a rozpoznan\u0105. W zachodnim za\u015b oddziale kopalni pod szybem Jana, \u0142o\u017cyska kruszcowe jakkolwiek si\u0119 wyklini\u0142y, stosunki jednakowo\u017c uwarstwowania massy i\u0142\u00f3w czarnych kruszcono\u015bnych, s\u0105 te same.<\/p>\n<p>(Kossowski K. 1845 &#8211; O kopalni rudy miedzianej oko\u0142o Kielc w Kr\u00f3lestwie Polskim. Biblioteka Warszawska, t.1: 544-571).<\/p>\n<p><a href=\"#_ednref1\" name=\"_edn1\">[1]<\/a> \u0141o\u017cysko \u2013 z\u0142o\u017ce.<br \/>\n<a href=\"#_ednref2\" name=\"_edn2\">[2]<\/a> Zag\u0142\u0119bie \u2013 poziom wydobywczy.<\/p>\n<div id=\"attachment_238\" style=\"width: 310px\" class=\"wp-caption alignnone\"><a href=\"https:\/\/www.miedziana.pl\/wp-content\/uploads\/2015\/08\/kossowski_tytul.jpg\"><img loading=\"lazy\" decoding=\"async\" aria-describedby=\"caption-attachment-238\" class=\"wp-image-238 size-medium\" src=\"https:\/\/www.miedziana.pl\/wp-content\/uploads\/2015\/08\/kossowski_tytul-300x156.jpg\" alt=\"kossowski_tytul\" width=\"300\" height=\"156\" srcset=\"https:\/\/www.miedziana.pl\/wp-content\/uploads\/2015\/08\/kossowski_tytul-300x156.jpg 300w, https:\/\/www.miedziana.pl\/wp-content\/uploads\/2015\/08\/kossowski_tytul-1024x532.jpg 1024w, https:\/\/www.miedziana.pl\/wp-content\/uploads\/2015\/08\/kossowski_tytul.jpg 1362w\" sizes=\"auto, (max-width: 300px) 100vw, 300px\" \/><\/a><p id=\"caption-attachment-238\" class=\"wp-caption-text\">Kossowski K. 1845 &#8211; O kopalni rudy miedzianej oko\u0142o Kielc w Kr\u00f3lestwie Polskim. Biblioteka Warszawska, t.1: 544-571<\/p><\/div>\n<div id=\"attachment_539\" style=\"width: 310px\" class=\"wp-caption alignnone\"><a href=\"https:\/\/www.miedziana.pl\/wp-content\/uploads\/2015\/08\/kossowski_mapa.jpg\"><img loading=\"lazy\" decoding=\"async\" aria-describedby=\"caption-attachment-539\" class=\"wp-image-539 size-medium\" src=\"https:\/\/www.miedziana.pl\/wp-content\/uploads\/2015\/08\/kossowski_mapa-300x252.jpg\" alt=\"Plan kopalni &quot;Zygmunt&quot;\" width=\"300\" height=\"252\" srcset=\"https:\/\/www.miedziana.pl\/wp-content\/uploads\/2015\/08\/kossowski_mapa-300x252.jpg 300w, https:\/\/www.miedziana.pl\/wp-content\/uploads\/2015\/08\/kossowski_mapa-1024x859.jpg 1024w, https:\/\/www.miedziana.pl\/wp-content\/uploads\/2015\/08\/kossowski_mapa.jpg 1698w\" sizes=\"auto, (max-width: 300px) 100vw, 300px\" \/><\/a><p id=\"caption-attachment-539\" class=\"wp-caption-text\">Kossowski K. 1845 &#8211; O kopalni rudy miedzianej oko\u0142o Kielc w Kr\u00f3lestwie Polskim. Biblioteka Warszawska. Plan kopalni &#8222;Zygmunt&#8221;.<\/p><\/div>\n<div id=\"attachment_592\" style=\"width: 310px\" class=\"wp-caption alignnone\"><a href=\"https:\/\/www.miedziana.pl\/wp-content\/uploads\/2015\/08\/kossowski1965_small.jpg\"><img loading=\"lazy\" decoding=\"async\" aria-describedby=\"caption-attachment-592\" class=\"wp-image-592 size-medium\" src=\"https:\/\/www.miedziana.pl\/wp-content\/uploads\/2015\/08\/kossowski1965_small-300x211.jpg\" alt=\"kossowski1965_small\" width=\"300\" height=\"211\" srcset=\"https:\/\/www.miedziana.pl\/wp-content\/uploads\/2015\/08\/kossowski1965_small-300x211.jpg 300w, https:\/\/www.miedziana.pl\/wp-content\/uploads\/2015\/08\/kossowski1965_small-1024x719.jpg 1024w, https:\/\/www.miedziana.pl\/wp-content\/uploads\/2015\/08\/kossowski1965_small.jpg 1920w\" sizes=\"auto, (max-width: 300px) 100vw, 300px\" \/><\/a><p id=\"caption-attachment-592\" class=\"wp-caption-text\">Ha\u0142dy pochodz\u0105ce z szybu poszukiwawczego Kazimierza Kossowskiego. Stan w 1965 r. Fot. Jerzy Fija\u0142kowski.<\/p><\/div>\n<div id=\"attachment_242\" style=\"width: 310px\" class=\"wp-caption alignnone\"><a href=\"https:\/\/www.miedziana.pl\/wp-content\/uploads\/2015\/08\/kossowski_szyby.jpg\"><img loading=\"lazy\" decoding=\"async\" aria-describedby=\"caption-attachment-242\" class=\"wp-image-242 size-medium\" src=\"https:\/\/www.miedziana.pl\/wp-content\/uploads\/2015\/08\/kossowski_szyby-300x210.jpg\" alt=\"Szyby Kossowskiego\" width=\"300\" height=\"210\" srcset=\"https:\/\/www.miedziana.pl\/wp-content\/uploads\/2015\/08\/kossowski_szyby-300x210.jpg 300w, https:\/\/www.miedziana.pl\/wp-content\/uploads\/2015\/08\/kossowski_szyby-1024x717.jpg 1024w, https:\/\/www.miedziana.pl\/wp-content\/uploads\/2015\/08\/kossowski_szyby.jpg 1900w\" sizes=\"auto, (max-width: 300px) 100vw, 300px\" \/><\/a><p id=\"caption-attachment-242\" class=\"wp-caption-text\">W miejscu, gdzie rosn\u0105 drzewa zachowa\u0142y si\u0119 s\u0142abo widoczne \u015blady ha\u0142d pochodz\u0105ce z szybu poszukiwawczego Kazimierza Kossowskiego. Stan w 2007 r.<\/p><\/div>\n<div id=\"attachment_612\" style=\"width: 310px\" class=\"wp-caption alignnone\"><a href=\"https:\/\/www.miedziana.pl\/wp-content\/uploads\/2015\/08\/koo2015.jpg\"><img loading=\"lazy\" decoding=\"async\" aria-describedby=\"caption-attachment-612\" class=\"wp-image-612 size-medium\" src=\"https:\/\/www.miedziana.pl\/wp-content\/uploads\/2015\/08\/koo2015-300x200.jpg\" alt=\"Szyby Kossowskiego.\" width=\"300\" height=\"200\" srcset=\"https:\/\/www.miedziana.pl\/wp-content\/uploads\/2015\/08\/koo2015-300x200.jpg 300w, https:\/\/www.miedziana.pl\/wp-content\/uploads\/2015\/08\/koo2015-1024x683.jpg 1024w, https:\/\/www.miedziana.pl\/wp-content\/uploads\/2015\/08\/koo2015.jpg 1920w\" sizes=\"auto, (max-width: 300px) 100vw, 300px\" \/><\/a><p id=\"caption-attachment-612\" class=\"wp-caption-text\">W miejscu, gdzie rosn\u0105 drzewa i stoi dom znajdowa\u0142y si\u0119 &nbsp;s\u0142abo widoczne \u015blady ha\u0142d pochodz\u0105ce z szybu poszukiwawczego Kazimierza Kossowskiego. Stan w 2012 r. <a href=\"https:\/\/www.google.pl\/maps\/place\/50%C2%B055'58.0%22N+20%C2%B034'03.3%22E\/@50.932763,20.567592,213m\/data=!3m2!1e3!4b1!4m2!3m1!1s0x0:0x0\" target=\"_blank\" rel=\"noopener\">GPS 50\u00b055&#8217;58.0&#8243;N 20\u00b034&#8217;03.3&#8243;E<\/a><\/p><\/div>\n<blockquote><p><a href=\"https:\/\/www.miedziana.pl\/index.php\/fragmenty-statutu-spolka-akcyjna\/\">Ustawa dla Stowarzyszenia Akcyjonaryjusz\u00f3w do interesu srebrno-miedzianego g\u00f3rnictwa pod Miedzianog\u00f3r\u0105 w okolicy Kielc na mocy kontraktu rz\u0105dowego Kazimierzowi Kossowskiemu wydanego przez Wydzia\u0142 G\u00f3rnictwa przy Komisyi Rz\u0105dowej Przychod\u00f3w i Skarbu pod dat\u0105 30 grudnia 1847 r.<\/a><\/p><\/blockquote>\n<p>&nbsp;<\/p>\n","protected":false},"excerpt":{"rendered":"<p>Fragment artyku\u0142u Kazimierza Kossowskiego o kopalni miedzianog\u00f3rskiej Nikt nie zaprzeczy, \u017ce w obszernej budowie Miedzianog\u00f3rskiej, znajdowa\u0142y si\u0119 rozmaite gatunki rud kruszcowych, \u017ce te by\u0142y bogate co do procentu, \u017ce w r\u00f3\u017cnych filarach kopalni obfito\u015b\u0107 \u0142o\u017cysk[1] by\u0142a znaczna, a szczeg\u00f3lniej w pasie filarowym drugiego zag\u0142\u0119bia[2] pod szybem Oberhutmana i Karola, w pasie zag\u0142\u0119bia pierwszego pod szybem [&hellip;]<\/p>\n","protected":false},"author":1,"featured_media":0,"parent":0,"menu_order":0,"comment_status":"closed","ping_status":"closed","template":"","meta":{"footnotes":""},"class_list":["post-76","page","type-page","status-publish","hentry"],"_links":{"self":[{"href":"https:\/\/www.miedziana.pl\/index.php\/wp-json\/wp\/v2\/pages\/76","targetHints":{"allow":["GET"]}}],"collection":[{"href":"https:\/\/www.miedziana.pl\/index.php\/wp-json\/wp\/v2\/pages"}],"about":[{"href":"https:\/\/www.miedziana.pl\/index.php\/wp-json\/wp\/v2\/types\/page"}],"author":[{"embeddable":true,"href":"https:\/\/www.miedziana.pl\/index.php\/wp-json\/wp\/v2\/users\/1"}],"replies":[{"embeddable":true,"href":"https:\/\/www.miedziana.pl\/index.php\/wp-json\/wp\/v2\/comments?post=76"}],"version-history":[{"count":25,"href":"https:\/\/www.miedziana.pl\/index.php\/wp-json\/wp\/v2\/pages\/76\/revisions"}],"predecessor-version":[{"id":1170,"href":"https:\/\/www.miedziana.pl\/index.php\/wp-json\/wp\/v2\/pages\/76\/revisions\/1170"}],"wp:attachment":[{"href":"https:\/\/www.miedziana.pl\/index.php\/wp-json\/wp\/v2\/media?parent=76"}],"curies":[{"name":"wp","href":"https:\/\/api.w.org\/{rel}","templated":true}]}}