{"id":765,"date":"2016-01-13T12:56:28","date_gmt":"2016-01-13T11:56:28","guid":{"rendered":"http:\/\/www.miedziana.pl\/?page_id=765"},"modified":"2020-12-13T16:04:23","modified_gmt":"2020-12-13T15:04:23","slug":"dokumenty-austriackie-z-1915-r-dotyczace-wystepowania-surowcow-mineralnych-na-kielecczyznie","status":"publish","type":"page","link":"https:\/\/www.miedziana.pl\/index.php\/dokumenty-austriackie-z-1915-r-dotyczace-wystepowania-surowcow-mineralnych-na-kielecczyznie\/","title":{"rendered":"Dokumenty austriackie z 1915 r. dotycz\u0105ce wyst\u0119powania z\u0142\u00f3\u017c miedzi w Miedziance i Miedzianej G\u00f3rze"},"content":{"rendered":"<p>Wyst\u0119powanie z\u0142\u00f3\u017c miedzi w Miedziance i Miedzianej G\u00f3rze w Polsce: | <a href=\"https:\/\/www.miedziana.pl\/pliki\/opis_rkps.pdf\" target=\"_blank\" rel=\"noopener\">r\u0119kopis<\/a>| <a href=\"https:\/\/www.miedziana.pl\/pliki\/opis_mps.pdf\" target=\"_blank\" rel=\"noopener\">maszynopis<\/a>|<\/p>\n<p><a href=\"https:\/\/www.miedziana.pl\/wp-content\/uploads\/2016\/01\/mapa1.jpg\"><img loading=\"lazy\" decoding=\"async\" class=\"size-medium wp-image-768 alignnone\" src=\"https:\/\/www.miedziana.pl\/wp-content\/uploads\/2016\/01\/mapa1-300x203.jpg\" alt=\"mapa1\" width=\"300\" height=\"203\" srcset=\"https:\/\/www.miedziana.pl\/wp-content\/uploads\/2016\/01\/mapa1-300x203.jpg 300w, https:\/\/www.miedziana.pl\/wp-content\/uploads\/2016\/01\/mapa1-1024x692.jpg 1024w\" sizes=\"auto, (max-width: 300px) 100vw, 300px\" \/><\/a><\/p>\n<p><a href=\"https:\/\/www.miedziana.pl\/wp-content\/uploads\/2016\/01\/mapa2.jpg\"><img loading=\"lazy\" decoding=\"async\" class=\"size-medium wp-image-769 alignnone\" src=\"https:\/\/www.miedziana.pl\/wp-content\/uploads\/2016\/01\/mapa2-242x300.jpg\" alt=\"mapa2\" width=\"242\" height=\"300\" srcset=\"https:\/\/www.miedziana.pl\/wp-content\/uploads\/2016\/01\/mapa2-242x300.jpg 242w, https:\/\/www.miedziana.pl\/wp-content\/uploads\/2016\/01\/mapa2-825x1024.jpg 825w, https:\/\/www.miedziana.pl\/wp-content\/uploads\/2016\/01\/mapa2.jpg 1612w\" sizes=\"auto, (max-width: 242px) 100vw, 242px\" \/><\/a><\/p>\n<p><a href=\"https:\/\/www.miedziana.pl\/wp-content\/uploads\/2016\/01\/mapa3.jpg\"><img loading=\"lazy\" decoding=\"async\" class=\"alignleft size-medium wp-image-770\" src=\"https:\/\/www.miedziana.pl\/wp-content\/uploads\/2016\/01\/mapa3-300x210.jpg\" alt=\"mapa3\" width=\"300\" height=\"210\" srcset=\"https:\/\/www.miedziana.pl\/wp-content\/uploads\/2016\/01\/mapa3-300x210.jpg 300w, https:\/\/www.miedziana.pl\/wp-content\/uploads\/2016\/01\/mapa3-1024x718.jpg 1024w, https:\/\/www.miedziana.pl\/wp-content\/uploads\/2016\/01\/mapa3.jpg 1900w\" sizes=\"auto, (max-width: 300px) 100vw, 300px\" \/><\/a><\/p>\n<p>&nbsp;<\/p>\n<p>&nbsp;<\/p>\n<p>&nbsp;<\/p>\n<p>&nbsp;<\/p>\n<p>&nbsp;<\/p>\n<p>&nbsp;<\/p>\n","protected":false},"excerpt":{"rendered":"<p>Wyst\u0119powanie z\u0142\u00f3\u017c miedzi w Miedziance i Miedzianej G\u00f3rze w Polsce: | r\u0119kopis| maszynopis| &nbsp; &nbsp; &nbsp; &nbsp; &nbsp; &nbsp;<\/p>\n","protected":false},"author":1,"featured_media":0,"parent":0,"menu_order":0,"comment_status":"closed","ping_status":"closed","template":"","meta":{"footnotes":""},"class_list":["post-765","page","type-page","status-publish","hentry"],"_links":{"self":[{"href":"https:\/\/www.miedziana.pl\/index.php\/wp-json\/wp\/v2\/pages\/765","targetHints":{"allow":["GET"]}}],"collection":[{"href":"https:\/\/www.miedziana.pl\/index.php\/wp-json\/wp\/v2\/pages"}],"about":[{"href":"https:\/\/www.miedziana.pl\/index.php\/wp-json\/wp\/v2\/types\/page"}],"author":[{"embeddable":true,"href":"https:\/\/www.miedziana.pl\/index.php\/wp-json\/wp\/v2\/users\/1"}],"replies":[{"embeddable":true,"href":"https:\/\/www.miedziana.pl\/index.php\/wp-json\/wp\/v2\/comments?post=765"}],"version-history":[{"count":7,"href":"https:\/\/www.miedziana.pl\/index.php\/wp-json\/wp\/v2\/pages\/765\/revisions"}],"predecessor-version":[{"id":1166,"href":"https:\/\/www.miedziana.pl\/index.php\/wp-json\/wp\/v2\/pages\/765\/revisions\/1166"}],"wp:attachment":[{"href":"https:\/\/www.miedziana.pl\/index.php\/wp-json\/wp\/v2\/media?parent=765"}],"curies":[{"name":"wp","href":"https:\/\/api.w.org\/{rel}","templated":true}]}}