{"id":81,"date":"2015-08-06T21:32:14","date_gmt":"2015-08-06T19:32:14","guid":{"rendered":"http:\/\/www.miedziana.pl\/?page_id=81"},"modified":"2015-08-06T21:33:21","modified_gmt":"2015-08-06T19:33:21","slug":"81-2","status":"publish","type":"page","link":"https:\/\/www.miedziana.pl\/index.php\/81-2\/","title":{"rendered":"Legenda o ukryciu z\u0142o\u017ca"},"content":{"rendered":"<p><strong>Legenda o ukryciu z\u0142o\u017ca przez g\u00f3rnik\u00f3w miedzianog\u00f3rskich<\/strong><\/p>\n<p>Za austriak\u00f3w, (kt\u00f3rzy jak wiadomo zajmowali t\u0119 cz\u0119\u015b\u0107 kraju od r. 1795) g\u00f3rnicy z Miedzianej g\u00f3ry zg\u0142\u0119bili ochotniczy szyb ku g\u00f3rze kaplicznej \u2013 i zaraz ponad wielk\u0105 wod\u0105 natrafili na wielk\u0105 bry\u0142\u0119 rudy. Z obawy \u017ceby austryjacy nie zabrali tego skarbu, gdyby zacz\u0119to m\u00f3wi\u0107 o bogactwie w Szybiskach<a href=\"#_edn1\" name=\"_ednref1\">[1]<\/a>, g\u00f3rnicy \u015bci\u0119li du\u017c\u0105 sosn\u0119 rosn\u0105c\u0105 na Szybiskach i wrzuciwszy j\u0105 do szybu na znak, zawalili ten szyb ga\u0142\u0119ziami, kamieniami i ziemi\u0105. Od tego czasu roboty w szybiskach ju\u017c si\u0119 nie wznawia\u0142y, miejscowo\u015b\u0107<a href=\"#_edn2\" name=\"_ednref2\">[2]<\/a> z powodu \u015bmierci g\u00f3rnik\u00f3w zosta\u0142a tajemnic\u0105 \u2013 i trudno j\u0105 by\u0142o odszuka\u0107 dlatego, \u017ce doko\u0142a szybisk zroby by\u0142y karczowane i r\u00f3wnane pod zasiew zbo\u017ca.<\/p>\n<p>(Kondaki K. 1884 \u2013 O kopalniach rud, o\u0142owiu i miedzi w okolicy Kielc i Ch\u0119cin. Gazeta Kielecka nr. 15, 59, 60, 61, 62; r\u00f3wnie\u017c: W\u00f3jcik Z. 2002 \u2013 Problematyka geologiczna i g\u00f3rnicza w \u201eGazecie Kieleckiej\u201d w latach 1871-1900. Wyb\u00f3r artyku\u0142\u00f3w. \u015awi\u0119tokrz. Stow. Dziedzictwa Przemys\u0142owego w Kielcach, Kielce.)<\/p>\n<p><a href=\"#_ednref1\" name=\"_edn1\">[1]<\/a> Szybiska to nazwa cz\u0119\u015bci grunt\u00f3w wsi Kostom\u0142oty, w kt\u00f3rej znajduj\u0105 si\u0119 pozosta\u0142o\u015bci sztolni maj\u0105cej odwadnia\u0107 kopalnie miedzianog\u00f3rskie (patrz tekst g\u0142\u00f3wny).<br \/>\n<a href=\"#_ednref2\" name=\"_edn2\">[2]<\/a> <em>Miejscowo\u015b\u0107 \u2013 tu: miejsce.<\/em><\/p>\n","protected":false},"excerpt":{"rendered":"<p>Legenda o ukryciu z\u0142o\u017ca przez g\u00f3rnik\u00f3w miedzianog\u00f3rskich Za austriak\u00f3w, (kt\u00f3rzy jak wiadomo zajmowali t\u0119 cz\u0119\u015b\u0107 kraju od r. 1795) g\u00f3rnicy z Miedzianej g\u00f3ry zg\u0142\u0119bili ochotniczy szyb ku g\u00f3rze kaplicznej \u2013 i zaraz ponad wielk\u0105 wod\u0105 natrafili na wielk\u0105 bry\u0142\u0119 rudy. Z obawy \u017ceby austryjacy nie zabrali tego skarbu, gdyby zacz\u0119to m\u00f3wi\u0107 o bogactwie w Szybiskach[1], [&hellip;]<\/p>\n","protected":false},"author":1,"featured_media":0,"parent":0,"menu_order":0,"comment_status":"closed","ping_status":"closed","template":"","meta":{"footnotes":""},"class_list":["post-81","page","type-page","status-publish","hentry"],"_links":{"self":[{"href":"https:\/\/www.miedziana.pl\/index.php\/wp-json\/wp\/v2\/pages\/81","targetHints":{"allow":["GET"]}}],"collection":[{"href":"https:\/\/www.miedziana.pl\/index.php\/wp-json\/wp\/v2\/pages"}],"about":[{"href":"https:\/\/www.miedziana.pl\/index.php\/wp-json\/wp\/v2\/types\/page"}],"author":[{"embeddable":true,"href":"https:\/\/www.miedziana.pl\/index.php\/wp-json\/wp\/v2\/users\/1"}],"replies":[{"embeddable":true,"href":"https:\/\/www.miedziana.pl\/index.php\/wp-json\/wp\/v2\/comments?post=81"}],"version-history":[{"count":2,"href":"https:\/\/www.miedziana.pl\/index.php\/wp-json\/wp\/v2\/pages\/81\/revisions"}],"predecessor-version":[{"id":84,"href":"https:\/\/www.miedziana.pl\/index.php\/wp-json\/wp\/v2\/pages\/81\/revisions\/84"}],"wp:attachment":[{"href":"https:\/\/www.miedziana.pl\/index.php\/wp-json\/wp\/v2\/media?parent=81"}],"curies":[{"name":"wp","href":"https:\/\/api.w.org\/{rel}","templated":true}]}}